{"id":150,"date":"2023-04-11T18:01:19","date_gmt":"2023-04-11T15:01:19","guid":{"rendered":"https:\/\/ambhelsinki.esteri.it\/chi-siamo\/gli-uffici\/"},"modified":"2025-12-19T14:51:56","modified_gmt":"2025-12-19T12:51:56","slug":"gli-uffici","status":"publish","type":"page","link":"https:\/\/ambhelsinki.esteri.it\/fi\/chi-siamo\/gli-uffici\/","title":{"rendered":"Toimistot"},"content":{"rendered":"<p class=\"boxLevel03\"><strong>Italian suurl\u00e4hetyst\u00f6<\/strong><br \/>\nIt\u00e4inen Puistotie 4 A<br \/>\n00140 Helsinki<br \/>\nPuh: +358 (0)9 6811280<br \/>\nS\u00e4hk\u00f6postiosoite: ambasciata.helsinki(at)esteri.it<\/p>\n<p>&nbsp;<\/p>\n<p class=\"boxLevel03\"><strong>Suurl\u00e4hettil\u00e4\u00e4n toimisto<\/strong><br \/>\nPuh: +358 (0)9 681128 38<\/p>\n<p>Dr. Joonas Pallaoro<br \/>\nS\u00e4hk\u00f6postiosoite: segreteria.helsinki(at)esteri.it<br \/>\nSuurl\u00e4hettil\u00e4\u00e4n sihteeri<\/p>\n<p>&nbsp;<\/p>\n<p><strong>Edustuston p\u00e4\u00e4llik\u00f6n sijainen<br \/>\n<\/strong>Adriano Stendardo<br \/>\nS\u00e4hk\u00f6postiosoite: consigliere.helsinki(at)esteri.it<\/p>\n<p>&nbsp;<\/p>\n<p><strong>Kaupallinen toimisto<\/strong><br \/>\nICE &#8211; Italian Trade &amp; Investment Agency &#8211;\u00a0Tukholma<\/p>\n<p>Tel: 0046\/8248960<br \/>\nFax: 0046\/4114947<br \/>\nS\u00e4hk\u00f6postiosoite: stoccolma(at)ice.it<\/p>\n<p>Puh: +358 (0)9 6811280<br \/>\nS\u00e4hk\u00f6postiosoite: ambasciata.helsinki(at)esteri.it<\/p>\n<p>&nbsp;<\/p>\n<p><strong>Konsulaattiosasto<br \/>\n<\/strong>It\u00e4inen Puistotie 4 C<br \/>\n00140 Helsinki<\/p>\n<p>S\u00e4hk\u00f6postiosoite: consolato.helsinki(at)esteri.it<\/p>\n<p>Eriika Ronkainen<br \/>\nKonsulipalveluvirkailija<\/p>\n<p>Anna Tartaro<br \/>\nKonsulipalveluvirkailija<\/p>\n<p>Sonia Linguanti<br \/>\nKonsulipalveluvirkailija<\/p>\n<p>Silvia Rossi<\/p>\n<p>Konsulipalveluvirkailija<\/p>\n<p>&nbsp;<\/p>\n<p><strong>Lehdist\u00f6osasto<\/strong><br \/>\nPuh: +358 (0)9 681128 35<br \/>\nS\u00e4hk\u00f6postiosoite: stampa.helsinki(at)esteri.it<br \/>\nGianni Coati, lehdist\u00f6osaston virkamies<\/p>\n<p>&nbsp;<\/p>\n<p><strong>Hallinnollinen toimisto<\/strong><\/p>\n<p>Stefano Fontana, hallinnollinen virkamies<\/p>\n<p>Gaetano Indovina, hallinnollinen virkamies<\/p>\n<p>Caterina Cardelli, hallinnollinen virkamies<\/p>\n<p>&nbsp;<\/p>\n<p><strong>Sotilasasiain toimisto<\/strong><\/p>\n<p>Djurg\u00e5rds\u00e4gen 174, 11521 Stockholm<br \/>\nPuh: +46 8 661 1204<br \/>\nFax. +46 8 667 1932<br \/>\nSotilasattasea: Eversti Alessandro Luccetti<\/p>\n<p>S\u00e4hk\u00f6postiosoite: difeitalia.stoccolma(at)smd.difesa.it<\/p>\n<p>&nbsp;<\/p>\n<p><strong>IIC &#8211; Italian Kulttuuri-instituutti<\/strong><br \/>\nVuorimiehenkatu 11 B, 00140 Helsinki<br \/>\nPuh: +358 (0)9 6811 330<br \/>\nS\u00e4hk\u00f6postiosoite: iichelsinki(at)esteri.it<br \/>\nwww.iichelsinki.esteri.it<\/p>\n<p><strong>ENIT &#8211; ITALIAN MATKAILUTOIMISTO<\/strong><\/p>\n<p>G\u00e4rdesgatan 14<br \/>\n115 27 Stockholm<br \/>\ntel +46 (0)8 545 68 330<br \/>\nS\u00e4hk\u00f6postiosoite: stockholm(at)enit.it<\/p>\n<p><strong>ICE &#8211; Italian ulkomaankauppatoimisto<\/strong><\/p>\n<p>ICE &#8211; Istituto Italiano per il Commercio Estero<br \/>\nItalian Trade Agency<br \/>\nICE-Italienska Statens<br \/>\nUtrikeshandelsbyr\u00e5<br \/>\nKorta gatan,7 8tr<br \/>\n171 54 SOLNA<br \/>\nTel +46 8 248960 Fax +46 8-411 4947<br \/>\nS\u00e4hk\u00f6postiosoite: stoccolma@ice.it<\/p>\n","protected":false},"excerpt":{"rendered":"Italian suurl\u00e4hetyst\u00f6 It\u00e4inen Puistotie 4 A 00140 Helsinki Puh: +358 (0)9 6811280 S\u00e4hk\u00f6postiosoite: ambasciata.helsinki(at)esteri.it &nbsp; Suurl\u00e4hettil\u00e4\u00e4n toimisto Puh: +358 (0)9 681128 38 Dr. Joonas Pallaoro S\u00e4hk\u00f6postiosoite: segreteria.helsinki(at)esteri.it Suurl\u00e4hettil\u00e4\u00e4n sihteeri &nbsp; Edustuston p\u00e4\u00e4llik\u00f6n sijainen Adriano Stendardo S\u00e4hk\u00f6postiosoite: consigliere.helsinki(at)esteri.it &nbsp; Kaupallinen toimisto ICE &#8211; Italian Trade &amp; Investment Agency &#8211;\u00a0Tukholma Tel: 0046\/8248960 Fax: 0046\/4114947 S\u00e4hk\u00f6postiosoite: stoccolma(at)ice.it Puh: [&hellip;]","protected":false},"author":1,"featured_media":0,"parent":140,"menu_order":4,"comment_status":"closed","ping_status":"closed","template":"","meta":{"footnotes":""},"class_list":["post-150","page","type-page","status-publish","hentry"],"_links":{"self":[{"href":"https:\/\/ambhelsinki.esteri.it\/fi\/wp-json\/wp\/v2\/pages\/150","targetHints":{"allow":["GET"]}}],"collection":[{"href":"https:\/\/ambhelsinki.esteri.it\/fi\/wp-json\/wp\/v2\/pages"}],"about":[{"href":"https:\/\/ambhelsinki.esteri.it\/fi\/wp-json\/wp\/v2\/types\/page"}],"author":[{"embeddable":true,"href":"https:\/\/ambhelsinki.esteri.it\/fi\/wp-json\/wp\/v2\/users\/1"}],"replies":[{"embeddable":true,"href":"https:\/\/ambhelsinki.esteri.it\/fi\/wp-json\/wp\/v2\/comments?post=150"}],"version-history":[{"count":8,"href":"https:\/\/ambhelsinki.esteri.it\/fi\/wp-json\/wp\/v2\/pages\/150\/revisions"}],"predecessor-version":[{"id":3901,"href":"https:\/\/ambhelsinki.esteri.it\/fi\/wp-json\/wp\/v2\/pages\/150\/revisions\/3901"}],"up":[{"embeddable":true,"href":"https:\/\/ambhelsinki.esteri.it\/fi\/wp-json\/wp\/v2\/pages\/140"}],"wp:attachment":[{"href":"https:\/\/ambhelsinki.esteri.it\/fi\/wp-json\/wp\/v2\/media?parent=150"}],"curies":[{"name":"wp","href":"https:\/\/api.w.org\/{rel}","templated":true}]}}