{"id":152,"date":"2023-04-11T18:08:31","date_gmt":"2023-04-11T15:08:31","guid":{"rendered":"https:\/\/ambhelsinki.esteri.it\/chi-siamo\/la-rete-consolare\/"},"modified":"2025-11-14T10:56:06","modified_gmt":"2025-11-14T08:56:06","slug":"la-rete-consolare","status":"publish","type":"page","link":"https:\/\/ambhelsinki.esteri.it\/fi\/chi-siamo\/la-rete-consolare\/","title":{"rendered":"Konsuliverkosto"},"content":{"rendered":"<div class=\"row\">\n<div class=\"col-md-17 col-sm-12 col-xs-24 share\">\n<div class=\"moduletable\">\n<div><\/div>\n<\/div>\n<\/div>\n<\/div>\n<div class=\"sr-only\"><strong>ITALIAN KONSULIVERKOSTO SUOMESSA<\/strong><\/div>\n<div>\n<p><strong>Tampere<\/strong>\u00a0&#8211; Kunniakonsuli<br \/>\nRoberto Castagno<br \/>\nOsoite: Lentokent\u00e4nkatu 36 &#8211; 33900 Tampere<br \/>\nPuh: +358 (0)40 7490591 &#8211; Puhelimitse vain h\u00e4t\u00e4tapaukset. Tiedot ja ajanvaraukset s\u00e4hk\u00f6postitse.<br \/>\nE-mail:\u00a0tampere.onorario@esteri.it<\/p>\n<p>&nbsp;<\/p>\n<p><strong>Turku &#8211;\u00a0<\/strong>Kunniakonsuli<\/p>\n<p>Francesco Sturiale<\/p>\n<p>Osoite: L\u00e4ntinen rantakatu 27<br \/>\n20100 Turku<br \/>\nPuh: +358 (0) 40 8429643<br \/>\nE-mail:\u00a0<a href=\"mailto:turku.onorario@esteri.it\">turku.onorario@esteri.it<\/a><\/p>\n<p>&nbsp;<\/p>\n<p><strong>Oulu<\/strong>\u00a0&#8211; Kunniavarakonsuli<\/p>\n<p>Venanzia Rizzi<\/p>\n<p>Osoite: Kirkkokatu 8 A 7,\u00a090100 Oulu<br \/>\nPuh.: 00358 (0)44 5047494<br \/>\noulu.onorario@esteri.it<\/p>\n<p>&nbsp;<\/p>\n<p><strong>Joensuu<\/strong>\u00a0&#8211; Kunniavarakonsuli<br \/>\nLoreno Dalla Valle<br \/>\nOsoite Etel\u00e4kaari 6, 80910 Kulho<br \/>\npuh. 00 358 (0) 1322 07 676<br \/>\nGSM. 00 358 (0) 500 29 78 11<br \/>\nfax 00 358 (0) 128 91 326<br \/>\nemail:\u00a0<a href=\"mailto:dalla.valle@kolumbus.fi\">dalla.valle@kolumbus.fi<\/a><\/p>\n<p>&nbsp;<\/p>\n<p><strong>Vaasa\u00a0<\/strong>&#8211; Kunniavarakonsuli<br \/>\nGiovanna Marroni-Teir<\/p>\n<p>C\/o Fasoli, BYMOSSASTIGEN 3 b 4, 65410 Vaasa (Sundom)<\/p>\n<p>puh.: +358 (0)50 3511268<br \/>\ne-mail:\u00a0<a href=\"mailto:vaasa.onorario@esteri.it\">vaasa.onorario@esteri.it<\/a><\/p>\n<p>&nbsp;<\/p>\n<p><strong>Rovaniemi\u00a0<\/strong>Kunniavarakonsuli<br \/>\nNuccio Mazzullo<br \/>\nPuh. +358404844295<br \/>\nE-mail:\u00a0<a href=\"mailto:nuccio.mazzullo@ulapland.fi\">rovaniemi.onorario@esteri.it<\/a><\/p>\n<\/div>\n<p>&nbsp;<\/p>\n<p><strong>Kuopio<\/strong><br \/>\nAvoinna. Suurl\u00e4hetyst\u00f6 hoitaa Kuopion kunniakonsulaatin teht\u00e4v\u00e4t<\/p>\n<p><strong>Jyv\u00e4skyl\u00e4<\/strong>\u00a0&#8211; Kunniavarakonsuli<br \/>\nAvoinna. Suurl\u00e4hetyst\u00f6 hoitaa Juv\u00e4skyl\u00e4n kunniakonsulaatin teht\u00e4v\u00e4t<\/p>\n<p>&nbsp;<\/p>\n","protected":false},"excerpt":{"rendered":"ITALIAN KONSULIVERKOSTO SUOMESSA Tampere\u00a0&#8211; Kunniakonsuli Roberto Castagno Osoite: Lentokent\u00e4nkatu 36 &#8211; 33900 Tampere Puh: +358 (0)40 7490591 &#8211; Puhelimitse vain h\u00e4t\u00e4tapaukset. Tiedot ja ajanvaraukset s\u00e4hk\u00f6postitse. E-mail:\u00a0tampere.onorario@esteri.it &nbsp; Turku &#8211;\u00a0Kunniakonsuli Francesco Sturiale Osoite: L\u00e4ntinen rantakatu 27 20100 Turku Puh: +358 (0) 40 8429643 E-mail:\u00a0turku.onorario@esteri.it &nbsp; Oulu\u00a0&#8211; Kunniavarakonsuli Venanzia Rizzi Osoite: Kirkkokatu 8 A 7,\u00a090100 Oulu Puh.: [&hellip;]","protected":false},"author":1,"featured_media":0,"parent":140,"menu_order":8,"comment_status":"closed","ping_status":"closed","template":"","meta":{"footnotes":""},"class_list":["post-152","page","type-page","status-publish","hentry"],"_links":{"self":[{"href":"https:\/\/ambhelsinki.esteri.it\/fi\/wp-json\/wp\/v2\/pages\/152","targetHints":{"allow":["GET"]}}],"collection":[{"href":"https:\/\/ambhelsinki.esteri.it\/fi\/wp-json\/wp\/v2\/pages"}],"about":[{"href":"https:\/\/ambhelsinki.esteri.it\/fi\/wp-json\/wp\/v2\/types\/page"}],"author":[{"embeddable":true,"href":"https:\/\/ambhelsinki.esteri.it\/fi\/wp-json\/wp\/v2\/users\/1"}],"replies":[{"embeddable":true,"href":"https:\/\/ambhelsinki.esteri.it\/fi\/wp-json\/wp\/v2\/comments?post=152"}],"version-history":[{"count":6,"href":"https:\/\/ambhelsinki.esteri.it\/fi\/wp-json\/wp\/v2\/pages\/152\/revisions"}],"predecessor-version":[{"id":3784,"href":"https:\/\/ambhelsinki.esteri.it\/fi\/wp-json\/wp\/v2\/pages\/152\/revisions\/3784"}],"up":[{"embeddable":true,"href":"https:\/\/ambhelsinki.esteri.it\/fi\/wp-json\/wp\/v2\/pages\/140"}],"wp:attachment":[{"href":"https:\/\/ambhelsinki.esteri.it\/fi\/wp-json\/wp\/v2\/media?parent=152"}],"curies":[{"name":"wp","href":"https:\/\/api.w.org\/{rel}","templated":true}]}}