{"id":173,"date":"2023-04-11T18:19:45","date_gmt":"2023-04-11T15:19:45","guid":{"rendered":"https:\/\/ambhelsinki.esteri.it\/servizi-consolari-e-visti\/servizi-per-il-cittadino-italiano\/traduzione-e-legalizzazione-dei-documenti\/"},"modified":"2023-08-04T10:35:37","modified_gmt":"2023-08-04T07:35:37","slug":"traduzione-e-legalizzazione-dei-documenti","status":"publish","type":"page","link":"https:\/\/ambhelsinki.esteri.it\/fi\/servizi-consolari-e-visti\/servizi-per-il-cittadino-italiano\/traduzione-e-legalizzazione-dei-documenti\/","title":{"rendered":"Asiakirjojen k\u00e4\u00e4nn\u00f6s ja laillistaminen"},"content":{"rendered":"","protected":false},"excerpt":{"rendered":"","protected":false},"author":1,"featured_media":0,"parent":167,"menu_order":14,"comment_status":"closed","ping_status":"closed","template":"","meta":{"footnotes":""},"class_list":["post-173","page","type-page","status-publish","hentry"],"_links":{"self":[{"href":"https:\/\/ambhelsinki.esteri.it\/fi\/wp-json\/wp\/v2\/pages\/173","targetHints":{"allow":["GET"]}}],"collection":[{"href":"https:\/\/ambhelsinki.esteri.it\/fi\/wp-json\/wp\/v2\/pages"}],"about":[{"href":"https:\/\/ambhelsinki.esteri.it\/fi\/wp-json\/wp\/v2\/types\/page"}],"author":[{"embeddable":true,"href":"https:\/\/ambhelsinki.esteri.it\/fi\/wp-json\/wp\/v2\/users\/1"}],"replies":[{"embeddable":true,"href":"https:\/\/ambhelsinki.esteri.it\/fi\/wp-json\/wp\/v2\/comments?post=173"}],"version-history":[{"count":2,"href":"https:\/\/ambhelsinki.esteri.it\/fi\/wp-json\/wp\/v2\/pages\/173\/revisions"}],"predecessor-version":[{"id":2464,"href":"https:\/\/ambhelsinki.esteri.it\/fi\/wp-json\/wp\/v2\/pages\/173\/revisions\/2464"}],"up":[{"embeddable":true,"href":"https:\/\/ambhelsinki.esteri.it\/fi\/wp-json\/wp\/v2\/pages\/167"}],"wp:attachment":[{"href":"https:\/\/ambhelsinki.esteri.it\/fi\/wp-json\/wp\/v2\/media?parent=173"}],"curies":[{"name":"wp","href":"https:\/\/api.w.org\/{rel}","templated":true}]}}