{"id":180,"date":"2023-04-11T18:22:39","date_gmt":"2023-04-11T15:22:39","guid":{"rendered":"https:\/\/ambhelsinki.esteri.it\/traduzione-e-legalizzazione-dei-documenti\/"},"modified":"2024-10-15T13:50:24","modified_gmt":"2024-10-15T10:50:24","slug":"traduzione-e-legalizzazione-dei-documenti","status":"publish","type":"page","link":"https:\/\/ambhelsinki.esteri.it\/fi\/servizi-consolari-e-visti\/servizi-per-il-cittadino-straniero\/traduzione-e-legalizzazione-dei-documenti\/","title":{"rendered":"Asiakirjojen k\u00e4\u00e4nn\u00f6s ja laillistaminen"},"content":{"rendered":"","protected":false},"excerpt":{"rendered":"","protected":false},"author":1,"featured_media":0,"parent":184,"menu_order":5,"comment_status":"closed","ping_status":"closed","template":"","meta":{"footnotes":""},"class_list":["post-180","page","type-page","status-publish","hentry"],"_links":{"self":[{"href":"https:\/\/ambhelsinki.esteri.it\/fi\/wp-json\/wp\/v2\/pages\/180","targetHints":{"allow":["GET"]}}],"collection":[{"href":"https:\/\/ambhelsinki.esteri.it\/fi\/wp-json\/wp\/v2\/pages"}],"about":[{"href":"https:\/\/ambhelsinki.esteri.it\/fi\/wp-json\/wp\/v2\/types\/page"}],"author":[{"embeddable":true,"href":"https:\/\/ambhelsinki.esteri.it\/fi\/wp-json\/wp\/v2\/users\/1"}],"replies":[{"embeddable":true,"href":"https:\/\/ambhelsinki.esteri.it\/fi\/wp-json\/wp\/v2\/comments?post=180"}],"version-history":[{"count":6,"href":"https:\/\/ambhelsinki.esteri.it\/fi\/wp-json\/wp\/v2\/pages\/180\/revisions"}],"predecessor-version":[{"id":2468,"href":"https:\/\/ambhelsinki.esteri.it\/fi\/wp-json\/wp\/v2\/pages\/180\/revisions\/2468"}],"up":[{"embeddable":true,"href":"https:\/\/ambhelsinki.esteri.it\/fi\/wp-json\/wp\/v2\/pages\/184"}],"wp:attachment":[{"href":"https:\/\/ambhelsinki.esteri.it\/fi\/wp-json\/wp\/v2\/media?parent=180"}],"curies":[{"name":"wp","href":"https:\/\/api.w.org\/{rel}","templated":true}]}}