{"id":186,"date":"2023-04-11T17:48:10","date_gmt":"2023-04-11T14:48:10","guid":{"rendered":"https:\/\/ambhelsinki.esteri.it\/amministrazione-trasparente\/"},"modified":"2023-08-04T10:45:04","modified_gmt":"2023-08-04T07:45:04","slug":"amministrazione-trasparente","status":"publish","type":"page","link":"https:\/\/ambhelsinki.esteri.it\/fi\/amministrazione-trasparente\/","title":{"rendered":"L\u00e4pin\u00e4kyv\u00e4 hallinto"},"content":{"rendered":"<ul>\n<li>Gli uffici diplomatico-consolari all&#8217;estero costituiscono articolazioni periferiche del Ministero degli Affari Esteri e della Cooperazione Internazionale, che assicura la trasparenza dei propri dati attraverso la sezione &#8220;amministrazione trasparente&#8221; del sito\u00a0<a title=\"Ministero degli Affari Esteri e della Cooperazione Internazionale\" href=\"https:\/\/www.esteri.it\/it\">www.esteri.it<\/a>. Le sezioni della presente pagina rinviano in massima parte alle corrispondenti sezioni del sito dell&#8217;amministrazione centrale.<strong>Per approfondimenti visita il sito dell&#8217;Autorit\u00e0 Nazionale Anticorruzione<\/strong>\u00a0(<a title=\"Autorita' Nazionale Anticorruzione\" href=\"http:\/\/www.anticorruzione.it\/portal\/public\/classic\/\">ANAC)<\/a>\n<ul>\n<li><a title=\"Disposizioni Generali\" href=\"https:\/\/www.esteri.it\/it\/trasparenza_comunicazioni_legali\/disposizioni_generali\">Disposizioni generali<\/a><\/li>\n<li><a title=\"Organizzazione\" href=\"https:\/\/www.esteri.it\/it\/trasparenza_comunicazioni_legali\/organizzazione\">Organizzazione<\/a>\n<ul>\n<li><a href=\"https:\/\/ambhelsinki.esteri.it\/it\/chi-siamo\/gli-uffici\/\">Articolazione degli uffici<\/a><em>\u00a0(D.Lgs. 33\/2013 art. 13, c. 1, lett. b, c)<\/em><\/li>\n<li><a href=\"https:\/\/ambhelsinki.esteri.it\/it\/chi-siamo\/contatti\/\">Telefono e posta elettronica<\/a><em>\u00a0(D.Lgs. 33\/2013 art. 13, c. 1, lett. d)<\/em><\/li>\n<\/ul>\n<\/li>\n<li>Consulenti e collaboratori\u00a0<em>(D.Lgs. 33\/2013 art. 15, c. 1, 2)<\/em>\n<ul>\n<li>L&#8217;Ambasciata non si avvale di consulenti o collaboratori<\/li>\n<\/ul>\n<\/li>\n<li><a title=\"Personale\" href=\"https:\/\/www.esteri.it\/it\/trasparenza_comunicazioni_legali\/personale\">Personale<\/a><\/li>\n<li>Bandi di concorso\u00a0<em>(D.Lgs. 33\/2013 art. 19)<\/em><\/li>\n<li>\n<ul>\n<li><a href=\"https:\/\/ambhelsinki.esteri.it\/ambasciata_helsinki\/it\/ambasciata\/news\/dall_ambasciata\/2022\/10\/concorso-per-l-assunzione-di-n_2.html\">Avviso di assunzione di un impiegato\/a contratto IIC<\/a>\u00a0&#8211;\u00a0<a href=\"https:\/\/ambhelsinki.esteri.it\/ambasciata_helsinki\/resource\/doc\/2022\/12\/graduatoria_concorso_iic.pdf\">Graduatoria degli idonei<\/a>\u00a0&#8211;\u00a0<a href=\"https:\/\/ambhelsinki.esteri.it\/ambasciata_helsinki\/resource\/doc\/2022\/12\/prove_scritte.pdf\">Tracce prove scritte<\/a>\u00a0&#8211;\u00a0<a href=\"https:\/\/ambhelsinki.esteri.it\/ambasciata_helsinki\/resource\/doc\/2022\/12\/criteri_valutazione.pdf\">Criteri di valutazione<\/a><\/li>\n<li><a href=\"https:\/\/ambhelsinki.esteri.it\/ambasciata_helsinki\/it\/ambasciata\/news\/dall_ambasciata\/2022\/08\/concorso-per-l-assunzione-di-n_1.html\">Avviso di assunzione di un impiegato\/a contratto Ambasciata 2022<\/a>\u00a0&#8211;\u00a0<a href=\"https:\/\/ambhelsinki.esteri.it\/ambasciata_helsinki\/resource\/doc\/2022\/10\/graduatoria_degl_idonei_2022.pdf\">Graduatoria degli idonei<\/a>\u00a0&#8211;\u00a0<a href=\"https:\/\/ambhelsinki.esteri.it\/ambasciata_helsinki\/resource\/doc\/2022\/10\/traccia_selezionata_prova_scritta.pdf\">Traccia prova scritta<\/a>\u00a0&#8211;\u00a0<a href=\"https:\/\/ambhelsinki.esteri.it\/ambasciata_helsinki\/resource\/doc\/2022\/10\/criteri_di_valutazione.pdf\">Criteri di valutazione<\/a><\/li>\n<li><a href=\"https:\/\/ambhelsinki.esteri.it\/ambasciata_helsinki\/resource\/doc\/2021\/04\/bando_iic_helsinki.pdf\">Avviso di assunzione di un&#8217;impegata\/o a contratto temporaneo IIC<\/a>\u00a0&#8211; 19.4.2021<\/li>\n<li><a href=\"https:\/\/ambhelsinki.esteri.it\/ambasciata_helsinki\/resource\/doc\/2020\/10\/avviso_di_assunzione_2.10.2020.pdf\">Avviso di assunzione di un&#8217;impiegata\/o a contratto IIC<\/a>\u00a0&#8211; 2 ottobre 2020<\/li>\n<li><a href=\"https:\/\/ambhelsinki.esteri.it\/ambasciata_helsinki\/it\/ambasciata\/news\/dall_ambasciata\/2020\/02\/concorso-per-l-assunzione-di-n_0.html\">Avviso di assunzione di un impiegato\/a contratto Ambasciata 2020<\/a>\u00a0&#8211;\u00a0<a href=\"https:\/\/ambhelsinki.esteri.it\/ambasciata_helsinki\/resource\/doc\/2020\/06\/graduatoria_idonei.pdf\">Graduatoria degli idonei<\/a>\u00a0&#8211;\u00a0<a href=\"https:\/\/ambhelsinki.esteri.it\/ambasciata_helsinki\/resource\/doc\/2023\/07\/prova_scritta_concorso_2020.pdf\">Traccia prova scritta<\/a>\u00a0&#8211;\u00a0<a href=\"https:\/\/ambhelsinki.esteri.it\/ambasciata_helsinki\/resource\/doc\/2023\/07\/criteri_di_valutazione.pdf\">Criteri di valutazione<\/a><\/li>\n<li><a href=\"https:\/\/ambhelsinki.esteri.it\/ambasciata_helsinki\/resource\/doc\/2019\/04\/avviso_assunzione.pdf\">Avviso di assunzione di un impiegato\/a contratto Ambasciata 2019<\/a>\u00a0&#8211;\u00a0<a href=\"https:\/\/ambhelsinki.esteri.it\/ambasciata_helsinki\/resource\/doc\/2019\/06\/graduatoria_idonei.pdf\">Graduatoria degli idonei<\/a>\u00a0&#8211;\u00a0<a href=\"https:\/\/ambhelsinki.esteri.it\/ambasciata_helsinki\/resource\/doc\/2023\/07\/prova_scritta_concorso_2019.pdf\">Traccia prova scritta<\/a><\/li>\n<li><a href=\"https:\/\/ambhelsinki.esteri.it\/ambasciata_helsinki\/it\/informazioni_e_servizi\/albo_consolare\">Avviso di assunzione di un impiegato\/a contratto IIC 7.2.2018<\/a><\/li>\n<\/ul>\n<\/li>\n<li><a title=\"Performance\" href=\"https:\/\/www.esteri.it\/it\/trasparenza_comunicazioni_legali\/Performance\/\">Performance<\/a><\/li>\n<li><a title=\"Enti controllati\" href=\"https:\/\/www.esteri.it\/it\/trasparenza_comunicazioni_legali\/Enti_controllati\/\">Enti controllati<\/a><\/li>\n<li><a href=\"https:\/\/www.esteri.it\/it\/trasparenza_comunicazioni_legali\/attivita_e_procedimenti\">Attivit\u00e0 e procedimenti<\/a>\n<ul>\n<li><a href=\"https:\/\/www.esteri.it\/it\/trasparenza_comunicazioni_legali\/attivita_e_procedimenti\/tipologie_di_procedimento\/\">Tipologie di procedimento<\/a><em>\u00a0(D.Lgs. 33\/2013 art. 35, c. 1, 2)<\/em><\/li>\n<li><a href=\"https:\/\/ambhelsinki.esteri.it\/wp-content\/uploads\/2023\/08\/tabella_procedimenti_a_istanza_di_parte_rev_16_3_2023.pdf\">Tabella procedimenti a istanza di parte<\/a><\/li>\n<\/ul>\n<\/li>\n<li><a title=\"Provvedimenti\" href=\"https:\/\/www.esteri.it\/it\/trasparenza_comunicazioni_legali\/provvedimenti\">Provvedimenti<\/a><\/li>\n<li><a href=\"https:\/\/www.esteri.it\/it\/trasparenza_comunicazioni_legali\/controlli-sulle-imprese\">Controlli sulle imprese<\/a><\/li>\n<li><a href=\"https:\/\/ambhelsinki.esteri.it\/it\/amministrazione-trasparente\/bandi-di-gara-e-contratti\/\">Bandi di gara e contratti\u00a0<\/a><em>(D.Lgs. 33\/2013 ex art. 37)<\/em>\n<ul>\n<li>Bandi e contratti 2017 (<a href=\"https:\/\/ambhelsinki.esteri.it\/ambasciata_helsinki\/resource\/doc\/2022\/01\/2017_contratti_da_pubblicare.pdf\">pdf<\/a>)<\/li>\n<li>Bandi e contratti 2018 (<a href=\"https:\/\/ambhelsinki.esteri.it\/ambasciata_helsinki\/resource\/doc\/2022\/01\/bandiecontratti_2018.pdf\">pdf<\/a>)<\/li>\n<li>Bandi e contratti 2019 (<a href=\"https:\/\/ambhelsinki.esteri.it\/ambasciata_helsinki\/resource\/doc\/2022\/01\/2019_contratti_da_pubblicare-1-10_compressed.pdf\">pdf1<\/a>,\u00a0<a href=\"https:\/\/ambhelsinki.esteri.it\/ambasciata_helsinki\/resource\/doc\/2022\/01\/2019_contratti_da_pubblicare-11-20_compressed_compressed.pdf\">pdf2<\/a>,\u00a0<a href=\"https:\/\/ambhelsinki.esteri.it\/ambasciata_helsinki\/resource\/doc\/2022\/01\/2019_contratti_da_pubblicare-21-30_compressed.pdf\">pdf3<\/a>,\u00a0<a href=\"https:\/\/ambhelsinki.esteri.it\/ambasciata_helsinki\/resource\/doc\/2022\/01\/2019_contratti_da_pubblicare-31-48_compressed.pdf\">pdf4<\/a>)<\/li>\n<li><a href=\"https:\/\/www.esteri.it\/mae\/it\/trasparenza_comunicazioni_legali\/bandi-gara-contratti\/informazioni-sulle-singole-procedure\">Informazioni sulle singole procedure in formato tabellare<\/a>\u00a0(a partire dal 2020)<\/li>\n<\/ul>\n<\/li>\n<li><a href=\"https:\/\/ambhelsinki.esteri.it\/it\/amministrazione-trasparente\/sovvenzioni-contributi-sussidi-vantaggi-economici\/\">Sovvenzioni, contributi, sussidi, vantaggi economici<\/a><em>\u00a0(D.Lgs. 33\/2013 ex art. 26 e 27)<\/em><\/li>\n<li><a title=\"Bilanci\" href=\"https:\/\/www.esteri.it\/it\/trasparenza_comunicazioni_legali\/bilanci\">Bilanci<\/a><\/li>\n<li><a href=\"https:\/\/www.esteri.it\/it\/trasparenza_comunicazioni_legali\/bilancio-trasparente\">Bilancio trasparente<\/a><\/li>\n<li><a title=\"Beni immobili e gestione patrimonio\" href=\"https:\/\/www.esteri.it\/it\/trasparenza_comunicazioni_legali\/beni_immobili_gestione_patrimonio\">Beni immobili e gestione patrimonio<\/a><\/li>\n<li><a title=\"Controlli e rilievi sull&amp;#39amministrazione\" href=\"https:\/\/www.esteri.it\/it\/trasparenza_comunicazioni_legali\/controlli-e-rilievi-sull-amministrazione\">Controlli e rilievi sull&#8217;amministrazione<\/a><\/li>\n<li><a title=\"Servizi erogati\" href=\"https:\/\/www.esteri.it\/it\/trasparenza_comunicazioni_legali\/servizi_erogati\">Servizi erogati<\/a><\/li>\n<li><a title=\"Pagamenti dell&amp;#39amministrazione\" href=\"https:\/\/www.esteri.it\/it\/trasparenza_comunicazioni_legali\/pagamenti%20amministrazione\">Pagamenti dell&#8217;amministrazione<\/a><\/li>\n<li><a href=\"https:\/\/www.esteri.it\/it\/trasparenza_comunicazioni_legali\/opere-pubbliche\">Opere pubbliche<\/a><\/li>\n<li><a href=\"https:\/\/www.esteri.it\/it\/trasparenza_comunicazioni_legali\/pianificazione_governo_territorio\">Pianificazione e governo del territorio<\/a><\/li>\n<li><a href=\"https:\/\/www.esteri.it\/it\/trasparenza_comunicazioni_legali\/informazioni_ambientali\">Informazioni ambientali<\/a><\/li>\n<li><a href=\"https:\/\/www.esteri.it\/it\/trasparenza_comunicazioni_legali\/interventi-straordinari-emergenza\">Interventi straordinari di emergenza<\/a><\/li>\n<li><a title=\"Altri contenuti\" href=\"https:\/\/www.esteri.it\/it\/trasparenza_comunicazioni_legali\/altri-contenuti-canale\">Altri contenuti<\/a><\/li>\n<\/ul>\n<\/li>\n<\/ul>\n","protected":false},"excerpt":{"rendered":"Gli uffici diplomatico-consolari all&#8217;estero costituiscono articolazioni periferiche del Ministero degli Affari Esteri e della Cooperazione Internazionale, che assicura la trasparenza dei propri dati attraverso la sezione &#8220;amministrazione trasparente&#8221; del sito\u00a0www.esteri.it. Le sezioni della presente pagina rinviano in massima parte alle corrispondenti sezioni del sito dell&#8217;amministrazione centrale.Per approfondimenti visita il sito dell&#8217;Autorit\u00e0 Nazionale Anticorruzione\u00a0(ANAC) Disposizioni generali [&hellip;]","protected":false},"author":1,"featured_media":0,"parent":0,"menu_order":10,"comment_status":"closed","ping_status":"closed","template":"","meta":{"footnotes":""},"class_list":["post-186","page","type-page","status-publish","hentry"],"_links":{"self":[{"href":"https:\/\/ambhelsinki.esteri.it\/fi\/wp-json\/wp\/v2\/pages\/186","targetHints":{"allow":["GET"]}}],"collection":[{"href":"https:\/\/ambhelsinki.esteri.it\/fi\/wp-json\/wp\/v2\/pages"}],"about":[{"href":"https:\/\/ambhelsinki.esteri.it\/fi\/wp-json\/wp\/v2\/types\/page"}],"author":[{"embeddable":true,"href":"https:\/\/ambhelsinki.esteri.it\/fi\/wp-json\/wp\/v2\/users\/1"}],"replies":[{"embeddable":true,"href":"https:\/\/ambhelsinki.esteri.it\/fi\/wp-json\/wp\/v2\/comments?post=186"}],"version-history":[{"count":1,"href":"https:\/\/ambhelsinki.esteri.it\/fi\/wp-json\/wp\/v2\/pages\/186\/revisions"}],"predecessor-version":[{"id":237,"href":"https:\/\/ambhelsinki.esteri.it\/fi\/wp-json\/wp\/v2\/pages\/186\/revisions\/237"}],"wp:attachment":[{"href":"https:\/\/ambhelsinki.esteri.it\/fi\/wp-json\/wp\/v2\/media?parent=186"}],"curies":[{"name":"wp","href":"https:\/\/api.w.org\/{rel}","templated":true}]}}