{"id":2446,"date":"2024-10-15T14:38:27","date_gmt":"2024-10-15T11:38:27","guid":{"rendered":"https:\/\/ambhelsinki.esteri.it\/?page_id=2446"},"modified":"2025-06-10T16:03:05","modified_gmt":"2025-06-10T13:03:05","slug":"dichiarazione-di-valore-lausunto-suomalaisesta-tutkinnosta","status":"publish","type":"page","link":"https:\/\/ambhelsinki.esteri.it\/fi\/servizi-consolari-e-visti\/servizi-per-il-cittadino-straniero\/dichiarazione-di-valore-lausunto-suomalaisesta-tutkinnosta\/","title":{"rendered":"Dichiarazione di Valore (lausunto suomalaisesta tutkinnosta)"},"content":{"rendered":"<p>Dichiarazione di Valore (Declaration of Value) on lausunto ulkomaisesta tutkinnosta, jonka tarkoituksena on helpottaa tutkinnon tunnustamista Italiassa. Italian Suurl\u00e4hetyst\u00f6 ei tee p\u00e4\u00e4t\u00f6ksi\u00e4 tutkintojen tunnustamisesta. My\u00f6nn\u00e4mme ainoastaan informatiivisia lausuntoja, joiden tarkoituksena on helpottaa toimivaltaisen Italian viranomaisen arviointia tutkinnon kelpoisuudesta. Opiskelupaikkaa hakiessa p\u00e4\u00e4t\u00f6ksen tutkinnon kelpoisuudesta tekee itsen\u00e4isesti jokainen yliopisto tai oppilaitos.<\/p>\n<p>Mik\u00e4li tarvitset lausunnon suomalaisesta tutkinnosta voit olla yhteydess\u00e4 Suurl\u00e4hetyst\u00f6n konsulaattiosastoon l\u00e4hett\u00e4m\u00e4ll\u00e4 s\u00e4hk\u00f6postia osoitteeseen consolato.helsinki(at)esteri.it<\/p>\n<p>Huom! Emme my\u00f6nn\u00e4 lausuntoja IB-tutkinnoista. Lausunnot my\u00f6nt\u00e4\u00e4 Italian Konsulaatti Genevess\u00e4: Consolato Generale d\u2019Italia in Ginevra, email: scuola.ginevra@esteri.it, tel. +41 (0)22 839 67 48\/9.<\/p>\n<h4><span style=\"text-decoration: underline;\">Tarvittavat liitteet, kun haet lausuntoa ylioppilastutkinnosta:<\/span><\/h4>\n<ol>\n<li>Huolellisesti t\u00e4ytetty <strong><a href=\"https:\/\/ambhelsinki.esteri.it\/wp-content\/uploads\/2025\/05\/Form_Declaration_of_Value_eng.pdf\">hakemuslomake<\/a>.<\/strong><\/li>\n<li><strong>Kopio henkil\u00f6llisyystodistuksesta<\/strong> (passi tai henkil\u00f6kortti).<\/li>\n<li><strong>Alkuper\u00e4inen ylioppilastutkintotodistus, joka on laillistettu Apostille-todistuksella<\/strong>. Vaihtoehtoisesti oikeaksi todistettu j\u00e4ljenn\u00f6s laillistetusta alkuper\u00e4isest\u00e4 ylioppilastutkintotodistuksesta. Apostillen sek\u00e4 oikeaksi todistetun j\u00e4ljenn\u00f6ksen voi pyyt\u00e4\u00e4 <a href=\"https:\/\/dvv.fi\/julkisen-notaarin-todistamispalvelut\">Digi- ja v\u00e4est\u00f6tietovirastosta<\/a>. <strong>Huom! Pelkk\u00e4 valokopio ei riit\u00e4.<\/strong><\/li>\n<li><strong>Ylioppilastutkintotodistuksen italian kielen k\u00e4\u00e4nn\u00f6s, joka on laillistettu Apostille-todistuksella<\/strong>. Laillistettu ylioppilastutkintotodistus tulee k\u00e4\u00e4nn\u00e4tt\u00e4\u00e4 italian kielelle. Suomessa k\u00e4\u00e4nn\u00f6ksen voi tehd\u00e4 auktorisoitu k\u00e4\u00e4nt\u00e4j\u00e4 (<a href=\"https:\/\/akr.opintopolku.fi\/akr\/etusivu\">Opetushallituksen rekisteri<\/a>). K\u00e4\u00e4nn\u00f6kselle tulee hakea Apostille, joka todistaa k\u00e4\u00e4nt\u00e4j\u00e4n allekirjoituksen oikeaksi. Apostillen my\u00f6nt\u00e4\u00e4 Suomen julkinen notaari <a href=\"https:\/\/dvv.fi\/apostille-todistus\">Digi- ja v\u00e4est\u00f6tietovirastossa<\/a>.<\/li>\n<li><strong>Alkuper\u00e4inen lukion p\u00e4\u00e4tt\u00f6todistus, joka on laillistettu Apostille-todistuksella<\/strong>. Vaihtoehtoisesti oikeaksi todistettu j\u00e4ljenn\u00f6s laillistetusta alkuper\u00e4isest\u00e4 lukion p\u00e4\u00e4tt\u00f6todistuksesta. Apostillen sek\u00e4 oikeaksi todistetun j\u00e4ljenn\u00f6ksen voi pyyt\u00e4\u00e4 <a href=\"https:\/\/dvv.fi\/julkisen-notaarin-todistamispalvelut\">Digi- ja v\u00e4est\u00f6tietovirastosta<\/a>. <strong>Huom! Pelkk\u00e4 valokopio ei riit\u00e4.<\/strong><\/li>\n<li><strong>Lukion p\u00e4\u00e4tt\u00f6todistuksen italian kielen k\u00e4\u00e4nn\u00f6s, <\/strong><strong>joka on laillistettu Apostille-todistuksella<\/strong>. Laillistettu lukion p\u00e4\u00e4tt\u00f6todistus tulee k\u00e4\u00e4nn\u00e4tt\u00e4\u00e4 italian kielelle. Suomessa k\u00e4\u00e4nn\u00f6ksen voi tehd\u00e4 auktorisoitu k\u00e4\u00e4nt\u00e4j\u00e4 (<a href=\"https:\/\/akr.opintopolku.fi\/akr\/etusivu\">Opetushallituksen rekisteri<\/a>). K\u00e4\u00e4nn\u00f6kselle tulee hakea Apostille, joka todistaa k\u00e4\u00e4nt\u00e4j\u00e4n allekirjoituksen oikeaksi. Apostillen my\u00f6nt\u00e4\u00e4 Suomen julkinen notaari <a href=\"https:\/\/dvv.fi\/apostille-todistus\">Digi- ja v\u00e4est\u00f6tietovirastossa<\/a>.<\/li>\n<li><span style=\"text-decoration: underline;\">Mahdollisen nimenmuutoksen osoittava asiakirja<\/span>. Jos olet muuttanut nimesi tai sukunimesi tutkintotodistuksen my\u00f6nt\u00e4misen j\u00e4lkeen, sinun tulee esitt\u00e4\u00e4 todistus, josta ilmenee sek\u00e4 vanha ett\u00e4 uusi nimi.<\/li>\n<li><strong>K\u00e4sittelymaksu<\/strong>. Dichiarazione di Valore on ilmainen vain, jos se tarvitaan opiskelupaikkaa varten. Jos Dichirazione di Valore haetaan muuhun tarkoitukseen kuin opiskeluun, esim. ty\u00f6nhakuun, veloitamme siit\u00e4 50,00 euroa. Liit\u00e4 silloin mukaan my\u00f6s kuitti maksusta Italian suurl\u00e4hetyst\u00f6n pankkitilille:<br \/>\nTilinhaltija: Italian Embassy Helsinki<br \/>\nIBAN: FI40 1820 3000 0327 14<br \/>\nSwift\/BIC: NDEAFIHH.<br \/>\nViesti: \u201cSukunimi etunimi Dichiarazione di valore\u201d<br \/>\nViitenumero: 18610 (valinnainen).<\/li>\n<li><strong>Postimerkein varustettu kirjekuori palautusl\u00e4hetyst\u00e4 varten<\/strong>. Jos haluat, ett\u00e4 asiakirjat l\u00e4hetet\u00e4\u00e4n sinulle postitse takaisin, sinun tulee laittaa mukaan my\u00f6s iso kirjekuori riitt\u00e4vin postimerkein varustettuna. Kirjoitathan kuoreen valmiiksi my\u00f6s osoitetiedot. Suosittelemme seurattavaa kirjetta. Asiakirjat voi my\u00f6s noutaa henkil\u00f6kohtaisesti suurl\u00e4hetyst\u00f6st\u00e4.<\/li>\n<\/ol>\n<h4>Tarvittavat liitteet, kun haet lausuntoa korkeakoulututkinnosta:<\/h4>\n<ol>\n<li>Huolellisesti t\u00e4ytetty <strong><a href=\"https:\/\/ambhelsinki.esteri.it\/wp-content\/uploads\/2025\/01\/Form_Declaration_of_Value_eng.pdf\">hakemuslomake<\/a>.<\/strong><\/li>\n<li><strong>Kopio henkil\u00f6llisyystodistuksesta<\/strong> (passi tai henkil\u00f6kortti).<\/li>\n<li><strong>Alkuper\u00e4inen tutkintotodistus liitteineen (tutkintotodistus, opintosuoritusote, Diploma Supplement), joka on laillistettu Apostille-todistuksella<\/strong>. Vaihtoehtoisesti yliopiston my\u00f6nt\u00e4m\u00e4 virallinen kopio tutkintotodistuksesta, joka on laillistettu Apostille-todistuksella. Todistuksista tulee k\u00e4yd\u00e4 ilmi seuraavat tiedot: sukunimi, etunimet, syntym\u00e4aika, tutkinnon kesto ja tutkinnon laajuus. <strong>Huom! Pelkk\u00e4 valokopio ei riit\u00e4.<\/strong><\/li>\n<li><strong>Tutkintotodistuksen ja sen liitteiden italian kielen k\u00e4\u00e4nn\u00f6s<\/strong><strong>, <\/strong><strong>joka on laillistettu Apostille-todistuksella<\/strong>. Laillistettu tutkintotodistus liitteineen tulee k\u00e4\u00e4nn\u00e4tt\u00e4\u00e4 italian kielelle. Suomessa k\u00e4\u00e4nn\u00f6ksen voi tehd\u00e4 auktorisoitu k\u00e4\u00e4nt\u00e4j\u00e4 (<a href=\"https:\/\/akr.opintopolku.fi\/akr\/etusivu\">Opetushallituksen rekisteri<\/a>). K\u00e4\u00e4nn\u00f6kselle tulee hakea Apostille, joka todistaa k\u00e4\u00e4nt\u00e4j\u00e4n allekirjoituksen oikeaksi. Diploma Supplement -liitteen voi toimittaa englanninkielisen\u00e4.<\/li>\n<li><span style=\"text-decoration: underline;\">Mahdollisen nimenmuutoksen osoittava asiakirja<\/span>. Jos olet muuttanut nimesi tai sukunimesi tutkintotodistuksen my\u00f6nt\u00e4misen j\u00e4lkeen, sinun tulee esitt\u00e4\u00e4 todistus, josta ilmenee sek\u00e4 vanha ett\u00e4 uusi nimi.<\/li>\n<li><strong>K\u00e4sittelymaksu<\/strong>. Dichiarazione di Valore on ilmainen vain, jos se tarvitaan opiskelupaikkaa varten. Jos Dichirazione di Valore haetaan muuhun tarkoitukseen kuin opiskeluun, esim. ty\u00f6nhakuun, veloitamme siit\u00e4 50,00 euroa. Liit\u00e4 silloin mukaan my\u00f6s kuitti maksusta Italian suurl\u00e4hetyst\u00f6n pankkitilille:<br \/>\nTilinhaltija: Italian Embassy Helsinki<br \/>\nIBAN: FI40 1820 3000 0327 14<br \/>\nSwift\/BIC: NDEAFIHH.<br \/>\nViesti: \u201cSukunimi etunimi Dichiarazione di valore\u201d<br \/>\nViitenumero: 18610 (valinnainen).<\/li>\n<li><strong>Postimerkein varustettu kirjekuori palautusl\u00e4hetyst\u00e4 varten<\/strong>. Jos haluat, ett\u00e4 asiakirjat l\u00e4hetet\u00e4\u00e4n sinulle postitse takaisin, sinun tulee laittaa mukaan my\u00f6s iso kirjekuori riitt\u00e4vin postimerkein varustettuna. Kirjoitathan kuoreen valmiiksi my\u00f6s osoitetiedot. Suosittelemme seurattavaa kirjetta. Asiakirjat voi my\u00f6s noutaa henkil\u00f6kohtaisesti suurl\u00e4hetyst\u00f6st\u00e4.<\/li>\n<\/ol>\n<p>Jos tarvitset lausunnon jostain muusta kuin yll\u00e4 mainituista tutkinnoista, pyyd\u00e4mme olemaan yhteydess\u00e4 s\u00e4hk\u00f6postitse.<\/p>\n<p>Useat yliopistot hyv\u00e4ksyv\u00e4t Dichiarazione di Valoren lis\u00e4ksi my\u00f6s CIMEA:n my\u00f6nt\u00e4m\u00e4n vertailukelpoisuustodistuksen \u201c<a href=\"https:\/\/www.cimea.it\/EN\/pagina-attestati-di-comparabilita-e-verifica-dei-titoli\">statement of comparability<\/a>\u201c.<\/p>\n<p>Yhteydenotot ja ajanvaraukset s\u00e4hk\u00f6postitse osoitteeseen consolato.helsinki(at)esteri.it.<\/p>\n","protected":false},"excerpt":{"rendered":"Dichiarazione di Valore (Declaration of Value) on lausunto ulkomaisesta tutkinnosta, jonka tarkoituksena on helpottaa tutkinnon tunnustamista Italiassa. Italian Suurl\u00e4hetyst\u00f6 ei tee p\u00e4\u00e4t\u00f6ksi\u00e4 tutkintojen tunnustamisesta. My\u00f6nn\u00e4mme ainoastaan informatiivisia lausuntoja, joiden tarkoituksena on helpottaa toimivaltaisen Italian viranomaisen arviointia tutkinnon kelpoisuudesta. Opiskelupaikkaa hakiessa p\u00e4\u00e4t\u00f6ksen tutkinnon kelpoisuudesta tekee itsen\u00e4isesti jokainen yliopisto tai oppilaitos. Mik\u00e4li tarvitset lausunnon suomalaisesta tutkinnosta voit [&hellip;]","protected":false},"author":10,"featured_media":0,"parent":184,"menu_order":3,"comment_status":"closed","ping_status":"closed","template":"","meta":{"footnotes":""},"class_list":["post-2446","page","type-page","status-publish","hentry"],"_links":{"self":[{"href":"https:\/\/ambhelsinki.esteri.it\/fi\/wp-json\/wp\/v2\/pages\/2446","targetHints":{"allow":["GET"]}}],"collection":[{"href":"https:\/\/ambhelsinki.esteri.it\/fi\/wp-json\/wp\/v2\/pages"}],"about":[{"href":"https:\/\/ambhelsinki.esteri.it\/fi\/wp-json\/wp\/v2\/types\/page"}],"author":[{"embeddable":true,"href":"https:\/\/ambhelsinki.esteri.it\/fi\/wp-json\/wp\/v2\/users\/10"}],"replies":[{"embeddable":true,"href":"https:\/\/ambhelsinki.esteri.it\/fi\/wp-json\/wp\/v2\/comments?post=2446"}],"version-history":[{"count":6,"href":"https:\/\/ambhelsinki.esteri.it\/fi\/wp-json\/wp\/v2\/pages\/2446\/revisions"}],"predecessor-version":[{"id":3438,"href":"https:\/\/ambhelsinki.esteri.it\/fi\/wp-json\/wp\/v2\/pages\/2446\/revisions\/3438"}],"up":[{"embeddable":true,"href":"https:\/\/ambhelsinki.esteri.it\/fi\/wp-json\/wp\/v2\/pages\/184"}],"wp:attachment":[{"href":"https:\/\/ambhelsinki.esteri.it\/fi\/wp-json\/wp\/v2\/media?parent=2446"}],"curies":[{"name":"wp","href":"https:\/\/api.w.org\/{rel}","templated":true}]}}