{"id":1727,"date":"2024-02-12T16:09:22","date_gmt":"2024-02-12T14:09:22","guid":{"rendered":"https:\/\/ambhelsinki.esteri.it\/?page_id=1727"},"modified":"2024-03-22T09:39:40","modified_gmt":"2024-03-22T07:39:40","slug":"elezioni-europee-2024-elettori-temporanei","status":"publish","type":"page","link":"https:\/\/ambhelsinki.esteri.it\/it\/servizi-consolari-e-visti\/servizi-per-il-cittadino-italiano\/servizi-elettorali\/elezioni-europee-2024\/elezioni-europee-2024-elettori-temporanei\/","title":{"rendered":"Elezioni europee 2024 \u2013 Elettori temporanei"},"content":{"rendered":"<p><span style=\"text-decoration: underline;\"><em><strong>(termine per la registrazione scaduto il 21.03.2024)<\/strong><\/em><\/span><\/p>\n<p style=\"text-align: justify;\"><strong><em><u>Elettori che si trovano temporaneamente in un Paese membro\u00a0<\/u><\/em><\/strong><strong><em><u>dell\u2019Unione Europea per motivi di lavoro o di studio<\/u><\/em><\/strong><\/p>\n<p style=\"text-align: justify;\">In occasione delle elezioni per il rinnovo del Parlamento europeo, che si svolgeranno in tutti i Paesi membri dell\u2019Unione Europea nel periodo compreso tra gioved\u00ec 6 e domenica 9 giugno 2024, gli elettori italiani che si trovano temporaneamente in un Paese membro dell\u2019Unione Europea per motivi di lavoro o di studio, nonch\u00e9 i familiari conviventi, possono votare per i membri spettanti all\u2019Italia presso i seggi istituiti dagli Uffici consolari.<\/p>\n<p style=\"text-align: justify;\">Per essere ammessi al voto \u00e8 necessario presentare\u00a0<strong>entro il 21 marzo 2024<\/strong>\u00a0una domanda \u2013 indirizzata al Sindaco del Comune di iscrizione nelle liste elettorali e da presentare all\u2019Ufficio consolare italiano competente che poi ne curer\u00e0 l\u2019inoltro \u2013 che deve preferibilmente essere redatta <a href=\"https:\/\/ambhelsinki.esteri.it\/wp-content\/uploads\/2024\/02\/MODELLO-TEMPORANEI-1.pdf\">utilizzando il modello disponibile al link riportato in calce al presente comunicato. <\/a>(si prega di <strong>NON<\/strong> compilare a mano, ma di editare il file elettronicamente prima di procedere alla stampa per la firma. Si suggerisce di inserire l&#8217;indirizzo finlandese di dimora completo di tutti i dettagli, quale il numero dell&#8217;appartamento, al fine di agevolare le operazioni di recapito).<\/p>\n<p style=\"text-align: justify;\">La richiesta deve riportare\u00a0<strong>l\u2019indicazione specifica dei motivi, di studio o lavoro, per i quali il connazionale si trova nel territorio della circoscrizione consolare<\/strong>\u00a0e deve essere corredata dall\u2019<strong>attestazione del datore di lavoro\/dell\u2019istituto od ente presso cui svolge la sua attivit\u00e0 di studio<\/strong>\u00a0oppure da una\u00a0<strong>dichiarazione sostitutiva di atto di notoriet\u00e0<\/strong>\u00a0redatta ai sensi dell\u2019art. 47 del D.P.R. 445\/2000, che contenga l\u2019indicazione dell\u2019attivit\u00e0 di lavoro o studio svolta, ovvero la qualit\u00e0 di familiare convivente.<\/p>\n<p style=\"text-align: justify;\">Le domande possono essere presentate all\u2019Ufficio consolare di competenza:<\/p>\n<ol style=\"text-align: justify;\">\n<li>per posta elettronica ordinaria all\u2019indirizzo consolato.helsinki(at)esteri.it\u00a0o per posta elettronica certificata all\u2019indirizzo amb.helsinki(at)cert.esteri.it (allegando file scansionato della domanda firmata + certificazione o dichiarazione sostitutiva di atto di notoriet\u00e0 + fotocopia di un documento di identit\u00e0 del richiedente);<\/li>\n<li>per posta all\u2019indirizzo dell\u2019Ufficio Consolare dell\u2019Ambasciata d\u2019Italia Helsinki, It\u00e4inen Puistotie 4 A, 00140 Helsinki (inviando domanda + certificazione o dichiarazione sostitutiva di atto di notoriet\u00e0 + fotocopia di un documento di identit\u00e0 del richiedente);<\/li>\n<li>personalmente presso l\u2019Ufficio Consolare dell\u2019Ambasciata d\u2019Italia Helsinki, It\u00e4inen Puistotie 4 C, 00140 Helsinki, da luned\u00ec a venerd\u00ec dalle 9.30 alle 16.30.<\/li>\n<\/ol>\n<p style=\"text-align: justify;\"><strong>Il termine del 21 marzo 2024 \u00e8 tassativo e non derogabile<\/strong>\u00a0(non fa fede il timbro postale per le domande trasmesse in cartaceo): oltre tale data le domande NON potranno essere accolte e gli elettori temporaneamente all\u2019estero per motivi di lavoro o studio potranno esercitare il loro diritto di voto solo in Italia (art. 3, comma 6, DL 408\/1994).<\/p>\n<p>&nbsp;<\/p>\n<p><a href=\"https:\/\/ambhelsinki.esteri.it\/wp-content\/uploads\/2024\/02\/MODELLO-TEMPORANEI-1.pdf\">MODELLO DI DOMANDA <\/a>(si prega di <strong>NON<\/strong> compilare a mano, ma di editare il file elettronicamente prima di procedere alla stampa per la firma. Si suggerisce di inserire l&#8217;indirizzo finlandese di dimora completo di tutti i dettagli, quale il numero dell&#8217;appartamento, al fine di agevolare le operazioni di recapito)<\/p>\n","protected":false},"excerpt":{"rendered":"(termine per la registrazione scaduto il 21.03.2024) Elettori che si trovano temporaneamente in un Paese membro\u00a0dell\u2019Unione Europea per motivi di lavoro o di studio In occasione delle elezioni per il rinnovo del Parlamento europeo, che si svolgeranno in tutti i Paesi membri dell\u2019Unione Europea nel periodo compreso tra gioved\u00ec 6 e domenica 9 giugno 2024, [&hellip;]","protected":false},"author":8,"featured_media":0,"parent":1724,"menu_order":0,"comment_status":"closed","ping_status":"closed","template":"","meta":{"footnotes":""},"class_list":["post-1727","page","type-page","status-publish","hentry"],"_links":{"self":[{"href":"https:\/\/ambhelsinki.esteri.it\/it\/wp-json\/wp\/v2\/pages\/1727","targetHints":{"allow":["GET"]}}],"collection":[{"href":"https:\/\/ambhelsinki.esteri.it\/it\/wp-json\/wp\/v2\/pages"}],"about":[{"href":"https:\/\/ambhelsinki.esteri.it\/it\/wp-json\/wp\/v2\/types\/page"}],"author":[{"embeddable":true,"href":"https:\/\/ambhelsinki.esteri.it\/it\/wp-json\/wp\/v2\/users\/8"}],"replies":[{"embeddable":true,"href":"https:\/\/ambhelsinki.esteri.it\/it\/wp-json\/wp\/v2\/comments?post=1727"}],"version-history":[{"count":5,"href":"https:\/\/ambhelsinki.esteri.it\/it\/wp-json\/wp\/v2\/pages\/1727\/revisions"}],"predecessor-version":[{"id":1856,"href":"https:\/\/ambhelsinki.esteri.it\/it\/wp-json\/wp\/v2\/pages\/1727\/revisions\/1856"}],"up":[{"embeddable":true,"href":"https:\/\/ambhelsinki.esteri.it\/it\/wp-json\/wp\/v2\/pages\/1724"}],"wp:attachment":[{"href":"https:\/\/ambhelsinki.esteri.it\/it\/wp-json\/wp\/v2\/media?parent=1727"}],"curies":[{"name":"wp","href":"https:\/\/api.w.org\/{rel}","templated":true}]}}