{"id":1976,"date":"2024-05-21T17:30:43","date_gmt":"2024-05-21T14:30:43","guid":{"rendered":"https:\/\/ambhelsinki.esteri.it\/?page_id=1976"},"modified":"2024-05-21T17:32:58","modified_gmt":"2024-05-21T14:32:58","slug":"informativa-dati-personali-servizi-consolari","status":"publish","type":"page","link":"https:\/\/ambhelsinki.esteri.it\/it\/servizi-consolari-e-visti\/servizi-per-il-cittadino-italiano\/informativa-dati-personali-servizi-consolari\/","title":{"rendered":"Informativa dati personali servizi consolari"},"content":{"rendered":"<p style=\"text-align: justify;\"><strong>Informativa sul trattamento dei dati personali ai fini dell\u2019erogazione dei servizi consolari ad esclusione del rilascio dei visti e delle pratiche di cittadinanza (Regolamento Generale sulla Protezione dei Dati UE 2016\/679, art. 13 e 14)<\/strong><\/p>\n<p style=\"text-align: justify;\">Il trattamento dei dati personali ai fini dell\u2019erogazione dei servizi consolari sar\u00e0 improntato ai principi di liceit\u00e0, correttezza e trasparenza a tutela dei diritti e delle libert\u00e0 fondamentali delle persone fisiche.<\/p>\n<p style=\"text-align: justify;\">Come appresso specificato, i servizi in questione sono destinati ai cittadini italiani e, se del caso, stranieri, residenti nella circoscrizione consolare dell&#8217;Ambasciata d&#8217;Italia in Helsinki (Finlandia) e\/o temporaneamente presenti nella predetta circoscrizione.<\/p>\n<p style=\"text-align: justify;\">I servizi si riferiscono ai seguenti settori: stato civile, iscrizione all\u2019AIRE (anagrafe degli italiani residenti all\u2019estero), voto all\u2019estero, attribuzione del codice fiscale, attribuzione del PIN per i servizi telematici dell\u2019Agenzia delle Entrate, conferma delle patenti di guida (solo nei paesi extra-europei ed a determinate condizioni), rilascio di documenti di viaggio (passaporti e documenti di viaggio provvisori), rilascio della carta d\u2019identit\u00e0, assistenza sociale (sussidi, prestiti con promessa di restituzione, rimpatri), volontaria giurisdizione (tra cui le adozioni internazionali), assistenza giudiziaria (ad esempio in caso di minori contesi, di persone scomparse o di detenuti e persone in stato di fermo), amministrazione d\u2019interessi privati (tra cui le successioni), attivit\u00e0 di certificazione e legalizzazione e, se del caso, funzioni nel settore della navigazione e della scuola.<\/p>\n<p style=\"text-align: justify;\">A tal fine, si forniscono le seguenti informazioni:<\/p>\n<p style=\"text-align: justify;\">1. Il Titolare del trattamento<\/p>\n<p style=\"text-align: justify;\">Il Titolare del trattamento \u00e8 il Ministero degli Affari Esteri e della Cooperazione internazionale della Repubblica italiana (MAECI) il quale agisce, nel caso specifico, per il tramite dell\u2019Ambasciata d\u2019Italia in Helsinki (It\u00e4inen Puistotie 4C 00140 Helsinki Tel.: 68 11 280 ambasciata.helsinki(at)esteri.it PEC: amb.helsinki(at)cert.esteri.it). In funzione del servizio considerato, il MAECI pu\u00f2 operare di concerto con altri soggetti pubblici, Contitolari del trattamento, i quali saranno in seguito specificati.<\/p>\n<p style=\"text-align: justify;\">2. Il Responsabile della Protezione dei Dati (RPD)<\/p>\n<p style=\"text-align: justify;\">Per quesiti o reclami in materia di privatezza, l\u2019interessato pu\u00f2 interpellare l\u2019RPD del MAECI ai seguenti recapiti: Ministero degli Affari Esteri e della Cooperazione internazionale, Piazzale della Farnesina 1, 00135 ROMA, telefono: 0039 06 36911 (centralino), peo:\u00a0<a href=\"mailto:rpd@esteri.it\">rpd@esteri.it<\/a>, pec:\u00a0<a href=\"mailto:rpd@cert.esteri.it\">rpd@cert.esteri.it<\/a>.<\/p>\n<p style=\"text-align: justify;\">3. Dati personali trattati<\/p>\n<p style=\"text-align: justify;\">I dati personali trattati sono tutti quelli necessari per l\u2019erogazione dei servizi consolari, forniti dagli interessati e dalle competenti autorit\u00e0 italiane e locali. Ogni elemento utile ai fini della tutela degli interessi dei connazionali \u00e8 annotato nello schedario consolare, ai sensi dell\u2019art. 8 del Decreto legislativo (D.lgs.) 3 febbraio 2011, n. 71 \u2013 Ordinamento e funzioni degli uffici consolari. L\u2019archivio consolare dispone, inoltre, dei registri degli atti prodotti, ai sensi dell\u2019art. 62 del predetto Decreto.<\/p>\n<p style=\"text-align: justify;\">4. Finalit\u00e0 e basi giuridiche del trattamento<br \/>\nI dati personali trattati hanno come unica finalit\u00e0 l\u2019esercizio delle funzioni consolari, disciplinato dal D.lgs. 71\/2011. Si riportano, di seguito, gli estremi degli articoli che attribuiscono agli Uffici consolari il compito di erogare i singoli servizi, distinti in funzione della natura dei beneficiari (cittadini italiani e, se del caso, stranieri), della loro residenza o della loro temporanea presenza all\u2019estero.<\/p>\n<p style=\"text-align: justify;\">A. BENEFICIARI RESIDENTI ALL\u2019ESTERO (SOLO CITTADINI ITALIANI)<\/p>\n<p style=\"text-align: justify;\">\u2013 Iscrizione all\u2019AIRE: art. 9 del D.lgs. n. 71\/2011;<\/p>\n<p style=\"text-align: justify;\">\u2013 Carta d\u2019identit\u00e0 elettronica: art. 22 del D.lgs. n.71\/2011 (solo presso gli Uffici consolari abilitati);<\/p>\n<p style=\"text-align: justify;\">\u2013 Sussidi: art. 24 del D.lgs. n.71\/2011.<\/p>\n<p style=\"text-align: justify;\">B. BENEFICIARI TEMPORANEAMENTE ALL\u2019ESTERO (CITTADINI ITALIANI E DEI PAESI UE)<\/p>\n<p style=\"text-align: justify;\">\u2013 Documento di viaggio provvisorio (denominato anche ETD dall\u2019inglese Emergency travel document) riservato ai cittadini italiani ed ai cittadini degli altri paesi dell\u2019Unione Europea rappresentati localmente dall\u2019Ufficio consolare italiano: art. 23 del D.lgs. n.71\/2011.<\/p>\n<p style=\"text-align: justify;\">C. BENEFICIARI RESIDENTI O TEMPORANEAMENTE ALL\u2019ESTERO (CITTADINI ITALIANI E, NEI CASI INDICATI, ANCHE STRANIERI)<\/p>\n<p style=\"text-align: justify;\">\u2013 Passaporto ordinario elettronico e passaporto temporaneo: art. 21 del D.lgs. n.71\/2011;<\/p>\n<p style=\"text-align: justify;\">\u2013 Voto all\u2019estero: art. 55 del D.lgs. n.71\/2011;<\/p>\n<p style=\"text-align: justify;\">\u2013 Stato civile: art. 6, art. 12-20, art.30, art. 52 e art. 62 del D.lgs. n. 71\/2011 (anche per cittadini stranieri, per i cittadini temporaneamente all\u2019estero solo in casi specifici);<\/p>\n<p style=\"text-align: justify;\">\u2013 Attribuzione del codice fiscale e del PIN per i servizi telematici dell\u2019Agenzia delle Entrate: art. 52 del D.lgs. n. 71\/2001 (anche per cittadini stranieri);<\/p>\n<p style=\"text-align: justify;\">\u2013 Conferma della patente di guida (solo nei paesi extra UE ed a determinate condizioni): art. 52 del D.lgs. n. 71\/2001 (anche per cittadini stranieri);<\/p>\n<p style=\"text-align: justify;\">\u2013 Concessione di prestiti con promessa di restituzione: art. 24 del D.lgs. n.71\/2011;<\/p>\n<p style=\"text-align: justify;\">\u2013 Rimpatri: art. 25 e 26 del D.lgs. n.71\/2011;<\/p>\n<p style=\"text-align: justify;\">\u2013 Funzioni notarili e di volontaria giurisdizione, tra cui le adozioni internazionali: art. 28-35 del D.lgs. n.71\/2011;<\/p>\n<p style=\"text-align: justify;\">\u2013 Funzioni in materia di controversie, di polizia giudiziaria e di assistenza giudiziaria, tra cui l\u2019assistenza in caso di minori contesi e di persone scomparse o a favore di detenuti e di persone in stato di fermo: art. 36-42 del D.lgs. n.71\/2011;<\/p>\n<p style=\"text-align: justify;\">\u2013 Funzioni relative all\u2019amministrazione di interessi privati, tra cui le successioni: art. 43-47 del D.lgs. n.71\/2011;<\/p>\n<p style=\"text-align: justify;\">\u2013 Funzioni in materia di documentazione amministrativa: artt. 52-54 e 76-77 del D.lgs. n.71\/2011 (anche per cittadini stranieri);<\/p>\n<p style=\"text-align: justify;\">\u2013 Funzioni in materia di navigazione, tra cui la vigilanza sulla navigazione ed il traffico marittimo nazionale all\u2019estero, l\u2019imbarco e lo sbarco del personale marittimo su navi nazionali, gli adempimenti relativi al regime amministrativo delle navi, il rilascio o il rinnovo dei libri di bordo, il rilascio, il rinnovo o la proroga dei certificati di sicurezza delle navi nazionali all\u2019estero, i poteri inquirenti per inchieste relative a sinistri marittimi ed infortuni del personale navigante: art. 48-51 del D.lgs. n.71\/2011 (anche per cittadini stranieri);<\/p>\n<p style=\"text-align: justify;\">\u2013 Funzioni in materia scolastica, tra cui il rilascio di dichiarazioni di valore, la comunicazione dell\u2019esito degli esami di stato, le pratiche per il riconoscimento della parit\u00e0 scolastica, il pagamento degli emolumenti al personale della scuola ed i contributi a scuole ed enti gestori: art. 56 del D.lgs. n.71\/2011 (anche per cittadini stranieri).<\/p>\n<p style=\"text-align: justify;\">Il conferimento dei dati in questione \u00e8 per legge obbligatorio. L\u2019eventuale rifiuto comporta la mancata erogazione del servizio.<\/p>\n<p style=\"text-align: justify;\">5. Modalit\u00e0 del trattamento<\/p>\n<p style=\"text-align: justify;\">Il trattamento dei dati, svolto da personale appositamente incaricato, sar\u00e0 effettuato in modalit\u00e0 mista, manuale ed automatizzata. Di conseguenza, l\u2019interessato non sar\u00e0 mai destinatario di una decisione basata unicamente sul trattamento automatizzato dei propri dati.<\/p>\n<p style=\"text-align: justify;\">6. Trasmissione dei dati a soggetti terzi<\/p>\n<p style=\"text-align: justify;\">I dati saranno comunicati ai soggetti terzi previsti dalla normativa italiana di riferimento, come specificato nel seguente elenco:<\/p>\n<p style=\"text-align: justify;\">\u2013 ISCRIZIONE AIRE: Comune di ultima residenza in Italia (Legge 27 ottobre 1988, n. 470 Anagrafe e censimento degli italiani all\u2019estero), ISTAT (artt.6 e 6bis del D. lgs. 322\/1989 \u2013 Norme sul Sistema statistico nazionale e sulla riorganizzazione dell\u2019Istituto nazionale di statistica), INPS, per il pagamento delle pensioni all\u2019estero (art.50, comma 2, del D. lgs. 7 marzo 2005, n. 82 \u2013 Codice dell\u2019Amministrazione Digitale \/CAD e successive modifiche) e, in caso di indagini, alle autorit\u00e0 giudiziarie o di polizia;<\/p>\n<p style=\"text-align: justify;\">\u2013 STATO CIVILE: Comune competente (individuato ai sensi dell\u2019art. 17 del Decreto del Presidente della Repubblica (DPR) 3 novembre 2000, n. 396 \u2013 Regolamento per la revisione e la semplificazione dell\u2019ordinamento dello stato civile); Prefettura competente, per i cambiamenti di nome\/cognome (art. 89 del DPR 396\/2000); INPS, per il pagamento delle pensioni all\u2019estero (art.50, comma 2, del D. lgs. 7 marzo 2005, n.82 \u2013 Codice dell\u2019Amministrazione Digitale (CAD) e successive modifiche);<\/p>\n<p style=\"text-align: justify;\">\u2013 VOTO ALL\u2019ESTERO: Comune di residenza o d\u2019iscrizione AIRE e Ministero dell\u2019Interno (Legge 27 dicembre 2001, n. 459 \u2013 Norme per l\u2019esercizio del diritto di voto dei cittadini italiani residenti all\u2019estero, Legge 24 gennaio 1979, n. 18 \u2013 Elezione dei membri del Parlamento europeo spettanti all\u2019Italia, Legge 23 ottobre 2003, n. 286 \u2013 Norme relative alla disciplina dei Comitati degli italiani all\u2019estero e rispettivi regolamenti di attuazioni e norme connesse); rappresentanti qualificati di partiti, movimenti politici, comitati di promotori e sostenitori dei referendum o singoli candidati alle elezioni per il perseguimento delle predette finalit\u00e0 di propaganda elettorale e connessa comunicazione politica (Provvedimento del Garante per la protezione dei dati personali in materia di propaganda elettorale e comunicazione politica del 18 aprile 2019);<\/p>\n<p style=\"text-align: justify;\">\u2013 PASSAPORTO ORDINARIO ELETTRONICO E PASSAPORTO TEMPORANEO: Ministero dell\u2019Interno (art.16 della Legge 21 novembre 1967, n.1185 e Regolamento (CE) n.444 del 2009);<\/p>\n<p style=\"text-align: justify;\">\u2013 DOCUMENTO DI VIAGGIO PROVVISORIO: Ministero dell\u2019Interno italiano se il richiedente \u00e8 un cittadino italiano o la competente autorit\u00e0 nazionale se il richiedente \u00e8 cittadino di un altro paese UE (Decisione UE del 25 giugno 1996 (96\/409\/PESC);<\/p>\n<p style=\"text-align: justify;\">\u2013 CARTA D\u2019IDENTIT\u00c0 ELETTRONICA: Comune d\u2019iscrizione AIRE e Ministero dell\u2019Interno (art. 288 del Regio Decreto (RD) 6 maggio 1940, n.635 ed art. 1, lett. d) del Decreto del Presidente del Consiglio dei Ministri (DPCM) 22 ottobre 1999 n.437);<\/p>\n<p style=\"text-align: justify;\">\u2013 CODICE FISCALE E PIN PER I SERVIZI TELEMATICI DELL\u2019AGENZIA DELLE ENTRATE: Ministero dell\u2019Economia e delle Finanze (Decreto del Ministero delle Finanze 17 maggio 2001, n. 281 \u2013 Regolamento recante norme in materia di agevolazioni relativamente all\u2019attribuzione del codice fiscale ed alle modalit\u00e0 di presentazione delle dichiarazioni e di pagamento delle imposte per i contribuenti residenti all\u2019estero);<\/p>\n<p style=\"text-align: justify;\">\u2013 SUSSIDI: i dati sono conservati agli atti dell\u2019Ufficio consolare di riferimento ed inseriti nel portale SIBI del MAECI, accessibile solo agli Uffici ministeriali competenti;<\/p>\n<p style=\"text-align: justify;\">\u2013 CONCESSIONE DI PRESTITI CON PROMESSA DI RESTITUZIONE: Questura ed Agenzia delle Entrate (Riscossione) competenti (art. 17 del D. lgs. 26 febbraio 1999, n. 46 ed art. 1 del Decreto Legge 22 ottobre 2016, n. 193);<\/p>\n<p style=\"text-align: justify;\">\u2013 RIMPATRI: competenti Prefetture, Questure, Stazioni Carabinieri, ASL e Comuni, competenti autorit\u00e0 straniere, nonch\u00e9, in caso di evacuazione per motivi di emergenza, Capi Zona e forze di soccorso italiane e\/o straniere (Circolare MAE n. 14 del 20.11.1998 \u201crimpatri consolari\u201d; Convenzione di Berlino del 10.2.1937; Circolare MAE n. 7 del 4.4.1979 \u201cintroduzione salme\u201d; Direttiva della Presidenza del Consiglio dei Ministri del 23.9.2011);<\/p>\n<p style=\"text-align: justify;\">\u2013 ADOZIONI INTERNAZIONALI: competenti autorit\u00e0 straniere, Commissione per le Adozioni Internazionali, Ministero della Giustizia (Dipartimento per la Giustizia Minorile), Tribunali per i Minorenni (Legge 4 maggio 1983, n.184);<\/p>\n<p style=\"text-align: justify;\">\u2013 RICERCA PERSONE SCOMPARSE ED ASSISTENZA A DETENUTI O PERSONE IN STATO DI FERMO: competenti autorit\u00e0 straniere, competenti Questure, Stazioni Carabinieri e Procure della Repubblica, Ministero della Giustizia, Ministero dell\u2019Interno-Interpol (Convenzione di Strasburgo del 21 marzo 1983 sul trasferimento dei condannati; Circolare n. 4 del 14.7.2011 \u201cComunicazioni all\u2019Autorit\u00e0 Giudiziaria di notizie relative a ipotesi di reato commesso\u201d);<\/p>\n<p style=\"text-align: justify;\">\u2013 MINORI CONTESI: competenti autorit\u00e0 straniere, Ministero della Giustizia e Ministero dell\u2019Interno (Legge 15 gennaio 1994, n.64; Regolamento (CE) n.2201\/2003 Bruxelles II; Costituzione Interpol del 13 giugno 1956);<\/p>\n<p style=\"text-align: justify;\">\u2013 SUCCESSIONI: Comune italiano di ultima residenza in Italia o d\u2019iscrizione AIRE ed Agenzia delle Entrate territorialmente competente, per le successioni aperte all\u2019estero (art. 46 del D.lgs. 3 febbraio 2011, n. 71), Cancelleria del Tribunale competente, per le successioni aperte in Italia (art. 622 del Codice civile; art. 52 delle Disposizioni per l\u2019attuazione del Codice civile e disposizioni transitorie);<\/p>\n<p style=\"text-align: justify;\">\u2013 CERTIFICAZIONI E LEGALIZZAZIONI: i documenti in questione sono rilasciati all\u2019interessato o a un soggetto terzo da questi delegato;<\/p>\n<p style=\"text-align: justify;\">\u2013 FUNZIONI IN MATERIA DI NAVIGAZIONE: a seconda dello specifico procedimento amministrativo, Ministero delle Infrastrutture e dei Trasporti, Comando Generale del Corpo delle Capitanerie di Porto, Ministero dello Sviluppo Economico, Ministero delle Politiche Agricole e Forestali, Autorit\u00e0 Giudiziaria, Autorit\u00e0 Marittima, Istituto Nazionale Assistenza Infortuni Lavoratori, Comuni di residenza e medici fiduciari (RD 30 marzo 1942, n. 327 \u2013 Codice della Navigazione, DPR 15 febbraio 1952, n. 328 \u2013 Regolamento di esecuzione del Codice della Navigazione, oltre alla vigente normativa speciale applicabile alle specifiche materie);<\/p>\n<p style=\"text-align: justify;\">\u2013 FUNZIONI IN MATERIA SCOLASTICA: Ministero dell\u2019Istruzione, dell\u2019Universit\u00e0 e della Ricerca (MIUR), Uffici Scolastici Regionali (USR), Scuole e Universit\u00e0, Ministero dell\u2019Economia e delle Finanze (MEF) e Ragionerie Territoriali dello Stato (RTS) (D.lgs. 13 aprile 2017, n.64).<\/p>\n<p style=\"text-align: justify;\">7. Periodo di conservazioni dei dati<\/p>\n<p style=\"text-align: justify;\">I dati saranno conservati a tempo indeterminato, per motivi di certezza giuridica e per il rilascio di certificazioni, fatta eccezione per le impronte digitali raccolte per il passaporto elettronico e per la carta d\u2019identit\u00e0 elettronica, le quali sono conservate il tempo strettamente necessario per il rilascio del documento e, comunque, per un periodo massimo di trenta giorni.<\/p>\n<p style=\"text-align: justify;\">8. Diritti dell\u2019interessato<\/p>\n<p style=\"text-align: justify;\">L\u2019interessato ha il diritto di accedere ai propri dati personali e, alle condizioni previste dalla normativa vigente, di ottenerne rettifica. Nei limiti di legge e fatte salve le conseguenze sull\u2019erogazione del servizio consolare, egli ha altres\u00ec il diritto di chiedere la cancellazione dei dati eventualmente trattati illecitamente, la limitazione del trattamento o l\u2019opposizione al trattamento. In questi casi, l\u2019interessato dovr\u00e0 rivolgersi all&#8217;Ambasciata d&#8217;Italia in Helsinki (sede all\u2019estero), informando per conoscenza l\u2019RPD del MAECI.<\/p>\n<p style=\"text-align: justify;\">9. Reclami<\/p>\n<p style=\"text-align: justify;\">Se ritiene che i suoi diritti in materia di privatezza siano stati violati, l\u2019interessato pu\u00f2 presentare un reclamo all\u2019RPD del MAECI. Qualora non sia soddisfatto della risposta, l\u2019interessato pu\u00f2 rivolgersi al Garante per la Protezione dei Dati personali (Piazza Venezia 11, 00187 ROMA; tel. 0039 06 696771 (centralino); peo:\u00a0<a href=\"mailto:protocollo@gpdp.it\">protocollo@gpdp.it<\/a>\u00a0; pec:\u00a0<a href=\"mailto:protocollo@pec.gpdp.it\">protocollo@pec.gpdp.it<\/a><\/p>\n<p>&nbsp;<\/p>\n<p style=\"text-align: justify;\"><strong>Informativa sul trattamento dei dati personali ai fini del riconoscimento della cittadinanza italiana iure sanguinis o della sua acquisizione per naturalizzazione (artt. 5 e 7, nonch\u00e9 art. 9, comma 1, lettera c, e comma 2 della legge n. 91\/1992) \u2013 Regolamento Generale sulla Protezione dei Dati UE 2016\/679, art. 13 e 14.<\/strong><\/p>\n<p style=\"text-align: justify;\">Il trattamento dei dati personali ai fini del riconoscimento della cittadinanza italiana iure sanguinis oppure della sua acquisizione in alcuni casi di naturalizzazione (matrimonio, servizio prestato all\u2019estero o meriti speciali) sar\u00e0 improntato ai principi di liceit\u00e0, correttezza e trasparenza a tutela dei diritti e delle libert\u00e0 fondamentali delle persone fisiche.<\/p>\n<p style=\"text-align: justify;\">A tal fine, si forniscono le seguenti informazioni:<\/p>\n<p style=\"text-align: justify;\">1. I Titolari del trattamento<\/p>\n<p style=\"text-align: justify;\">Sono autonomi Titolari del trattamento il Ministero degli Affari Esteri e della Cooperazione internazionale (MAECI) della Repubblica italiana e, a seconda dei casi, il competente Comune italiano o il Ministero italiano dell\u2019Interno.<\/p>\n<p style=\"text-align: justify;\">Il MAECI agisce, nel caso specifico, per il tramite dell\u2019Ambasciata d\u2019Italia in Helsinki (It\u00e4inen Puistotie 4C 00140 Helsinki Tel.: 68 11 280 ambasciata.helsinki(at)esteri.it PEC: amb.helsinki(at)cert.esteri.it).<\/p>\n<p style=\"text-align: justify;\">2. Il Responsabile della Protezione dei Dati (RPD)<\/p>\n<p style=\"text-align: justify;\">Per quesiti o reclami in materia di privatezza, l\u2019interessato pu\u00f2 interpellare l\u2019RPD del MAECI ai seguenti recapiti: Ministero degli Affari Esteri e della Cooperazione internazionale, Piazzale della Farnesina 1, 00135 ROMA, telefono: 0039 06 36911 (centralino), peo:\u00a0<a href=\"mailto:rpd@esteri.it\">rpd@esteri.it<\/a>\u00a0, pec:<a href=\"mailto:rpd@cert.esteri.it)\">rpd@cert.esteri.it)<\/a>.<\/p>\n<p style=\"text-align: justify;\">3. Dati personali trattati<\/p>\n<p style=\"text-align: justify;\">A. RICONOSCIMENTO JURE SANGUINIS: dati anagrafici (nome, cognome, data e luogo di nascita, residenza), di contatto, stato civile e stato di famiglia, ascendenza familiare, firma autografa, copia del documento d\u2019identit\u00e0, istanza di riconoscimento della cittadinanza.<\/p>\n<p style=\"text-align: justify;\">B. NATURALIZZAZIONE: dati anagrafici (nome, cognome, data e luogo di nascita, residenza), stato di famiglia, certificazione penale rilasciata dagli Stati stranieri di origine e di residenza, copia del passaporto, istanza di acquisto della cittadinanza, certificazione della conoscenza della lingua italiana.<\/p>\n<p style=\"text-align: justify;\">4. Finalit\u00e0 e basi giuridiche del trattamento<\/p>\n<p style=\"text-align: justify;\">I dati personali trattati hanno come unica finalit\u00e0 il riconoscimento della cittadinanza italiana iure sanguinis, ai sensi degli artt. 1, 2, 3 e 4 della Legge 5 febbraio 1992, n.91, oppure l\u2019acquisizione della stessa per matrimonio (artt. 5 e 7 della predetta Legge), per servizio prestato all\u2019estero (art.9, comma 1, lettera c) o per meriti speciali (art. 9, comma 2). Ai fini del riconoscimento della cittadinanza italiana iure sanguinis si ricorre anche ad altre norme per accertare il possesso della cittadinanza italiana da parte degli antenati dell\u2019interessato. Al riguardo si fa prevalentemente ricorso alle norme contenute nel codice civile del 1865 e agli artt. 1 e 7 della Legge 13 giugno 1912, n. 555.<\/p>\n<p style=\"text-align: justify;\">Il conferimento dei dati in questione \u00e8 un requisito obbligatorio per legge ai fini della ricevibilit\u00e0 della domanda. Per il riconoscimento dalla cittadinanza iure sanguinis l\u2019obbligo \u00e8 confermato dalla Circolare del Ministero dell\u2019Interno n. k.28.1 dell\u20198 aprile 1991, mentre nei casi di naturalizzazione dall\u2019art.1 del DPR del 18 aprile 1994, n. 362, Regolamento recante disciplina di procedimenti di acquisto della cittadinanza italiana.<\/p>\n<p style=\"text-align: justify;\">5. Modalit\u00e0 del trattamento<br \/>\nIl trattamento dei dati, svolto da personale appositamente incaricato, sar\u00e0 effettuato in modalit\u00e0 mista, manuale ed automatizzata. Di conseguenza, l\u2019interessato non sar\u00e0 mai destinatario di una decisione basata unicamente sul trattamento automatizzato dei propri dati.<\/p>\n<p style=\"text-align: justify;\">6. Trasmissione dei dati a soggetti terzi<\/p>\n<p style=\"text-align: justify;\">In caso di riconoscimento, i dati saranno comunicati al Comune italiano competente per la trascrizione ai sensi dell\u2019art. 17 del DPR 3 novembre 2000, n. 396. In caso di contenzioso, i dati potrebbero essere trasmessi all\u2019Avvocatura Generale dello Stato.<br \/>\nIn caso di naturalizzazione, i dati saranno inoltrati anche al Ministero dell\u2019Interno italiano.<br \/>\nI dati potranno essere trasmessi alle autorit\u00e0 estere competenti per la verifica delle certificazioni o attestazioni prodotte dall\u2019interessato.<\/p>\n<p style=\"text-align: justify;\">7. Periodo di conservazione dei dati<\/p>\n<p style=\"text-align: justify;\">I dati saranno conservati a tempo indeterminato, per motivi di certezza giuridica e per il rilascio di certificazioni.<\/p>\n<p style=\"text-align: justify;\">8. Diritti dell\u2019interessato<\/p>\n<p style=\"text-align: justify;\">L\u2019interessato ha il diritto di accedere ai propri dati personali e, alle condizioni previste dalla normativa vigente, di ottenerne, se del caso, la rettifica. Nei limiti previsti dalla legge e fatte salve le conseguenze sul seguito dell\u2019iter amministrativo, egli pu\u00f2 altres\u00ec chiedere la cancellazione dei dati eventualmente trattati illecitamente, la limitazione del trattamento o l\u2019opposizione al trattamento. In questi casi, l\u2019interessato dovr\u00e0 rivolgersi all&#8217;Ambasciata d&#8217;Italia in Helsinki, informando per conoscenza l\u2019RPD del MAECI.<\/p>\n<p style=\"text-align: justify;\">9. Reclami<\/p>\n<p style=\"text-align: justify;\">Se ritiene che i suoi diritti in materia di privatezza siano stati violati, l\u2019interessato pu\u00f2 presentare un reclamo all\u2019RPD del MAECI. Qualora non sia soddisfatto della risposta, l\u2019interessato pu\u00f2 rivolgersi al Garante per la Protezione dei Dati personali (Piazza Venezia 11, 00187 ROMA; tel. 0039 06 696771 (centralino); peo:\u00a0<a href=\"mailto:protocollo@gpdp.it\">protocollo@gpdp.it<\/a>\u00a0; pec:<a href=\"mailto:protocollo@pec.gpdp.it\">protocollo@pec.gpdp.it<\/a>\u00a0)<\/p>\n","protected":false},"excerpt":{"rendered":"Informativa sul trattamento dei dati personali ai fini dell\u2019erogazione dei servizi consolari ad esclusione del rilascio dei visti e delle pratiche di cittadinanza (Regolamento Generale sulla Protezione dei Dati UE 2016\/679, art. 13 e 14) Il trattamento dei dati personali ai fini dell\u2019erogazione dei servizi consolari sar\u00e0 improntato ai principi di liceit\u00e0, correttezza e trasparenza [&hellip;]","protected":false},"author":8,"featured_media":0,"parent":47,"menu_order":30,"comment_status":"closed","ping_status":"closed","template":"","meta":{"footnotes":""},"class_list":["post-1976","page","type-page","status-publish","hentry"],"_links":{"self":[{"href":"https:\/\/ambhelsinki.esteri.it\/it\/wp-json\/wp\/v2\/pages\/1976","targetHints":{"allow":["GET"]}}],"collection":[{"href":"https:\/\/ambhelsinki.esteri.it\/it\/wp-json\/wp\/v2\/pages"}],"about":[{"href":"https:\/\/ambhelsinki.esteri.it\/it\/wp-json\/wp\/v2\/types\/page"}],"author":[{"embeddable":true,"href":"https:\/\/ambhelsinki.esteri.it\/it\/wp-json\/wp\/v2\/users\/8"}],"replies":[{"embeddable":true,"href":"https:\/\/ambhelsinki.esteri.it\/it\/wp-json\/wp\/v2\/comments?post=1976"}],"version-history":[{"count":2,"href":"https:\/\/ambhelsinki.esteri.it\/it\/wp-json\/wp\/v2\/pages\/1976\/revisions"}],"predecessor-version":[{"id":1980,"href":"https:\/\/ambhelsinki.esteri.it\/it\/wp-json\/wp\/v2\/pages\/1976\/revisions\/1980"}],"up":[{"embeddable":true,"href":"https:\/\/ambhelsinki.esteri.it\/it\/wp-json\/wp\/v2\/pages\/47"}],"wp:attachment":[{"href":"https:\/\/ambhelsinki.esteri.it\/it\/wp-json\/wp\/v2\/media?parent=1976"}],"curies":[{"name":"wp","href":"https:\/\/api.w.org\/{rel}","templated":true}]}}