{"id":2438,"date":"2024-10-15T14:38:27","date_gmt":"2024-10-15T11:38:27","guid":{"rendered":"https:\/\/ambhelsinki.esteri.it\/?page_id=2438"},"modified":"2025-06-10T16:00:14","modified_gmt":"2025-06-10T13:00:14","slug":"dichiarazione-di-valore","status":"publish","type":"page","link":"https:\/\/ambhelsinki.esteri.it\/it\/servizi-consolari-e-visti\/servizi-per-il-cittadino-straniero\/dichiarazione-di-valore\/","title":{"rendered":"Dichiarazione di Valore"},"content":{"rendered":"<h4>Informazioni generali<\/h4>\n<p>La Dichiarazione di Valore \u00e8 un documento informativo che ha la funzione di assicurare la massima trasparenza e consentire alle pubbliche amministrazioni competenti di valutare compiutamente il titolo per il quale viene chiesto il riconoscimento.<br \/>\nTuttavia, la Dichiarazione di valore non implica di per s\u00e9 alcun riconoscimento n\u00e9 produce effetti giuridici cogenti, immediati e automatici. Si ricorda inoltre, che la competenza per il riconoscimento dei cicli e dei periodi di studio svolti all&#8217;estero e dei titoli di studio stranieri, ai fini dell&#8217;accesso all&#8217;istruzione superiore, del proseguimento degli studi universitari e del conseguimento dei titoli universitari italiani, \u00e8 attribuita alle singole Universit\u00e0 ed agli Istituti di istruzione universitaria, che la esercitano nell&#8217;ambito della loro autonomia e in conformit\u00e0 ai rispettivi ordinamenti, fatti salvi gli accordi bilaterali in materia.<\/p>\n<p>Si segnala peraltro che presso il CIMEA (<a href=\"https:\/\/www.cimea.it\/\">Centro di Informazione sulle Mobilit\u00e0 ed Equipollenze Accademiche<\/a>) \u00e8 attivo il <em>Credential Information Service<\/em> (CIS), che rilascia un Attestato di comparabilit\u00e0 di un titolo di studio estero, che svolge in parte funzioni analoghe a quelle della Dichiarazione di valore. Tale attestato, nel fornire informazioni riguardo al titolo, non ne garantisce per\u00f2 l&#8217;autenticit\u00e0. Alla luce di ci\u00f2 e in considerazione della discrezionalit\u00e0 che ogni amministrazione ha nel valutare i titoli esteri, l&#8217;attestato di comparabilit\u00e0 non viene sempre ritenuto sufficiente. Si suggerisce in ogni caso a coloro che intendono presentare istanza di Dichiarazione di Valore di effettuare le opportune verifiche con il CIMEA (info(at)cimea.it) e con l\u2019Universit\u00e0 \/ Pubblica Amministrazione che dovr\u00e0 valutare il titolo, in modo da accertare preventivamente se la Dichiarazione di valore sia assolutamente necessaria o se sia sufficiente la presentazione dell&#8217;attestato di comparabilit\u00e0 rilasciato dal CIMEA.<\/p>\n<p>L\u2019Ambasciata d\u2019Italia in Helsinki pu\u00f2 rilasciare la Dichiarazione di Valore soltanto in riferimento ai titoli di studio e titoli professionali finlandesi.<\/p>\n<p>Per i titoli di studio IB (International Baccalaureate) si prega di contattare il Consolato Generale d\u2019Italia in Ginevra (scuola.ginevra@esteri.it, tel. +41 (0)22 839 67 48\/9).<\/p>\n<h4>Presentazione della richiesta<\/h4>\n<p>La documentazione da presentare per la richiesta della Dichiarazione di Valore relativa ad un titolo di studio finlandese \u00e8 la seguente:<\/p>\n<ol>\n<li><strong><a href=\"https:\/\/ambhelsinki.esteri.it\/wp-content\/uploads\/2025\/06\/Modulo_Dichiarazione_di_Valore_ita.pdf\">Modulo di richiesta<\/a><\/strong>, compilato e firmato;<\/li>\n<li>Copia del <strong>documento d\u2019identit\u00e0<\/strong> in corso di validit\u00e0 (es. passaporto o carta d\u2019identit\u00e0)<\/li>\n<li><strong>Titolo di studio finlandese in originale, munito di Apostille<\/strong>. In alternativa si pu\u00f2 presentare una copia conforme all\u2019originale del titolo di studio, munita di Apostille. In Finlandia l\u2019Apostille viene rilasciata dal notaio pubblico presso <a href=\"https:\/\/dvv.fi\/en\/apostille-en\">Digi-ja v\u00e4est\u00f6tietovirasto<\/a>.\n<ul>\n<li>Per il diploma di maturit\u00e0 includere: <em>ylioppilastutkintotodistus<\/em> e <em>lukion p\u00e4\u00e4tt\u00f6todistus<\/em><\/li>\n<li>Per i titoli universitari includere: il diploma di laurea &#8220;<em>tutkintotodistus<\/em>&#8220;, la lista degli esami &#8220;<em>opintosuoritusote<\/em>&#8221; e l&#8217;allegato Diploma Supplement.<\/li>\n<\/ul>\n<\/li>\n<li><strong>Traduzione del titolo di studio e degli allegati in lingua italiana effettuata da un traduttore autorizzato, munita della relativa Apostille<\/strong>. Il registro dei traduttori autorizzati in Finlandia \u00e8 reperibile <a href=\"https:\/\/akr.opintopolku.fi\/akr\/etusivu\">qui<\/a>.<\/li>\n<li><strong>Ricevuta di pagamento dei diritti consolari<\/strong>. Nel caso si richiede la dichiarazione di valore per motivi differenti dallo studio (es. lavoro), allegare la ricevuta di avvenuto bonifico sul conto dell\u2019Ambasciata dell\u2019equivalente della percezione da versare per il documento, pari a \u20ac50,00.\u00a0 La Dichiarazione di Valore \u00e8 gratuita solo se richiesta per motivi di studio.\n<ul>\n<li>Intestatario: Italian Embassy \u2013 Helsinki<br \/>\nIBAN: FI40 1820 3000 0327 14<br \/>\nSWIFT\/BIC: NDEAFIHH<br \/>\nCausale: &#8220;Dichiarazione di Valore, cognome e nome&#8221;<br \/>\nNumero di riferimento: 18610 (facoltativo) .<\/li>\n<\/ul>\n<\/li>\n<li><strong>Busta <\/strong><strong>preaffrancata <\/strong>con l&#8217;indirizzo per la spedizione di ritorno dei documenti, se si vuole ricevere la Dichiarazione di Valore via posta. In alternativa \u00e8 possibile ritirare la documentazione di persona presso l&#8217;Ambasciata.<\/li>\n<\/ol>\n<p>La richiesta con i relativi documenti pu\u00f2 essere consegnata di persona, previo appuntamento, oppure spedita via posta.<\/p>\n<p>Per richiedere la Dichiarazione di Valore si prega di contattare l&#8217;Ufficio consolare via e-mail a consolato.helsinki(at)esteri.it.<\/p>\n","protected":false},"excerpt":{"rendered":"Informazioni generali La Dichiarazione di Valore \u00e8 un documento informativo che ha la funzione di assicurare la massima trasparenza e consentire alle pubbliche amministrazioni competenti di valutare compiutamente il titolo per il quale viene chiesto il riconoscimento. Tuttavia, la Dichiarazione di valore non implica di per s\u00e9 alcun riconoscimento n\u00e9 produce effetti giuridici cogenti, immediati [&hellip;]","protected":false},"author":10,"featured_media":0,"parent":48,"menu_order":3,"comment_status":"closed","ping_status":"closed","template":"","meta":{"footnotes":""},"class_list":["post-2438","page","type-page","status-publish","hentry"],"_links":{"self":[{"href":"https:\/\/ambhelsinki.esteri.it\/it\/wp-json\/wp\/v2\/pages\/2438","targetHints":{"allow":["GET"]}}],"collection":[{"href":"https:\/\/ambhelsinki.esteri.it\/it\/wp-json\/wp\/v2\/pages"}],"about":[{"href":"https:\/\/ambhelsinki.esteri.it\/it\/wp-json\/wp\/v2\/types\/page"}],"author":[{"embeddable":true,"href":"https:\/\/ambhelsinki.esteri.it\/it\/wp-json\/wp\/v2\/users\/10"}],"replies":[{"embeddable":true,"href":"https:\/\/ambhelsinki.esteri.it\/it\/wp-json\/wp\/v2\/comments?post=2438"}],"version-history":[{"count":6,"href":"https:\/\/ambhelsinki.esteri.it\/it\/wp-json\/wp\/v2\/pages\/2438\/revisions"}],"predecessor-version":[{"id":3435,"href":"https:\/\/ambhelsinki.esteri.it\/it\/wp-json\/wp\/v2\/pages\/2438\/revisions\/3435"}],"up":[{"embeddable":true,"href":"https:\/\/ambhelsinki.esteri.it\/it\/wp-json\/wp\/v2\/pages\/48"}],"wp:attachment":[{"href":"https:\/\/ambhelsinki.esteri.it\/it\/wp-json\/wp\/v2\/media?parent=2438"}],"curies":[{"name":"wp","href":"https:\/\/api.w.org\/{rel}","templated":true}]}}