{"id":2510,"date":"2024-10-15T14:30:40","date_gmt":"2024-10-15T11:30:40","guid":{"rendered":"https:\/\/ambhelsinki.esteri.it\/?page_id=2510"},"modified":"2026-02-12T12:06:57","modified_gmt":"2026-02-12T10:06:57","slug":"codice-fiscale","status":"publish","type":"page","link":"https:\/\/ambhelsinki.esteri.it\/it\/servizi-consolari-e-visti\/servizi-per-il-cittadino-straniero\/codice-fiscale\/","title":{"rendered":"Codice fiscale"},"content":{"rendered":"<p>Il codice fiscale, che costituisce lo strumento di identificazione del cittadino nei rapporti con gli enti e le amministrazioni pubbliche italiane, viene rilasciato dall\u2019Agenzia delle Entrate.<br \/>\nEsso pu\u00f2 essere richiesto all\u2019estero, sia dagli italiani che dagli stranieri, per il tramite dell\u2019Ufficio consolare.<br \/>\nL\u2019attribuzione del codice fiscale \u00e8 immediata ed avviene attraverso un apposito collegamento telematico con il servizio Fisconline dell\u2019Agenzia delle Entrate. Il tesserino verr\u00e0 successivamente spedito da quest\u2019ultima. I tempi di produzione del tesserino sono al momento di 2-3 mesi.<\/p>\n<p><strong>RICHIESTA PER I CITTADINI STRANIERI:<\/strong><\/p>\n<p>Gli <strong>STUDENTI<\/strong> che necessitino il codice fiscale per la pre-iscrizione presso una Universit\u00e0 italiana possono richiederlo direttamente in Italia presso gli <a href=\"https:\/\/www.agenziaentrate.gov.it\/portale\/siti-web-regionali\">Uffici dell&#8217;Agenzia delle Entrate<\/a> (<strong>studenti UE<\/strong>), oppure presso la Questura competente al momento della richiesta di Permesso di Soggiorno (<strong>studenti extra-UE<\/strong>). Per maggiori informazioni si rimanda a:\u00a0<a href=\"https:\/\/www.agenziaentrate.gov.it\/portale\/documents\/20143\/233505\/Folder_CodiceFiscaleStranieri_ING.pdf\/23b9c5b2-4713-155c-9e18-07e60798dbfa?t=1682082532628\">Agenzia delle Entrate<\/a>,\u00a0<a href=\"https:\/\/www.esteri.it\/it\/servizi-consolari-e-visti\/italiani-all-estero\/codice_fiscale\/\">Codice Fiscale \u2013 Ministero degli Affari Esteri e della Cooperazione Internazionale<\/a><\/p>\n<p>I cittadini stranieri che necessitino del codice fiscale per <strong>ACQUISTO di immobili o per ALTRE ATTIVIT\u00e0 COMMERICALI\/FINANZIARIE<\/strong>\u00a0in Italia possono delegare un loro rappresentante a richiedere il codice fiscale all\u2019Agenzia delle Entrate per proprio conto.<\/p>\n<p>I\u00a0<strong>cittadini di Paesi UE che intendono SOGGIORNARE in Italia<\/strong> possono chiedere il Codice fiscale presentando il modello AA4\/8 a un <a href=\"https:\/\/www.agenziaentrate.gov.it\/portale\/siti-web-regionali\">Ufficio territoriale dell&#8217;Agenzia delle Entrate<\/a>. La richiesta deve essere <span style=\"text-decoration: underline;\">motivata<\/span> e accompagnata da un <span style=\"text-decoration: underline;\">documento<\/span> in corso di validit\u00e0 (passaporto o carta d\u2019identit\u00e0 valida per l\u2019espatrio).<\/p>\n<p>Ai <strong>cittadini di Paesi extra-UE che intendono SOGGIORNARE in Italia<\/strong> il codice fiscale \u00e8 attribuito:<\/p>\n<p>&#8211; dallo Sportello unico per l\u2019Immigrazione, presente in ogni Prefettura e competente per il rilascio del nulla osta all\u2019ingresso ai cittadini stranieri che richiedono il permesso di soggiorno per lavoro dipendente o ricongiungimento familiare;<\/p>\n<p>&#8211; dalla Questura, ufficio della Polizia di Stato, per i cittadini stranieri che richiedono altre tipologie di permessi di soggiorno.<\/p>\n<p>Il cittadino straniero che necessiti il codice fiscale per <strong>l\u2019avvio di un procedimento giudiziario in Italia<\/strong> potr\u00e0 pu\u00f2 includere tra le deleghe attribuite all\u2019avvocato cui affida l\u2019incarico quella di richiedere il CF presso un qualunque <a href=\"https:\/\/www.agenziaentrate.gov.it\/portale\/siti-web-regionali\">Ufficio territoriale dell&#8217;Agenzia delle Entrate<\/a>.<\/p>\n<p><strong>Nei casi che non rientrano tra quelli suindicati<\/strong>, il codice fiscale pu\u00f2 essere richiesto all\u2019Ufficio consolare del Paese di residenza. A tal fine \u00e8 necessario presentare il <a href=\"https:\/\/ambhelsinki.esteri.it\/wp-content\/uploads\/2023\/08\/FORM_A1.pdf\"><strong>Modulo di richiesta in lingua inglese<\/strong><\/a> (<a href=\"https:\/\/ambhelsinki.esteri.it\/wp-content\/uploads\/2024\/07\/ITA-istruzioni-cf-AA48_istruzioni-modello-AA4-8.pdf\"><strong>istruzioni per la compilazione in lingua inglese<\/strong><\/a>) compilato e sottoscritto, unitamente alla <span style=\"text-decoration: underline;\">copia di un documento d\u2019identit\u00e0.<\/span><br \/>\nLa documentazione va inviata alla sezione consolare dell\u2019Ambasciata <span style=\"text-decoration: underline;\">via e-mail<\/span> (consolato.helsinki(at)esteri.it), oppure <span style=\"text-decoration: underline;\">spedita via posta<\/span> a Italian Suurl\u00e4hetyst\u00f6, It\u00e4inen Puistotie 4 C, 00140 Helsinki. In quest&#8217;ultimo caso \u00e8 necessario trascrivere l<span style=\"text-decoration: underline;\">&#8216;indirizzo email<\/span> al quale si desidera ricevere il certificato di attribuzione del codice fiscale.<\/p>\n<p>All&#8217;interno del modulo si prega di indicare, nel quadro A, il &#8220;codice tipologia richiedente&#8221;, selezionando il numero da 1 a 4 corrispondente alle seguenti motivazioni:<\/p>\n<p><em>Richiesta diretta (tipo \u201cD\u201d)<\/em><br \/>\n<em>01. Studente non residente per iscrizione scuola\/universit\u00e0<\/em><br \/>\n<em>02. Lavoratore non residente<\/em><br \/>\n<em>03. Soggetto temporaneamente presente sul territorio dello Stato<\/em><br \/>\n<em>04. Altre tipologie di richiesta diretta<\/em><\/p>\n<p>Al termine del procedimento, l&#8217;Ufficio consolare invier\u00e0 via e-mail al richiedente una scansione del certificato di attribuzione del codice fiscale.<\/p>\n<p>Qualora il richiedente desiderasse il tesserino fisico, dovr\u00e0 far pervenire all&#8217;Ufficio consolare una busta preaffrancata per la spedizione.<\/p>\n","protected":false},"excerpt":{"rendered":"Il codice fiscale, che costituisce lo strumento di identificazione del cittadino nei rapporti con gli enti e le amministrazioni pubbliche italiane, viene rilasciato dall\u2019Agenzia delle Entrate. Esso pu\u00f2 essere richiesto all\u2019estero, sia dagli italiani che dagli stranieri, per il tramite dell\u2019Ufficio consolare. L\u2019attribuzione del codice fiscale \u00e8 immediata ed avviene attraverso un apposito collegamento telematico [&hellip;]","protected":false},"author":10,"featured_media":0,"parent":48,"menu_order":2,"comment_status":"closed","ping_status":"closed","template":"","meta":{"footnotes":""},"class_list":["post-2510","page","type-page","status-publish","hentry"],"_links":{"self":[{"href":"https:\/\/ambhelsinki.esteri.it\/it\/wp-json\/wp\/v2\/pages\/2510","targetHints":{"allow":["GET"]}}],"collection":[{"href":"https:\/\/ambhelsinki.esteri.it\/it\/wp-json\/wp\/v2\/pages"}],"about":[{"href":"https:\/\/ambhelsinki.esteri.it\/it\/wp-json\/wp\/v2\/types\/page"}],"author":[{"embeddable":true,"href":"https:\/\/ambhelsinki.esteri.it\/it\/wp-json\/wp\/v2\/users\/10"}],"replies":[{"embeddable":true,"href":"https:\/\/ambhelsinki.esteri.it\/it\/wp-json\/wp\/v2\/comments?post=2510"}],"version-history":[{"count":6,"href":"https:\/\/ambhelsinki.esteri.it\/it\/wp-json\/wp\/v2\/pages\/2510\/revisions"}],"predecessor-version":[{"id":4040,"href":"https:\/\/ambhelsinki.esteri.it\/it\/wp-json\/wp\/v2\/pages\/2510\/revisions\/4040"}],"up":[{"embeddable":true,"href":"https:\/\/ambhelsinki.esteri.it\/it\/wp-json\/wp\/v2\/pages\/48"}],"wp:attachment":[{"href":"https:\/\/ambhelsinki.esteri.it\/it\/wp-json\/wp\/v2\/media?parent=2510"}],"curies":[{"name":"wp","href":"https:\/\/api.w.org\/{rel}","templated":true}]}}