{"id":315,"date":"2023-08-08T14:41:32","date_gmt":"2023-08-08T11:41:32","guid":{"rendered":"https:\/\/ambhelsinki.esteri.it\/?page_id=315"},"modified":"2025-08-14T12:03:29","modified_gmt":"2025-08-14T09:03:29","slug":"carta-didentita-elettronica-cie","status":"publish","type":"page","link":"https:\/\/ambhelsinki.esteri.it\/it\/servizi-consolari-e-visti\/servizi-per-il-cittadino-italiano\/carta-didentita-elettronica-cie\/","title":{"rendered":"Carta d&#8217;identit\u00e0 elettronica (CIE)"},"content":{"rendered":"<p style=\"text-align: justify;\">La carta d&#8217;identit\u00e0 \u00e8 un documento personale di riconoscimento valido per identificarsi e circolare nell\u2019Unione europea, in alcuni Stati aderenti all&#8217;accordo di Schengen (ad es. Islanda, Norvegia e Svizzera) e in altri Stati con cui sono stati raggiunti accordi bilaterali (vedasi le singole \u201cschede Paese\u201d sul sito <a href=\"http:\/\/www.viaggiaresicuri.it\/\">Viaggiare sicuri<\/a>).<\/p>\n<p style=\"text-align: justify;\">La carta d\u2019identit\u00e0 elettronica (CIE) \u00e8 la nuova carta d\u2019identit\u00e0 in formato tessera; oltre a svolgere le stesse funzioni di quella cartacea, consente di accedere ai servizi online delle Pubbliche Amministrazioni italiane.<\/p>\n<h5 style=\"text-align: justify;\"><strong>1) A chi pu\u00f2 essere rilasciata la carta d\u2019identit\u00e0 elettronica?<\/strong><\/h5>\n<p style=\"text-align: justify;\">L&#8217;Ambasciata d&#8217;Italia a Helsinki pu\u00f2 rilasciare la carta d&#8217;identit\u00e0 <span style=\"text-decoration: underline;\">esclusivamente<\/span> ai cittadini italiani regolarmente residenti nella propria circoscrizione consolare (il territorio dalla Repubblica di Finlandia), registrati nello schedario consolare e i cui dati anagrafici siano gi\u00e0 presenti nel registro AIRE (Anagrafe degli Italiani Residenti all&#8217;Estero) del Ministero dell&#8217;Interno.<br \/>\nLa CIE viene rilasciata a chi abbia la <span style=\"text-decoration: underline;\">carta d\u2019identit\u00e0 elettronica (CIE) in scadenza<\/span> (negli ultimi 6 mesi prima della scadenza) o in caso di furto, smarrimento o deterioramento della carta d&#8217;identit\u00e0 precedente. Pu\u00f2 essere, inoltre, rilasciata ai titolari della <span style=\"text-decoration: underline;\">carta d&#8217;identit\u00e0 cartacea<\/span> scaduta o in corso di validit\u00e0.<br \/>\nChi non \u00e8 registrato all\u2019AIRE dovr\u00e0 prima regolarizzare la propria iscrizione anagrafica tramite il portale <a href=\"https:\/\/serviziconsolari.esteri.it\/ScoFE\/index.sco\">Fast It<\/a> e attendere, prima di poter far domanda, di essere inserito in tale registro da parte del Comune italiano competente (per i cittadini non iscritti all\u2019AIRE, la competenza al rilascio della carta d\u2019identit\u00e0 rimane al Comune di residenza).<br \/>\nAi fini della registrazione nella banca dati AIRE \u00e8 indispensabile, per i cittadini italiani nati all\u2019estero, che l\u2019atto di nascita risulti gi\u00e0 trascritto nei registri di Stato Civile del Comune di riferimento.<br \/>\n<strong>Nel caso si sia cambiato indirizzo di residenza (rispetto a quello comunicato all\u2019Ufficio consolare), \u00e8 necessario chiedere la variazione di indirizzo tramite il portale\u00a0<a href=\"https:\/\/serviziconsolari.esteri.it\/ScoFE\/index.sco\">Fast It<\/a>.<\/strong><br \/>\nInoltre, per ottenere la CIE \u00e8 indispensabile possedere il codice fiscale validato dall\u2019Agenzia delle Entrate. Qualora il connazionale non sia in possesso di un codice fiscale o quest\u2019ultimo non sia stato validato, sar\u00e0 cura dell\u2019Ambasciata richiederlo tramite l\u2019Agenzia delle Entrate o richiederne la validazione.<\/p>\n<h5 style=\"text-align: justify;\"><strong>2) Come si richiede la carta d\u2019identit\u00e0 elettronica (CIE)?<\/strong><\/h5>\n<p style=\"text-align: justify;\">La prenotazione degli appuntamenti per il rilascio della Carta di Identit\u00e0 Elettronica \u00e8 effettuata\u00a0ESCLUSIVAMENTE\u00a0tramite il portale\u00a0<a href=\"https:\/\/prenotami.esteri.it\/\"><strong>Prenot@mi<\/strong><\/a>. Il servizio di prenotazione \u00e8 completamente gratuito e automatizzato: l&#8217;utente stesso pu\u00f2 gestire il proprio account ed i propri appuntamenti, previa registrazione iniziale al portale. Le istruzioni sulle modalit\u00e0 di accesso e prenotazione del portale <a href=\"https:\/\/prenotami.esteri.it\/\"><strong>Prenot@mi<\/strong><\/a>\u00a0sono consultabili\u00a0<a href=\"https:\/\/ambhelsinki.esteri.it\/wp-content\/uploads\/2023\/09\/Istruzioni-Prenot@mi.pdf\">qui<\/a><a href=\"https:\/\/ambhelsinki.esteri.it\/wp-content\/uploads\/2023\/09\/Istruzioni-Prenot@mi.pdf\">.<\/a><\/p>\n<p style=\"text-align: justify;\">Solo in caso di comprovate e documentabili situazioni di emergenza potr\u00e0 essere prenotato un appuntamento via email. La Sezione consolare provveder\u00e0 a verificare i motivi che giustificano l\u2019urgenza e a confermare l\u2019appuntamento. <span style=\"text-decoration: underline;\">ATTENZIONE!<\/span>\u00a0gli appuntamenti gi\u00e0 assegnati, in via del tutto eccezionale, dall\u2019ufficio consolare tramite e-mail sono confermati e non devono essere ri-prenotati!<\/p>\n<p style=\"text-align: justify;\">Dal momento della richiesta alla data fissata per l\u2019appuntamento trascorrono almeno 15 giorni, necessari per consentire all\u2019Ufficio consolare di effettuare il controllo dei dati anagrafici, risolvere eventuali disallineamenti e verificare che non sussistano cause ostative al rilascio del documento.<\/p>\n<h5 style=\"text-align: justify;\"><strong>3) Quanto costa la CIE?<\/strong><\/h5>\n<p><strong>La tariffa consolare per il rilascio di una nuova CIE \u00e8 di <span style=\"text-decoration: underline;\">21,95 \u20ac<\/span>.<\/strong><\/p>\n<p>Solo in caso di smarrimento, furto o deterioramento della carta d\u2019identit\u00e0 elettronica CIE in corso di validit\u00e0, la tariffa consolare \u00e8 di <strong>27,11 \u20ac<\/strong>. NB: tale tariffa non si applica nel caso di smarrimento, furto o deterioramento della carta d\u2019identit\u00e0 cartacea (CIC).<\/p>\n<p>Il pagamento pu\u00f2 avvenire tramite bonifico bancario, da eseguire con almeno 2 giorni di anticipo al seguente conto corrente: :<\/p>\n<p>intestatario: Italian Embassy \u2013 Helsinki<br \/>\nIBAN: FI40 1820 3000 0327 14<br \/>\nSWIFT\/BIC: NDEAFIHH<br \/>\nNell\u2019effettuare il pagamento andranno compilati i seguenti campi:<br \/>\nCausale: dovr\u00e0 essere indicato l\u2019atto richiesto (es. rilascio Carta d\u2019identit\u00e0 elettronica) ed il nominativo della persona alla quale l\u2019atto stesso verr\u00e0 rilasciato<\/p>\n<h5 style=\"text-align: justify;\"><strong>4) Qual \u00e8 la documentazione necessaria per richiedere la CIE?<\/strong><\/h5>\n<p style=\"text-align: justify;\">Il giorno dell\u2019appuntamento, il richiedente deve presentarsi munito di:<br \/>\n&#8211; <strong><a href=\"https:\/\/ambhelsinki.esteri.it\/wp-content\/uploads\/2023\/08\/Modulo_rilascio_CIE_maggiorenni.pdf\">modulo di richiesta<\/a> compilato e sottoscritto<\/strong>.<br \/>\n&#8211;\u00a0<strong>carta d\u2019identit\u00e0 precedente<\/strong> (se non la si possiede, altro documento di riconoscimento in corso di validit\u00e0; se non si possiede altro documento di riconoscimento, due testimoni); se si richiede la CIE per un minorenne, \u00e8 necessario che anche il genitore che accompagna presenti un documento di riconoscimento.<br \/>\n&#8211;\u00a0<strong>1 fototessera, conforme alla <a href=\"https:\/\/www.esteri.it\/it\/servizi-consolari-e-visti\/italiani-all-estero\/documenti_di_viaggio\/linee-guida-foto-icao\/\">normativa ICAO<\/a><\/strong> (recente, frontale, a colori, su sfondo bianco uniforme, formato 35 x 45 mm). A partire dall&#8217;et\u00e0 di 12 anni \u00e8 prevista la possibilit\u00e0 di fare la fotografia allo sportello consolare durante l&#8217;appuntamento a titolo gratuito.<br \/>\n&#8211; <strong>nel caso in cui la CIE sia richiesta per un minore<\/strong>, si prega di utilizzare il <a href=\"https:\/\/ambhelsinki.esteri.it\/wp-content\/uploads\/2023\/08\/Modulo_rilascio_CIE_minori.pdf\">modulo dedicato.<\/a><br \/>\nSe l\u2019altro genitore non \u00e8 cittadino dell&#8217;Unione Europea, la sua firma sull\u2019atto di assenso va autenticata presso l&#8217;Ufficio consolare al momento dell&#8217;appuntamento o da autorit\u00e0 competente (pubblico ufficiale o notaio). Al fine di verificare la correttezza dell&#8217;atto di assenso presentato, \u00e8 necessario che il minore sia gi\u00e0 iscritto all\u2019anagrafe o che venga presentato l\u2019originale del certificato di nascita da cui si evincano maternit\u00e0 e paternit\u00e0 del minore.<br \/>\n&#8211; nel caso in cui il richiedente non sia pi\u00f9 in possesso del precedente documento in seguito a<strong> furto o smarrimento, \u00e8 necessario presentare la denuncia<\/strong> effettuata presso le Autorit\u00e0 di polizia finlandesi.<br \/>\n&#8211; <strong>ricevuta di pagamento dei diritti consolari pari a 21,95\u20ac<\/strong> con bonifico bancario, da effettuare con almeno 2 giorni in anticipo (solo in caso di deterioramento, furto o smarrimento della carta d&#8217;identit\u00e0 elettronica valida, la somma \u00e8 pari a 27,11\u20ac).<\/p>\n<h5 style=\"text-align: justify;\"><strong>5) Quali sono le operazioni che saranno effettuate il giorno dell\u2019appuntamento?<\/strong><\/h5>\n<p style=\"text-align: justify;\">Il giorno dell\u2019appuntamento, l\u2019operatore consolare acquisisce la documentazione indicata al punto precedente, effettua il riconoscimento e la verifica della foto ed acquisisce le impronte digitali e la firma (salvo per i minori di anni 12).<br \/>\nAnche i minori di et\u00e0 inferiore ai 12 anni devono essere presenti, perch\u00e9 \u00e8 necessaria la loro identificazione da parte del funzionario dell&#8217;ufficio. I minori devono essere sempre accompagnati da uno dei genitori o comunque dal titolare della responsabilit\u00e0 genitoriale.<\/p>\n<h5 style=\"text-align: justify;\"><strong>6) Come si riceve la Carta d\u2019identit\u00e0 elettronica?<\/strong><\/h5>\n<p style=\"text-align: justify;\">La CIE \u00e8 emessa dal Ministero dell\u2019Interno e prodotta dall\u2019Istituto Poligrafico e Zecca dello Stato, che la spedisce, a mezzo posta raccomandata, all\u2019indirizzo di residenza (o recapito) dichiarato dal richiedente. Salvo casi particolari, la CIE sar\u00e0 recapitata per posta entro 15 giorni dal giorno dell\u2019appuntamento (il connazionale potr\u00e0 seguire la raccomandata autonomamente online, attraverso il codice di tracciamento).<br \/>\nIn caso di mancata consegna, scaduto il termine di giacenza presso l\u2019ufficio postale, il plico verr\u00e0 restituito all\u2019Ufficio consolare per ulteriori tentativi di consegna.<\/p>\n<h5 style=\"text-align: justify;\"><strong>7) Quanto tempo vale la carta d\u2019identit\u00e0?<\/strong><\/h5>\n<p style=\"text-align: justify;\">La validit\u00e0 della carta d\u2019identit\u00e0 varia a seconda dell&#8217;et\u00e0 del titolare ed \u00e8 di:<br \/>\n&#8211; 3 anni per i minori di et\u00e0 compresa tra 0 e 3 anni;<br \/>\n&#8211; 5 anni per i minori di et\u00e0 compresa tra 3 anni e il raggiungimento della maggiore et\u00e0 (18 anni);<br \/>\n&#8211; 10 anni dai 18 anni di et\u00e0.<\/p>\n<h5 style=\"text-align: justify;\"><strong>8) Cos\u2019\u00e8 l\u2019atto di assenso?<\/strong><\/h5>\n<p style=\"text-align: justify;\">L&#8217;atto di assenso \u00e8 una dichiarazione personale prevista dalla legge italiana, che il genitore pu\u00f2 sottoscrivere utilizzando l&#8217;apposito modulo &#8220;<a href=\"https:\/\/ambhelsinki.esteri.it\/wp-content\/uploads\/2023\/08\/atto_di_assenso_in_favore_dei_figli_minori.pdf\">atto di assenso<\/a>&#8220;, a questo va allegata una fotocopia del proprio documento di identit\u00e0.<br \/>\nSe l\u2019altro genitore non \u00e8 cittadino dell\u2019Unione europea, la sua firma va apposta personalmente e autenticata dall\u2019Ufficio consolare o o da altra autorit\u00e0 competente (pubblico ufficiale o notaio).<br \/>\nAl fine di verificare la correttezza dell\u2019atto di assenso presentato, \u00e8 necessario che il minore sia iscritto in anagrafe o che sia presentato originale del certificato di nascita da cui si evincano maternit\u00e0 e paternit\u00e0 del minore.<br \/>\nIn caso di decesso di uno dei genitori, \u00e8 necessario presentare l\u2019atto di morte dello stesso.<\/p>\n<h5 style=\"text-align: justify;\"><strong>9) \u00c8 possibile modificare la propria carta d\u2019identit\u00e0?<\/strong><\/h5>\n<p style=\"text-align: justify;\">No. La carta d\u2019identit\u00e0 \u00e8 un documento di identit\u00e0 e non di residenza o di stato civile. Non \u00e8 possibile aggiornare l\u2019indirizzo sulla carta.<\/p>\n<h5 style=\"text-align: justify;\"><strong>10) \u00c8 possibile inserire il cognome del coniuge?<\/strong><\/h5>\n<p style=\"text-align: justify;\">No, non \u00e8 possibile.<\/p>\n","protected":false},"excerpt":{"rendered":"La carta d&#8217;identit\u00e0 \u00e8 un documento personale di riconoscimento valido per identificarsi e circolare nell\u2019Unione europea, in alcuni Stati aderenti all&#8217;accordo di Schengen (ad es. Islanda, Norvegia e Svizzera) e in altri Stati con cui sono stati raggiunti accordi bilaterali (vedasi le singole \u201cschede Paese\u201d sul sito Viaggiare sicuri). La carta d\u2019identit\u00e0 elettronica (CIE) \u00e8 [&hellip;]","protected":false},"author":7,"featured_media":0,"parent":47,"menu_order":3,"comment_status":"closed","ping_status":"closed","template":"","meta":{"footnotes":""},"class_list":["post-315","page","type-page","status-publish","hentry"],"_links":{"self":[{"href":"https:\/\/ambhelsinki.esteri.it\/it\/wp-json\/wp\/v2\/pages\/315","targetHints":{"allow":["GET"]}}],"collection":[{"href":"https:\/\/ambhelsinki.esteri.it\/it\/wp-json\/wp\/v2\/pages"}],"about":[{"href":"https:\/\/ambhelsinki.esteri.it\/it\/wp-json\/wp\/v2\/types\/page"}],"author":[{"embeddable":true,"href":"https:\/\/ambhelsinki.esteri.it\/it\/wp-json\/wp\/v2\/users\/7"}],"replies":[{"embeddable":true,"href":"https:\/\/ambhelsinki.esteri.it\/it\/wp-json\/wp\/v2\/comments?post=315"}],"version-history":[{"count":7,"href":"https:\/\/ambhelsinki.esteri.it\/it\/wp-json\/wp\/v2\/pages\/315\/revisions"}],"predecessor-version":[{"id":3550,"href":"https:\/\/ambhelsinki.esteri.it\/it\/wp-json\/wp\/v2\/pages\/315\/revisions\/3550"}],"up":[{"embeddable":true,"href":"https:\/\/ambhelsinki.esteri.it\/it\/wp-json\/wp\/v2\/pages\/47"}],"wp:attachment":[{"href":"https:\/\/ambhelsinki.esteri.it\/it\/wp-json\/wp\/v2\/media?parent=315"}],"curies":[{"name":"wp","href":"https:\/\/api.w.org\/{rel}","templated":true}]}}