{"id":40,"date":"2023-04-11T18:01:19","date_gmt":"2023-04-11T16:01:19","guid":{"rendered":"https:\/\/ambasciatapraga.esteri.it\/?page_id=40"},"modified":"2026-01-12T11:07:02","modified_gmt":"2026-01-12T09:07:02","slug":"gli-uffici","status":"publish","type":"page","link":"https:\/\/ambhelsinki.esteri.it\/it\/chi-siamo\/gli-uffici\/","title":{"rendered":"Gli Uffici"},"content":{"rendered":"<p><strong>Ambasciata d&#8217;Italia in Helsinki<\/strong><br \/>\nIt\u00e4inen Puistotie 4 A, 00140 Helsinki<br \/>\nTel: +358 (0)9 6811280<br \/>\nambasciata.helsinki(at)esteri.it<\/p>\n<p>posta certificata: amb.helsinki(at)cert.esteri.it<\/p>\n<p>(si tratta di indirizzo abilitato esclusivamente alla ricezione di posta elettronica certificata)<\/p>\n<p><strong>Nel 2026 gli Uffici osserveranno le seguenti festivit\u00e0<\/strong>: Capodanno (1 gennaio), Epifania (6 gennaio), Venerd\u00ec santo (3 aprile), Pasqua (5 aprile), Luned\u00ec dell&#8217;Angelo (6 aprile), Festa della Liberazione (25 aprile), Festa del Lavoro (1 maggio), Festa della Repubblica (2 giugno), Festa dell\u2019Indipendenza della Finlandia (6 dicembre), Vigilia di Natale (24 dicembre), Natale (25 dicembre) e Santo Stefano (26 dicembre).<\/p>\n<p>Al di fuori degli orari di apertura, nei soli casi di effettiva <strong>emergenza<\/strong>, \u00e8 possibile contattare l&#8217;Ambasciata al seguente numero di telefono cellulare: +358 (0) 400418185.<\/p>\n<p>&nbsp;<\/p>\n<p><strong>Ufficio dell\u2019Ambasciatore<\/strong><br \/>\nTel: +358 (0)9 681128 38<\/p>\n<p>Dr. Joonas Pallaoro<br \/>\nsegreteria.helsinki(at)esteri.it<br \/>\nSegreteria Capo Missione<\/p>\n<p>&nbsp;<\/p>\n<p><strong>Ufficio del Funzionario Vicario<\/strong><\/p>\n<p>Segretario di Legazione Adriano Stendardo<\/p>\n<p>+358 9 68112826<br \/>\nconsigliere.helsinki(at)esteri.it<\/p>\n<p>&nbsp;<\/p>\n<p><strong>Centralino<br \/>\n<\/strong>Tel. +358 (0)9 6811280<\/p>\n<p>&nbsp;<\/p>\n<p><strong>Sezione consolare<br \/>\n<\/strong>It\u00e4inen Puistotie 4 C<br \/>\n00140 Helsinki<\/p>\n<p>e-mail: consolato.helsinki(at)esteri.it;<br \/>\nPEC: amb.helsinki.pass(at)cert.esteri.it<\/p>\n<p>Eriika Ronkainen<br \/>\nAssistente amministrativo<\/p>\n<p>Anna Tartaro<br \/>\nAssistente amministrativo<\/p>\n<p>Sonia Linguanti<br \/>\nAssistente amministrativo<\/p>\n<p>Silvia Rossi<\/p>\n<p>Assistente amministrativo<\/p>\n<p>&nbsp;<\/p>\n<p><strong>Ufficio Stampa<\/strong><\/p>\n<p>Tel: +358 (0)9 681128 45<\/p>\n<p>stampa.helsinki(at)esteri.it<\/p>\n<p>Gianni Coati, Assistente amministrativo<\/p>\n<p>&nbsp;<\/p>\n<p><strong>Ufficio Amministrativo Contabile<\/strong><\/p>\n<p>Dr. Stefano Fontana<\/p>\n<p>Commissario Amministrativo Aggiunto<\/p>\n<p>&nbsp;<\/p>\n<p>Dr. Gaetano Indovina<\/p>\n<p>Vice Commissario Amministrativo-Contabile<\/p>\n<p>&nbsp;<\/p>\n<p>Contatti:<\/p>\n<p>amministrazione.helsinki(at)esteri.it<\/p>\n<p>contabile.helsinki(at)esteri.it<\/p>\n<p>&nbsp;<\/p>\n<p><strong>Ufficio Commerciale<\/strong><\/p>\n<p>&nbsp;<\/p>\n<p>Dott.ssa Caterina Cardelli<\/p>\n<p>Vice Commissario economico, comm. e finanziario<\/p>\n<p>comm.helsinki(at)esteri.it<\/p>\n<p>&nbsp;<\/p>\n<p><strong>Archivio\u00a0<\/strong><\/p>\n<p>***<\/p>\n<p>Kristiina Savolainen<\/p>\n<p>Trade Analyst<br \/>\n<strong>ICE desk Finlandia<\/strong><\/p>\n<p>k.savolainen.ext@ice.it<br \/>\ndesk.finlandia@ice.it<\/p>\n<p><strong>ICE Istituto Italiano per il Commercio Estero<\/strong><br \/>\nKorta gatan,7 8tr<br \/>\n171 54 SOLNA<br \/>\nTel +46 8 248960 Fax +46 8-411 4947<br \/>\nemail: stoccolma(at)ice.it<br \/>\nDirettore: Dott. Andrea Mattiello<\/p>\n<p>&nbsp;<\/p>\n<p><strong>Ufficio dell&#8217;Addetto Militare<\/strong><br \/>\nDjurg\u00e5rdsv\u00e4gen 147, 11521 Stockholm<br \/>\nTel: +46 8 661 1204<br \/>\nFax: +46 8 667 1932<br \/>\nAddetto per la Difesa, Colonnello Alessandro Luccetti<br \/>\nemail: difeitalia.stoccolma(at)smd.difesa.it<\/p>\n<p>&nbsp;<\/p>\n<p><strong>Istituto Italiano di Cultura<\/strong><br \/>\nVuorimiehenkatu 11 B, 00140 Helsinki<br \/>\nTel: +358 (0)9 6811 330<br \/>\niichelsinki(at)esteri.it<br \/>\nDirettore reggente Adriano Stendardo<\/p>\n<p>&nbsp;<\/p>\n<p><strong>ENIT &#8211; Agenzia Nazionale del Turismo<\/strong><br \/>\nG\u00e4rdesgatan 14<br \/>\n115 27 Stockholm<br \/>\ntel +46 (0)8 545 68 330<br \/>\nE-Mail: stockholm(at)enit.it<\/p>\n<p>&nbsp;<\/p>\n","protected":false},"excerpt":{"rendered":"Ambasciata d&#8217;Italia in Helsinki It\u00e4inen Puistotie 4 A, 00140 Helsinki Tel: +358 (0)9 6811280 ambasciata.helsinki(at)esteri.it posta certificata: amb.helsinki(at)cert.esteri.it (si tratta di indirizzo abilitato esclusivamente alla ricezione di posta elettronica certificata) Nel 2026 gli Uffici osserveranno le seguenti festivit\u00e0: Capodanno (1 gennaio), Epifania (6 gennaio), Venerd\u00ec santo (3 aprile), Pasqua (5 aprile), Luned\u00ec dell&#8217;Angelo (6 aprile), [&hellip;]","protected":false},"author":1,"featured_media":0,"parent":13,"menu_order":4,"comment_status":"closed","ping_status":"closed","template":"","meta":{"footnotes":""},"class_list":["post-40","page","type-page","status-publish","hentry"],"_links":{"self":[{"href":"https:\/\/ambhelsinki.esteri.it\/it\/wp-json\/wp\/v2\/pages\/40","targetHints":{"allow":["GET"]}}],"collection":[{"href":"https:\/\/ambhelsinki.esteri.it\/it\/wp-json\/wp\/v2\/pages"}],"about":[{"href":"https:\/\/ambhelsinki.esteri.it\/it\/wp-json\/wp\/v2\/types\/page"}],"author":[{"embeddable":true,"href":"https:\/\/ambhelsinki.esteri.it\/it\/wp-json\/wp\/v2\/users\/1"}],"replies":[{"embeddable":true,"href":"https:\/\/ambhelsinki.esteri.it\/it\/wp-json\/wp\/v2\/comments?post=40"}],"version-history":[{"count":8,"href":"https:\/\/ambhelsinki.esteri.it\/it\/wp-json\/wp\/v2\/pages\/40\/revisions"}],"predecessor-version":[{"id":3911,"href":"https:\/\/ambhelsinki.esteri.it\/it\/wp-json\/wp\/v2\/pages\/40\/revisions\/3911"}],"up":[{"embeddable":true,"href":"https:\/\/ambhelsinki.esteri.it\/it\/wp-json\/wp\/v2\/pages\/13"}],"wp:attachment":[{"href":"https:\/\/ambhelsinki.esteri.it\/it\/wp-json\/wp\/v2\/media?parent=40"}],"curies":[{"name":"wp","href":"https:\/\/api.w.org\/{rel}","templated":true}]}}