{"id":420,"date":"2023-08-22T13:54:43","date_gmt":"2023-08-22T10:54:43","guid":{"rendered":"https:\/\/ambhelsinki.esteri.it\/?page_id=420"},"modified":"2026-03-20T09:55:16","modified_gmt":"2026-03-20T07:55:16","slug":"nascita","status":"publish","type":"page","link":"https:\/\/ambhelsinki.esteri.it\/it\/servizi-consolari-e-visti\/servizi-per-il-cittadino-italiano\/stato-civile\/nascita\/","title":{"rendered":"Nascita"},"content":{"rendered":"<h5><strong>Mio figlio \u00e8 nato all\u2019estero. Che cosa devo fare?<\/strong><\/h5>\n<h5><strong>FIGLIO MINORENNE<\/strong> (per i figli maggiorenni, vd. infra)<\/h5>\n<ol>\n<li>\n<h5>verificare il possesso dei requisiti per il riconoscimento della cittadinanza italiana;<\/h5>\n<\/li>\n<li>\n<h5>richiedere la trascrizione dell\u2019atto di nascita presso presso il Comune di iscrizione AIRE del genitore direttamente oppure tramite questa Ambasciata<\/h5>\n<\/li>\n<\/ol>\n<p>&nbsp;<\/p>\n<ol>\n<li>\n<h4><strong>RICONOSCIMENTO DELLA CITTADINANZA ITALIANA PER FIGLIO MINORE NATO ALL&#8217;ESTERO<\/strong><\/h4>\n<\/li>\n<\/ol>\n<p>I criteri per la <strong>trasmissione della cittadinanza italiana<\/strong> sono contenuti nella LEGGE 5 febbraio 1992, n. 91, modificata con decreto-legge 28 marzo 2025, n. 36, convertito con modificazioni dalla legge 23 maggio 2025, n. 74.<\/p>\n<p>Di seguito si forniscono delle <strong>linee guida<\/strong> che illustrano le modalit\u00e0 di riconoscimento della cittadinanza italiana per <strong>un figlio minorenne <u>nato all\u2019estero<\/u><\/strong>, a seconda dello status del genitore cittadino italiano.<\/p>\n<p>&nbsp;<\/p>\n<p><strong>A partire dal 28\/03\/2025 il minore nato all\u2019estero da almeno un genitore di cittadinanza italiana, \u00e8 cittadino italiano se<\/strong> rientra in uno dei seguenti casi (vd. anche lo <a href=\"https:\/\/ambhelsinki.esteri.it\/wp-content\/uploads\/2025\/07\/riepilogo-ppt.pdf\">schema riepilogativo<\/a>):<\/p>\n<p>&#8211; 1.a) Il <strong>genitore<\/strong> possiede <u>esclusivamente<\/u> la cittadinanza italiana (ovverosia non ha e non pu\u00f2 avere nessun\u2019altra cittadinanza al di fuori di quella italiana) al momento della nascita\/adozione del minore;<\/p>\n<p>&#8211; 1.b)<strong> Un\/a nonno\/a<\/strong> possiede al momento della nascita\/adozione del minore (o possedeva al momento della morte) <u>esclusivamente<\/u> la cittadinanza italiana (ovverosia non ha e non pu\u00f2 avere nessun\u2019altra cittadinanza al di fuori di quella italiana);<\/p>\n<p>&#8211; 2)\u00a0 Il <strong>genitore<\/strong> ha <u>acquisito<\/u> la cittadinanza italiana e ha risieduto per almeno <u>due anni<\/u> continuativi in Italia prima della nascita\/adozione del figlio;<\/p>\n<p>&#8211; 3)\u00a0 <strong>Il minore non ha e non pu\u00f2 avere alcuna altra cittadinanza<\/strong> (ad es. <em>iure sanguinis<\/em>\u00a0, oppure\u00a0<em>iure soli,<\/em> oppure a seguito di dichiarazione senza possibilit\u00e0 di diniego da parte dell\u2019Autorit\u00e0 straniera competente \u2013 nei casi di \u201ccittadinanza a seguito di opzione\u201d).<\/p>\n<p>In alcuni casi limitati, previsti dal comma 1-bis dell\u2019articolo 4 della legge n. 91\/1992 e dall\u2019articolo 1-ter del decreto legge n. 36\/2025 come convertito in legge,\u00a0<u>i figli minorenni nati all\u2019estero da<\/u>\u00a0<u>genitore cittadino che non trasmette automaticamente la cittadinanza<\/u> (ossia che\u00a0<strong>non rientrano in una delle fattispecie (1a, 1b, 2, 3) sopra elencate<\/strong>), possono acquistare la cittadinanza italiana <a href=\"https:\/\/ambhelsinki.esteri.it\/it\/servizi-consolari-e-visti\/servizi-per-il-cittadino-italiano\/stato-civile\/nascita\/3481-2\/\">\u201cper beneficio di legge\u201d<\/a>.<\/p>\n<p>&nbsp;<\/p>\n<ol start=\"2\">\n<li>\n<h4><strong>TRASMISSIONE DELL&#8217;ATTO DI NASCITA E DOCUMENTAZIONE A CORREDO<\/strong><\/h4>\n<\/li>\n<\/ol>\n<p><strong>Per ottenere il riconoscimento della cittadinanza del minore nato all\u2019estero<\/strong>, figlio di cittadino italiano che rientri in una delle categorie sopra indicate, <strong>occorre richiederne<\/strong>, ai sensi dell\u2019art. 15 del D.P.R. 396 del 2000, <strong>la trascrizione dell\u2019atto di nascita<\/strong>, seguendo le indicazioni sotto riportate.<\/p>\n<p><span style=\"text-decoration: underline;\"><strong>Documentazione da consegnare<\/strong><\/span>:<\/p>\n<ol>\n<li><a href=\"https:\/\/ambhelsinki.esteri.it\/wp-content\/uploads\/2025\/11\/Richiesta_di_trascrizione_nascita_post28mar-v2-Ottobre-2025.pdf\">Modulo di richiesta di trascrizione dell&#8217;atto di nascita<\/a>, compilato e firmato da entrambi i genitori;<\/li>\n<li><strong>Copia del documento di identit\u00e0 in corso di validit\u00e0<\/strong> (passaporto o carta di identit\u00e0) di entrambi i genitori nelle pagine dove \u00e8 apposta la fotografia e la firma del titolare;<\/li>\n<li><strong>Certificato di nascita del minore <\/strong>(<em>syntym\u00e4todistus, <\/em><a href=\"https:\/\/ambhelsinki.esteri.it\/wp-content\/uploads\/2023\/08\/Certificato-di-nascita-DVV-corretto-con-allegato.pdf\">esempio<\/a>),\u00a0<strong>in originale cartaceo con l\u2019allegato modulo standard multilingue (<\/strong>Reg (UE) 1191\/2016), rilasciato dalle Autorit\u00e0 finlandesi di Stato civile (<em>Digi-ja v\u00e4est\u00f6tietovirasto \u2013 DVV<\/em>). Questo certificato non necessita di traduzione n\u00e9 di Apostille (<strong>ATTENZIONE!<\/strong>\u00a0\u00c8 necessario ordinare il certificato cartaceo in finlandese con traduzione in italiano selezionando\u00a0<em>Todistus ja EU-k\u00e4\u00e4nn\u00f6slomake\/monikielinen vakiolomake,\u00a0<\/em>a uso estero (Italia), recante timbro e firma del funzionario &#8211; la versione elettronica non \u00e8 idonea per la trascrizione all\u2019estero).<\/li>\n<\/ol>\n<ul>\n<li>3.a Nel caso di <u>minore nato in uno Stato diverso dalla Finlandia<\/u>: atto di nascita in originale o in copia conforme all&#8217;originale (non fotocopia) rilasciato dalle autorit\u00e0 dello Stato di nascita, debitamente legalizzato e tradotto. Anche la traduzione deve essere legalizzata. Ad ogni buon conto, si consiglia di consultare la sezione &#8220;nascita&#8221; del sito web dell&#8217;Ambasciata italiana\/Consolato presente nel Paese di nascita del minore per verificare la lista della documentazione da presentare.<\/li>\n<\/ul>\n<p>&nbsp;<\/p>\n<ul>\n<li><u><strong>Nel caso di bambini nati al di fuori del matrimonio<\/strong>, consegnare anche:<\/u><\/li>\n<\/ul>\n<ol>\n<li><strong>Copia conforme<\/strong> all\u2019originale dell\u2019atto di <strong>riconoscimento di genitorialit\u00e0\/paternit\u00e0<\/strong> (<em>vanhemmuuden\/isyyden tunnustamisasiakirja<\/em>) registrato presso il <em>Digi-ja v\u00e4est\u00f6tietovirasto DVV<\/em>, es. <a href=\"https:\/\/ambhelsinki.esteri.it\/wp-content\/uploads\/2023\/08\/Lapsen-syntymaa-edeltava-vanhemmuuden-tunnustamisasiakirja.pdf\"><em>specimen 1<\/em><\/a><em>,\u00a0<\/em><a href=\"https:\/\/ambhelsinki.esteri.it\/wp-content\/uploads\/2023\/08\/Lapsen-syntyman-jalkeinen-vanhemmuuden-tunnustamisasiakirja.pdf\"><em>specimen 2<\/em><\/a>;<\/li>\n<\/ol>\n<ul>\n<li><u>1.a Se il minore \u00e8 nato in un Paese diverso dalla Finlandia<\/u> \u00e8 necessario consegnare anche il riconoscimento di paternit\u00e0 rilasciato dalle autorit\u00e0 del Paese di nascita. Per le caratteristiche del documento, sua legalizzazione e traduzione consultare la sezione &#8220;nascita&#8221; del sito web dell&#8217;Ambasciata italiana\/Consolato presente nel Paese di nascita del minore.<\/li>\n<\/ul>\n<p>2.<strong> Traduzione<\/strong> dell\u2019atto di riconoscimento di genitorialit\u00e0\/paternit\u00e0 (vedi punto 1) in lingua italiana, effettuata da un <a href=\"https:\/\/akr.opintopolku.fi\/akr\/etusivu\">traduttore autorizzato<\/a>;<\/p>\n<p>3.<strong> Decisione di accertamento di genitorialit\u00e0\/paternit\u00e0<\/strong> (<em>p\u00e4\u00e4t\u00f6s vanhemmuuden\/isyyden vahvistamisesta<\/em>) registrato presso il <em>Digi-ja v\u00e4est\u00f6tietovirasto DVV<\/em>, in fotocopia o scansione. Per questo documento non e&#8217; richiesta la traduzione.<\/p>\n<p>&nbsp;<\/p>\n<ul>\n<li><strong><u>Se il genitore italiano ha acquisito la cittadinanza<\/u><u> italiana<\/u><\/strong> (es. per residenza\/naturalizzazione\/beneficio di legge), consegnare il <strong>Certificato storico di residenza<\/strong> rilasciato da ciascun Comune di residenza<\/li>\n<\/ul>\n<p>&nbsp;<\/p>\n<p>N.B. Nel caso in cui il figlio sia nato in regime di matrimonio, \u00e8 necessario che il matrimonio avvenuto all\u2019estero sia prima trascritto in Italia. Per le indicazioni sul matrimonio vedere <a href=\"https:\/\/ambhelsinki.esteri.it\/it\/servizi-consolari-e-visti\/servizi-per-il-cittadino-italiano\/stato-civile\/matrimonio\/\">qui<\/a>.<\/p>\n<p>Laddove la documentazione agli atti della PA oppure prodotta dal richiedente non sia discriminante, <u>questo Ufficio si riserva di richiedere agli interessati documentazione integrativa<\/u> (es. certificato negativo di cittadinanza, attestazioni di rinuncia ad altra cittadinanza, attestazione di non iscrizione alle liste elettorali, ecc).<\/p>\n<p>Non sono sufficienti mere dichiarazioni di parte.<\/p>\n<h4><\/h4>\n<h4>PRESENTAZIONE DELLA RICHIESTA<\/h4>\n<p>La richiesta di trascrizione con la relativa documentazione cartacea in originale pu\u00f2 essere inviata <strong>via posta <\/strong>(si consiglia spedizione tracciabile) al seguente indirizzo:<br \/>\nAmbasciata d\u2019Italia Helsinki \/ Sezione consolare<br \/>\nIt\u00e4inen Puistotie 4 A<br \/>\n00140 Helsinki.<\/p>\n<p>In alternativa \u00e8 possibile <strong>consegnarla di persona<\/strong> prenotando un appuntamento tramite il portale <a href=\"https:\/\/prenotami.esteri.it\/\">Prenot@mi<\/a>, servizio \u201cstato civile\u201d. Le istruzioni sulle modalit\u00e0 di accesso e prenotazione del portale Prenot@mi sono consultabili <a href=\"https:\/\/ambhelsinki.esteri.it\/wp-content\/uploads\/2023\/09\/Istruzioni-Prenot@mi.pdf\">qui<\/a>.<\/p>\n<p>La richiesta di trascrizione dell\u2019atto di nascita pu\u00f2 essere presentata anche <strong>direttamente al Comune italiano di appartenenza<\/strong> (vedi art. 12, comma 11, DPR 396\/2000). In questo caso, se il minore \u00e8 residente in Finlandia, i genitori ne dovranno richiedere l&#8217;<strong>iscrizione all&#8217;AIRE<\/strong>.<\/p>\n<h4><\/h4>\n<h4><strong>Mio figlio \u00e8 nato all\u2019estero. Che cosa devo fare?<\/strong><\/h4>\n<h4><strong>FIGLIO MAGGIORENNE<\/strong><\/h4>\n<p>Nel caso in cui la trascrizione dell\u2019atto di nascita di un figlio non sia richiesta dai genitori durante la sua minore et\u00e0, l\u2019interessato potr\u00e0, ove ne ricorrano i presupposti, chiedere il <strong>riconoscimento della cittadinanza italiana<\/strong> seguendo le procedure descritte nella pagina dedicata alla Cittadinanza <em>iure sanguini<\/em><em>s<\/em>.<\/p>\n","protected":false},"excerpt":{"rendered":"Mio figlio \u00e8 nato all\u2019estero. Che cosa devo fare? FIGLIO MINORENNE (per i figli maggiorenni, vd. infra) verificare il possesso dei requisiti per il riconoscimento della cittadinanza italiana; richiedere la trascrizione dell\u2019atto di nascita presso presso il Comune di iscrizione AIRE del genitore direttamente oppure tramite questa Ambasciata &nbsp; RICONOSCIMENTO DELLA CITTADINANZA ITALIANA PER FIGLIO [&hellip;]","protected":false},"author":7,"featured_media":0,"parent":68,"menu_order":1,"comment_status":"closed","ping_status":"closed","template":"","meta":{"footnotes":""},"class_list":["post-420","page","type-page","status-publish","hentry"],"_links":{"self":[{"href":"https:\/\/ambhelsinki.esteri.it\/it\/wp-json\/wp\/v2\/pages\/420","targetHints":{"allow":["GET"]}}],"collection":[{"href":"https:\/\/ambhelsinki.esteri.it\/it\/wp-json\/wp\/v2\/pages"}],"about":[{"href":"https:\/\/ambhelsinki.esteri.it\/it\/wp-json\/wp\/v2\/types\/page"}],"author":[{"embeddable":true,"href":"https:\/\/ambhelsinki.esteri.it\/it\/wp-json\/wp\/v2\/users\/7"}],"replies":[{"embeddable":true,"href":"https:\/\/ambhelsinki.esteri.it\/it\/wp-json\/wp\/v2\/comments?post=420"}],"version-history":[{"count":9,"href":"https:\/\/ambhelsinki.esteri.it\/it\/wp-json\/wp\/v2\/pages\/420\/revisions"}],"predecessor-version":[{"id":4139,"href":"https:\/\/ambhelsinki.esteri.it\/it\/wp-json\/wp\/v2\/pages\/420\/revisions\/4139"}],"up":[{"embeddable":true,"href":"https:\/\/ambhelsinki.esteri.it\/it\/wp-json\/wp\/v2\/pages\/68"}],"wp:attachment":[{"href":"https:\/\/ambhelsinki.esteri.it\/it\/wp-json\/wp\/v2\/media?parent=420"}],"curies":[{"name":"wp","href":"https:\/\/api.w.org\/{rel}","templated":true}]}}