{"id":422,"date":"2023-08-22T13:55:09","date_gmt":"2023-08-22T10:55:09","guid":{"rendered":"https:\/\/ambhelsinki.esteri.it\/?page_id=422"},"modified":"2026-03-03T11:50:11","modified_gmt":"2026-03-03T09:50:11","slug":"matrimoni-e-unioni-civili","status":"publish","type":"page","link":"https:\/\/ambhelsinki.esteri.it\/it\/servizi-consolari-e-visti\/servizi-per-il-cittadino-italiano\/stato-civile\/matrimoni-e-unioni-civili\/","title":{"rendered":"Unioni civili"},"content":{"rendered":"<p>(***pagina in corso di completamento***)<\/p>\n<p>Trascrizione in Italia di atti di unione civile o di matrimonio costituiti all\u2019estero tra persone dello stesso sesso.<\/p>\n<p>Con la Legge n. 76 del 20.05.2016, entrata in vigore il 05.06.2016 e il Decreto del Presidente del Consiglio dei Ministri n.144 del 23.07.2016, entrato in vigore il 29.07.2016, \u00e8 possibile richiedere, per il tramite dell\u2019Ambasciata, al Comune italiano competente, la trascrizione degli atti costituiti all\u2019estero sia di matrimonio che di unione civile tra persone dello stesso sesso.<\/p>\n<p>Pertanto il cittadino italiano che in Finlandia, secondo la legge locale, abbia contratto matrimonio con una persona dello stesso sesso pu\u00f2 richiedere la trascrizione di tale atto anche se avvenuti prima dell\u2019entrata in vigore della suddetta Legge n. 76\/2016.<\/p>\n<p>I suddetti atti verranno trascritti nell\u2019ordinamento italiano quali &#8220;unioni civili&#8221; nell\u2019apposito Registro Provvisorio delle Unioni Civili istituito presso ciascun Comune (art. 9, comma 1, DPCM 144\/2016). Nei documenti e negli atti in cui \u00e8 prevista l\u2019indicazione dello stato civile, a richiesta degli interessati, verranno utilizzate le formule di &#8220;unito o unita civilmente&#8221; (art.7, comma 2, DPCM 144\/2016).<\/p>\n<h4><strong>DOCUMENTAZIONE DA PRESENTARE<\/strong><\/h4>\n<p>Per ottenere la trascrizione in Italia dell\u2019atto di matrimonio tra persone dello stesso sesso conseguito in Finlandia bisogner\u00e0 presentare\/inviare all\u2019Ambasciata i seguenti documenti:<\/p>\n<p>1. <a href=\"https:\/\/ambhelsinki.esteri.it\/wp-content\/uploads\/2023\/10\/modulo_richiesta_trascrizione_unione_civile.pdf\"><strong>Modulo di richiesta<\/strong> di trascrizione<\/a>,\u00a0firmato da entrambi gli uniti civilmente;<\/p>\n<p>2. <strong>fotocopia dei passaporti o delle carte d\u2019identit\u00e0<\/strong> validi per entrambi i componenti dell\u2019unione civile<\/p>\n<p>3. <strong>atto di matrimonio (<a href=\"https:\/\/ambhelsinki.esteri.it\/wp-content\/uploads\/2023\/08\/VRK-0.55s-201611_vihkimistodistus-modello.pdf\"><em>vihkimistodistus<\/em><\/a>)\u00a0in originale o in copia conforme all\u2019originale<\/strong>, ricevuto al termine della cerimonia dalle Autorit\u00e0 finlandesi di Stato civile (<em>Digi- ja v\u00e4est\u00f6tietovirasto \u2013 DVV<\/em>). Il certificato deve riportare espressamente il luogo della cerimonia.<\/p>\n<p>4. <strong>Traduzione in italiano del certificato di matrimonio,<\/strong>\u00a0effettuata da un traduttore autorizzato. La lista dei traduttori autorizzati \u00e8 disponibile\u00a0<a href=\"https:\/\/akr.opintopolku.fi\/akr\/etusivu\">qui<\/a>.<\/p>\n<p>&nbsp;<\/p>\n<h4><strong>PRESENTAZIONE DELLA RICHIESTA\u00a0<\/strong><\/h4>\n<p>La richiesta di trascrizione con la relativa documentazione cartacea in originale pu\u00f2 essere inviata <strong>via posta<\/strong> al seguente indirizzo:<br \/>\nEmbassy of Italy in Helsinki \/ Sezione consolare<br \/>\nIt\u00e4inen Puistotie 4 A<br \/>\n00140 Helsinki.<\/p>\n<p>In alternativa \u00e8 possibile <strong>consegnarla di persona<\/strong> prenotando un appuntamento tramite il portale <a href=\"https:\/\/prenotami.esteri.it\/\">Prenot@mi<\/a>, servizio \u201cstato civile\u201d. Le istruzioni sulle modalit\u00e0 di accesso e prenotazione del portale Prenot@mi sono consultabili <a href=\"https:\/\/ambhelsinki.esteri.it\/wp-content\/uploads\/2023\/09\/Istruzioni-Prenot@mi.pdf\">qui<\/a>.<\/p>\n<p>La richiesta di trascrizione dell\u2019atto di matrimonio pu\u00f2 essere presentata anche <strong>direttamente al Comune italiano di appartenenza<\/strong> (vedi art. 12, comma 11, DPR 396\/2000).<\/p>\n<p>&nbsp;<\/p>\n<p><u>ATTENZIONE!\u00a0<\/u>L\u2019eventuale nuovo cognome, acquisito con il matrimonio, non viene cambiato automaticamente anche in Italia. A tal proposito bisogna presentare un\u2019<a href=\"https:\/\/ambhelsinki.esteri.it\/it\/servizi-consolari-e-visti\/servizi-per-il-cittadino-italiano\/stato-civile\/cambiamenti-di-nomi-e-cognomi\/\">istanza di cambio cognome<\/a>.<\/p>\n<p>&nbsp;<\/p>\n<p><strong>CONVIVENZE DI FATTO<\/strong><\/p>\n<p>La convivenza di fatto regolata dalla legge n. 76\/2016 ha una natura diversa dalle unioni civili e non modifica lo stato civile delle parti, ma \u00e8 disciplinata esclusivamente nell\u2019ambito dell\u2019ordinamento anagrafico.<\/p>\n","protected":false},"excerpt":{"rendered":"(***pagina in corso di completamento***) Trascrizione in Italia di atti di unione civile o di matrimonio costituiti all\u2019estero tra persone dello stesso sesso. Con la Legge n. 76 del 20.05.2016, entrata in vigore il 05.06.2016 e il Decreto del Presidente del Consiglio dei Ministri n.144 del 23.07.2016, entrato in vigore il 29.07.2016, \u00e8 possibile richiedere, [&hellip;]","protected":false},"author":7,"featured_media":0,"parent":68,"menu_order":4,"comment_status":"closed","ping_status":"closed","template":"","meta":{"footnotes":""},"class_list":["post-422","page","type-page","status-publish","hentry"],"_links":{"self":[{"href":"https:\/\/ambhelsinki.esteri.it\/it\/wp-json\/wp\/v2\/pages\/422","targetHints":{"allow":["GET"]}}],"collection":[{"href":"https:\/\/ambhelsinki.esteri.it\/it\/wp-json\/wp\/v2\/pages"}],"about":[{"href":"https:\/\/ambhelsinki.esteri.it\/it\/wp-json\/wp\/v2\/types\/page"}],"author":[{"embeddable":true,"href":"https:\/\/ambhelsinki.esteri.it\/it\/wp-json\/wp\/v2\/users\/7"}],"replies":[{"embeddable":true,"href":"https:\/\/ambhelsinki.esteri.it\/it\/wp-json\/wp\/v2\/comments?post=422"}],"version-history":[{"count":7,"href":"https:\/\/ambhelsinki.esteri.it\/it\/wp-json\/wp\/v2\/pages\/422\/revisions"}],"predecessor-version":[{"id":2618,"href":"https:\/\/ambhelsinki.esteri.it\/it\/wp-json\/wp\/v2\/pages\/422\/revisions\/2618"}],"up":[{"embeddable":true,"href":"https:\/\/ambhelsinki.esteri.it\/it\/wp-json\/wp\/v2\/pages\/68"}],"wp:attachment":[{"href":"https:\/\/ambhelsinki.esteri.it\/it\/wp-json\/wp\/v2\/media?parent=422"}],"curies":[{"name":"wp","href":"https:\/\/api.w.org\/{rel}","templated":true}]}}