{"id":426,"date":"2023-08-22T13:55:56","date_gmt":"2023-08-22T10:55:56","guid":{"rendered":"https:\/\/ambhelsinki.esteri.it\/?page_id=426"},"modified":"2026-03-24T09:44:40","modified_gmt":"2026-03-24T07:44:40","slug":"cambiamenti-di-nomi-e-cognomi","status":"publish","type":"page","link":"https:\/\/ambhelsinki.esteri.it\/it\/servizi-consolari-e-visti\/servizi-per-il-cittadino-italiano\/stato-civile\/cambiamenti-di-nomi-e-cognomi\/","title":{"rendered":"Cambiamento di nome o cognome"},"content":{"rendered":"<p>Il cittadino italiano che intenda<strong> cambiare o modificare il proprio nome e\/o cognome<\/strong> <strong>deve essere autorizzato dal Prefetto<\/strong> del luogo di residenza o del luogo dove \u00e8 trascritto il proprio atto di nascita. Le richieste devono rivestire carattere eccezionale, devono essere motivate e documentate.<\/p>\n<h5><strong>Come presentare l&#8217;istanza<\/strong><\/h5>\n<p>Il richiedente residente in Finlandia e iscritto presso questa Circoscrizione Concolare pu\u00f2 presentare istanza per il tramite di questa Ambasciata. In alternativa, l&#8217;istanza pu\u00f2 essere presentata direttamente alla Prefettura della Provincia del Comune di iscrizione AIRE.<\/p>\n<h5><\/h5>\n<h5><strong>Procedura<\/strong><\/h5>\n<p>L&#8217;iter si articola in quattro momenti:<\/p>\n<ol>\n<li><strong>Presentazione dell&#8217;istanza<\/strong> tramite questa Ambasciata (vd. infra). \u00a0Per i minorenni l&#8217;istanza deve essere presentata da ambedue i genitori.<\/li>\n<li>Qualora la richiesta sia ritenuta meritevole di accoglimento, il Prefetto emaner\u00e0 il <strong>decreto autorizzativo all&#8217;affissione del sunto della domanda<\/strong> presso l&#8217;albo consolare di questa Ambasciata per trenta giorni. Chiunque ritenga di averne interesse, pu\u00f2 proporre opposizione. Trascorso il termine di trenta giorni senza che sia stata avanzata opposizione il richiedente, per il tramite di questa Ambasciata, presenter\u00e0 alla Prefettura competente copia dell&#8217;avviso con la relazione attestante l&#8217;eseguita affissione e la durata;<\/li>\n<li>Accertata la regolarit\u00e0 delle affissioni, il Prefetto provveder\u00e0 ad emanare il <strong>decreto di autorizzazione al cambio del nome e\/o cognome <\/strong>che verr\u00e0 notificato al richiedente da questa Ambasciata;<\/li>\n<li><strong>Richiesta di trascrizione del decreto autorizzativo<\/strong> al cambiamento di nome e\/o cognome al <strong>Comune<\/strong> <strong>di iscrizione AIRE<\/strong>. NB: <span style=\"text-decoration: underline;\">il decreto avr\u00e0 effetti di legge soltanto una volta trascritto nei registri dello stato civile del competente comune AIRE<\/span>.<\/li>\n<\/ol>\n<p>&nbsp;<\/p>\n<h5><strong>Presentazione dell&#8217;istanza &#8211; documentazione richiesta<\/strong>:<\/h5>\n<ul>\n<li><a href=\"https:\/\/ambhelsinki.esteri.it\/wp-content\/uploads\/2025\/06\/mod_istanza_cambiamento_cognome_o_nome_maggiorenne.pdf\">Istanza <\/a>(per minorenne cliccare <a href=\"https:\/\/ambhelsinki.esteri.it\/wp-content\/uploads\/2025\/06\/mod_istanza_cambiamento_cognome_o_nome_minorenne.pdf\">qui<\/a>) (il modulo \u00e8 comprensivo di dichiarazione sostitutiva di certificazione)<\/li>\n<li>Eventuale documentazione a corredo dell&#8217;istanza;<\/li>\n<li>Fotocopia di un documento d\u2019identit\u00e0;<\/li>\n<li>ricevuta di pagamento dell&#8217;imposta di bollo (vd. sezione Costi e Pagamenti)<\/li>\n<\/ul>\n<p>Se il cambio di nome e\/o di cognome \u00e8 autorizzato, il richiedente dovr\u00e0 produrre delle marche da bollo da apporre sul decreto emesso (vd. sezione Costi e Pagamenti).<\/p>\n<p>&nbsp;<\/p>\n<h5><strong>Consegna della documentazione<\/strong><\/h5>\n<ul>\n<li>di persona allo sportello dell&#8217;Ambasciata, previa prenotazione di un appuntamento per &#8220;stato civile&#8221; tramite il portale <a href=\"https:\/\/prenotami.esteri.it\/\">Prenot@mi\u00a0<\/a><\/li>\n<li>tramite spedizione postale (si consiglia raccomandata tracciabile) indirizzata a Italian Suurl\u00e4hestyst\u00f6, It\u00e4inen Puistotie 4 C, 00140 Helsinki.<\/li>\n<\/ul>\n<h5><\/h5>\n<h5><strong>Costi e pagamenti<\/strong><\/h5>\n<p><strong>1. Presentazione dell&#8217;istanza: 1 imposta di bollo (Euro 16,00) <\/strong><\/p>\n<p>BENEFICIARIO: Ministero dell\u2019Economia e delle Finanze<\/p>\n<p>IBAN: IT79Z0100003245BE00000000QK<\/p>\n<p>BIC: BITAITRRENT<\/p>\n<p>CAUSALE: \u2018codice fiscale del contribuente\u2019 \u2013 <strong>Bollo su istanza Prefettura<\/strong> \u2013 anno di riferimento (AAAA) oppure mese\/anno (MM\/AAAA)<\/p>\n<p>&#8212;&#8212;&#8212;&#8212;<\/p>\n<p><strong>2. Decreto autorizzativo ad affissione: due imposte di bollo<\/strong><\/p>\n<p>BENEFICIARIO: Ministero dell\u2019Economia e delle Finanze<\/p>\n<p>IBAN: IT79Z0100003245BE00000000QK<\/p>\n<p>BIC: BITAITRRENT<\/p>\n<p>CAUSALE: \u2018codice fiscale del contribuente\u2019 \u2013 <strong>Bollo su decreto autorizzativo affissione Prefettura<\/strong>\u2013 anno di riferimento (AAAA) oppure mese\/anno (MM\/AAAA)<\/p>\n<p>IMPORTO: 16 euro<\/p>\n<p>&nbsp;<\/p>\n<p>BENEFICIARIO: Ministero dell\u2019Economia e delle Finanze<\/p>\n<p>IBAN: IT79Z0100003245BE00000000QK<\/p>\n<p>BIC: BITAITRRENT<\/p>\n<p>CAUSALE: \u2018codice fiscale del contribuente\u2019 \u2013 <strong>Bollo su decreto autorizzativo affissione Consolato<\/strong>\u2013 anno di riferimento (AAAA) oppure mese\/anno (MM\/AAAA)<\/p>\n<p>IMPORTO: 16 euro<\/p>\n<p>&#8212;&#8212;&#8212;&#8212;<\/p>\n<p><strong>3. Decreto autorizzativo al cambiamento del nome\/cognome: due imposte di bollo<\/strong><\/p>\n<p>BENEFICIARIO: Ministero dell\u2019Economia e delle Finanze<\/p>\n<p>IBAN: IT79Z0100003245BE00000000QK<\/p>\n<p>BIC: BITAITRRENT<\/p>\n<p>CAUSALE: \u2018codice fiscale del contribuente\u2019 \u2013 <strong>Bollo su decreto autorizzativo definitivo Prefettura<\/strong>\u2013 anno di riferimento (AAAA) oppure mese\/anno (MM\/AAAA)<\/p>\n<p>IMPORTO: 16 euro<\/p>\n<p>&nbsp;<\/p>\n<p>BENEFICIARIO: Ministero dell\u2019Economia e delle Finanze<\/p>\n<p>IBAN: IT79Z0100003245BE00000000QK<\/p>\n<p>BIC: BITAITRRENT<\/p>\n<p>CAUSALE: \u2018codice fiscale del contribuente\u2019 \u2013 <strong>Bollo su decreto autorizzativo definitivo Consolato<\/strong>\u2013 anno di riferimento (AAAA) oppure mese\/anno (MM\/AAAA)<\/p>\n<p>IMPORTO: 16 euro<\/p>\n<p>&nbsp;<\/p>\n<p><span style=\"text-decoration: underline;\">ATTENZIONE! <\/span>Le richieste di cambio del cognome materno nel caso di minori il cui padre ha effettuato il riconoscimento successivamente alla nascita non sono di competenza della Prefettura ma, ai sensi dell\u2019art. 262 del Codice Civile, del Giudice Ordinario competente per territorio.<\/p>\n","protected":false},"excerpt":{"rendered":"Il cittadino italiano che intenda cambiare o modificare il proprio nome e\/o cognome deve essere autorizzato dal Prefetto del luogo di residenza o del luogo dove \u00e8 trascritto il proprio atto di nascita. Le richieste devono rivestire carattere eccezionale, devono essere motivate e documentate. Come presentare l&#8217;istanza Il richiedente residente in Finlandia e iscritto presso [&hellip;]","protected":false},"author":7,"featured_media":0,"parent":68,"menu_order":6,"comment_status":"closed","ping_status":"closed","template":"","meta":{"footnotes":""},"class_list":["post-426","page","type-page","status-publish","hentry"],"_links":{"self":[{"href":"https:\/\/ambhelsinki.esteri.it\/it\/wp-json\/wp\/v2\/pages\/426","targetHints":{"allow":["GET"]}}],"collection":[{"href":"https:\/\/ambhelsinki.esteri.it\/it\/wp-json\/wp\/v2\/pages"}],"about":[{"href":"https:\/\/ambhelsinki.esteri.it\/it\/wp-json\/wp\/v2\/types\/page"}],"author":[{"embeddable":true,"href":"https:\/\/ambhelsinki.esteri.it\/it\/wp-json\/wp\/v2\/users\/7"}],"replies":[{"embeddable":true,"href":"https:\/\/ambhelsinki.esteri.it\/it\/wp-json\/wp\/v2\/comments?post=426"}],"version-history":[{"count":19,"href":"https:\/\/ambhelsinki.esteri.it\/it\/wp-json\/wp\/v2\/pages\/426\/revisions"}],"predecessor-version":[{"id":4182,"href":"https:\/\/ambhelsinki.esteri.it\/it\/wp-json\/wp\/v2\/pages\/426\/revisions\/4182"}],"up":[{"embeddable":true,"href":"https:\/\/ambhelsinki.esteri.it\/it\/wp-json\/wp\/v2\/pages\/68"}],"wp:attachment":[{"href":"https:\/\/ambhelsinki.esteri.it\/it\/wp-json\/wp\/v2\/media?parent=426"}],"curies":[{"name":"wp","href":"https:\/\/api.w.org\/{rel}","templated":true}]}}