{"id":435,"date":"2023-08-23T10:26:43","date_gmt":"2023-08-23T07:26:43","guid":{"rendered":"https:\/\/ambhelsinki.esteri.it\/?page_id=435"},"modified":"2026-03-03T11:56:29","modified_gmt":"2026-03-03T09:56:29","slug":"matrimonio","status":"publish","type":"page","link":"https:\/\/ambhelsinki.esteri.it\/it\/servizi-consolari-e-visti\/servizi-per-il-cittadino-italiano\/stato-civile\/matrimonio\/","title":{"rendered":"Matrimonio all&#8217;estero"},"content":{"rendered":"<p><strong>1. Matrimonio all&#8217;estero: richiesta di trascrizione dell\u2019atto di matrimonio celebrato all\u2019estero<\/strong><br \/>\n<strong>2. Matrimonio all&#8217;estero: certificato di nulla osta al matrimonio o di capacit\u00e0 matrimoniale per celebrare il matrimonio all&#8217;estero<\/strong><\/p>\n<h5><strong>1. RICHIESTA DI TRASCRIZIONE DELL&#8217;ATTO DI MATRIMONIO CELEBRATO ALL&#8217;ESTERO<\/strong><\/h5>\n<p>Per avere valore in Italia, il matrimonio celebrato all&#8217;estero deve essere trascritto presso il Comune competente (Comune italiano di iscrizione AIRE o di residenza).<\/p>\n<p><strong>DOCUMENTAZIONE DA PRESENTARE<\/strong><\/p>\n<p>Il cittadino che ha contratto matrimonio in Finlandia, residente o meno, deve far pervenire all\u2019Ufficio consolare di questa Ambasciata la seguente documentazione:<\/p>\n<h6><span style=\"text-decoration: underline;\"><strong><em>A. Matrimonio celebrato in Finlandia con rito civile<\/em><\/strong><\/span><\/h6>\n<ol>\n<li><a href=\"https:\/\/ambhelsinki.esteri.it\/wp-content\/uploads\/2024\/10\/Modulo_richiesta_trascrizione_matrimonio_nuovo.pdf\">Modulo di richiesta di trascrizione di atto di matrimonio<\/a>;<\/li>\n<li>Copia del documento di identit\u00e0 di entrambi i coniugi (es. passaporto o carta d\u2019identit\u00e0);<\/li>\n<li><strong>Certificato di matrimonio<\/strong> (<a href=\"https:\/\/ambhelsinki.esteri.it\/wp-content\/uploads\/2023\/08\/VRK-0.55s-201611_vihkimistodistus-modello.pdf\"><em>vihkimistodistus<\/em><\/a>)<strong> in originale o in copia conforme all&#8217;originale<\/strong>, ricevuto al termine della cerimonia dalle Autorit\u00e0 finlandesi di Stato civile (<em>Digi- ja v\u00e4est\u00f6tietovirasto &#8211; DVV<\/em>). Il certificato deve riportare espressamente il luogo della cerimonia. <u>Se il matrimonio \u00e8 stato celebrato presso un tribunale finlandese<\/u>, \u00e8 necessario presentare il certificato di matrimonio (<em>vihkimistodistus<\/em>) in originale o in copia conforme all&#8217;originale, rilasciato dal Tribunale.\u00a0<span style=\"text-decoration: underline;\">ATTENZIONE!<\/span> (Il certificato di matrimonio in formato europeo multilingue, rilasciato sempre dal DVV ai sensi del regolamento UE 2016\/1191 sui documenti pubblici, non riporta infatti il luogo di celebrazione del matrimonio e, pertanto, <span style=\"text-decoration: underline;\">non<\/span> \u00e8 sufficiente ai fini della trascrizione dell\u2019atto da parte dei Comuni italiani).<\/li>\n<li><strong>Traduzione in italiano del certificato di matrimonio,<\/strong>\u00a0effettuata da un traduttore autorizzato. La lista dei traduttori autorizzati \u00e8 disponibile <a href=\"https:\/\/akr.opintopolku.fi\/akr\/etusivu\">qui<\/a>.<\/li>\n<\/ol>\n<h6><span style=\"text-decoration: underline;\"><strong><em>B. Matrimonio celebrato in Finlandia con rito religioso aventi effetti civili:<\/em><\/strong><\/span><\/h6>\n<ol>\n<li><a href=\"https:\/\/ambhelsinki.esteri.it\/wp-content\/uploads\/2024\/10\/Modulo_richiesta_trascrizione_matrimonio_nuovo.pdf\">Modulo di richiesta di trascrizione di atto di matrimonio<\/a>;<\/li>\n<li>\u00a0Copia del documento di identit\u00e0 di entrambi i coniugi (es. passaporto o carta d\u2019identit\u00e0);<\/li>\n<li><strong>Certificato di matrimonio (<em>vihkimistodistus<\/em>) in originale o copia conforme all&#8217;originale<\/strong>, rilasciato dall\u2019Autorit\u00e0 religiosa, che riporti la data e il luogo della cerimonia. Nel caso in cui il certificato sia rilasciato da un\u2019Autorit\u00e0 religiosa diversa da quella evangelica-luterana o ortodossa, il certificato di matrimonio dovr\u00e0 essere munito di Apostille.<\/li>\n<li><strong>Traduzione in italiano del certificato di matrimonio<\/strong>,\u00a0effettuata da un traduttore autorizzato. La lista dei traduttori autorizzati \u00e8 disponibile <a href=\"https:\/\/akr.opintopolku.fi\/akr\/etusivu\">qui<\/a>.<\/li>\n<li>Nel caso in cui il matrimonio sia stato celebrato da un\u2019Autorit\u00e0 religiosa diversa da quella evangelica-luterana o ortodossa, \u00e8 necessario presentare anche il certificato di matrimonio in formato europeo multilingue, rilasciato dal DVV (facsimile:<a href=\"https:\/\/ambhelsinki.esteri.it\/wp-content\/uploads\/2023\/08\/Certificato_matrimonio_DVV_allegato_EU.pdf\">Certificato di matrimonio in formato europeo multilingue<\/a>). Questo certificato non necessita di traduzione n\u00e9 di Apostille.<\/li>\n<\/ol>\n<h6><span style=\"text-decoration: underline;\"><em><strong>C. Matrimonio celebrato in un altro Paese estero:<\/strong><\/em><\/span><\/h6>\n<p>La richiesta pu\u00f2 essere presentata da parte del cittadino italiano residente in Finlandia ed iscritto all\u2019AIRE.<\/p>\n<ol>\n<li><a href=\"https:\/\/ambhelsinki.esteri.it\/wp-content\/uploads\/2024\/10\/Modulo_richiesta_trascrizione_matrimonio_nuovo.pdf\">Modulo di richiesta di trascrizione di atto di matrimonio<\/a>;<\/li>\n<li>\u00a0Copia del documento di identit\u00e0 di entrambi i coniugi (es. passaporto o carta d\u2019identit\u00e0);<\/li>\n<li>Atto di matrimonio rilasciato dalle Autorit\u00e0 del Paese in cui il matrimonio \u00e8 stato celebrato, debitamente legalizzato e tradotto in italiano. Per l\u2019esatta documentazione consultare il sito web del Consolato\/Ambasciata d\u2019Italia presente nel Paese in cui il matrimonio \u00e8 stato celebrato.<\/li>\n<\/ol>\n<p><strong>PRESENTAZIONE DELLA RICHIESTA<\/strong><\/p>\n<p>La richiesta di trascrizione con la relativa documentazione cartacea in originale pu\u00f2 essere inviata <strong>via posta<\/strong> al seguente indirizzo:<br \/>\nEmbassy of Italy in Helsinki \/ Sezione consolare<br \/>\nIt\u00e4inen Puistotie 4 A<br \/>\n00140 Helsinki.<\/p>\n<p>In alternativa \u00e8 possibile <strong>consegnarla di persona<\/strong> prenotando un appuntamento tramite il portale <a href=\"https:\/\/prenotami.esteri.it\/\">Prenot@mi<\/a>, servizio \u201cstato civile\u201d. Le istruzioni sulle modalit\u00e0 di accesso e prenotazione del portale Prenot@mi sono consultabili <a href=\"https:\/\/ambhelsinki.esteri.it\/wp-content\/uploads\/2023\/09\/Istruzioni-Prenot@mi.pdf\">qui<\/a>.<\/p>\n<p>La richiesta di trascrizione dell\u2019atto di matrimonio pu\u00f2 essere presentata anche <strong>direttamente al Comune italiano di appartenenza<\/strong> (vedi art. 12, comma 11, DPR 396\/2000).<\/p>\n<p><u>ATTENZIONE!\u00a0<\/u>L\u2019eventuale nuovo cognome, acquisito con il matrimonio, non viene cambiato automaticamente anche in Italia. A tal proposito bisogna presentare un\u2019<a href=\"https:\/\/ambhelsinki.esteri.it\/it\/servizi-consolari-e-visti\/servizi-per-il-cittadino-italiano\/stato-civile\/cambiamenti-di-nomi-e-cognomi\/\">istanza di cambio cognome<\/a>.<\/p>\n<p>N.B. Il matrimonio celebrato in Finlandia fra persone dello stesso sesso verr\u00e0 trascritto in Italia, secondo la legislazione italiana attuale, come unione civile (vedere <a href=\"https:\/\/ambhelsinki.esteri.it\/it\/servizi-consolari-e-visti\/servizi-per-il-cittadino-italiano\/stato-civile\/matrimoni-e-unioni-civili\/\">qui<\/a>)<\/p>\n<p>Per ulteriori informazioni contattare l\u2019Ufficio consolare via e-mail all\u2019indirizzo consolato.helsinki(at)esteri.it.<\/p>\n<p>&nbsp;<\/p>\n<h5><strong>2. MATRIMONIO ALL&#8217;ESTERO: CERTIFICATI DI NULLA OSTA AL MATRIMONIO E DI CAPACIT\u00c0 MATRIMONIALE<\/strong><\/h5>\n<p>I cittadini italiani che intendono contrarre matrimonio in Finlandia o in un altro Paese estero non sono tenuti, sulla base della legislazione attualmente in vigore, a procedere alle pubblicazioni di matrimonio, salvo che la legge straniera non le richieda. Tuttavia, devono seguire le indicazioni fornite dalle Autorit\u00e0 straniere (in Finlandia Digi- ja v\u00e4est\u00f6tietovirasto: vedere <a href=\"https:\/\/dvv.fi\/en\/marriage-in-finland-or-in-another-nordic-country\">qui<\/a>).<br \/>\nL\u2019Autorit\u00e0 straniera del Paese in cui si celebra il matrimonio pu\u00f2 chiedere al cittadino italiano di produrre<br \/>\n&#8211; certificato di stato civile<br \/>\n&#8211; certificato di nulla osta al matrimonio<br \/>\n&#8211; certificato di capacit\u00e0 matrimoniale, nel caso di celebrazione in uno degli Stati che abbiano aderito alla Convenzione di Monaco del 1980 (Austria, Germania, Grecia, Lussemburgo, Moldova, Paesi Bassi, Portogallo, Spagna, Svizzera, Turchia).<br \/>\nIl certificato di stato civile e il certificato di capacit\u00e0 matrimoniale vengono rilasciati dal Comune o dall\u2019Ufficio consolare in cui il cittadino italiano risiede. Possono essere rilasciati da questa Ambasciata esclusivamente ai cittadini italiani residenti in questa circoscrizione consolare ed iscritti all\u2019AIRE.<br \/>\nIl nulla osta al matrimonio viene rilasciato dall\u2019Ufficio consolare presente nel Paese in cui si intende celebrare il matrimonio. I cittadini italiani che intendono celebrare il matrimonio in Finlandia possono richiedere il nulla osta al matrimonio presso questa Ambasciata, a prescindere dalla residenza.<\/p>\n<p><span style=\"text-decoration: underline;\"><strong>Richiesta di certificato di stato civile<\/strong><\/span><\/p>\n<p>Il certificato di stato civile pu\u00f2 essere rilasciato da questa Ambasciata esclusivamente ai cittadini italiani regolarmente residenti in Finlandia, registrati nello schedario consolare e\u00a0 iscritti all&#8217;AIRE.<br \/>\nPer la richiesta del certificato di stato civile \u00e8 necessario inviare via posta (o via e-mail) la seguente documentazione:<br \/>\n\u2022 <a href=\"https:\/\/ambhelsinki.esteri.it\/wp-content\/uploads\/2024\/12\/Modulo_richiesta_di_certificato.pdf\">Modulo di richiesta<\/a>;<br \/>\n\u2022 Copia del documento d\u2019identit\u00e0 in corso di validit\u00e0 del richiedente;<br \/>\n\u2022 Ricevuta di pagamento dei diritti consolari pari a 6,00 euro (art. 02B);<br \/>\n\u2022 Busta preaffrancata per il peso di 50 grammi per la spedizione del certificato, se non viene ritirato presso l\u2019Ambasciata.<br \/>\nIl pagamento dei diritti consolari di Euro 6,00 per il rilascio del certificato di stato civile pu\u00f2 essere effettuato tramite bonifico bancario:<br \/>\nIntestatario: Italian Embassy Helsinki<br \/>\nCodice IBAN: FI40 1820 3000 0327 14<br \/>\nCodice SWIFT\/BIC: NDEAFIHH;<br \/>\nCausale: \u201cCertificato di stato civile\u201d &#8211; Cognome Nome;<br \/>\nNumero di riferimento: 18610 (facoltativo)<\/p>\n<p>Dopo la celebrazione del matrimonio, sar\u00e0 cura del cittadino italiano far pervenire all\u2019ufficio consolare l\u2019atto di matrimonio in originale per la relativa trascrizione in Italia.<\/p>\n<p><span style=\"text-decoration: underline;\"><strong>Richiesta di certificato di nulla osta al matrimonio<\/strong><\/span><\/p>\n<p>Il nulla osta al matrimonio pu\u00f2 essere rilasciato da questa Ambasciata a un cittadino italiano, residente in Finlandia o meno, che intende celebrare il matrimonio in Finlandia.<\/p>\n<p>Per la richiesta del certificato \u00e8 necessario inviare via posta (o via e-mail) la seguente documentazione:<br \/>\n\u2022 <a href=\"https:\/\/ambhelsinki.esteri.it\/wp-content\/uploads\/2024\/12\/Modulo_richiesta_nulla_osta_al_matrimonio_o_capacita_matrimoniale.pdf\">Modulo di richiesta<\/a><br \/>\n\u2022 Copia del documento d\u2019identit\u00e0 in corso di validit\u00e0 del richiedente;<br \/>\n\u2022 Ricevuta di pagamento dei diritti consolari pari a 6,00 euro (art. 02D);<br \/>\n\u2022 Busta preaffrancata per il peso di 50 grammi per la spedizione del certificato, se non viene ritirato presso l\u2019Ambasciata;<\/p>\n<p>Il pagamento dei diritti consolari di Euro 6,00 per il rilascio del certificato di nulla osta al matrimonio deve essere effettuato tramite bonifico bancario:<br \/>\nIntestatario: Italian Embassy Helsinki<br \/>\nCodice IBAN: FI40 1820 3000 0327 14<br \/>\nCodice SWIFT\/BIC: NDEAFIHH;<br \/>\nCausale: \u201cNulla osta al matrimonio\u201d &#8211; Cognome Nome;<br \/>\nNumero di riferimento: 18610 (facoltativo)<\/p>\n<p>Dopo la celebrazione del matrimonio, sar\u00e0 cura del cittadino italiano far pervenire all\u2019ufficio consolare l\u2019atto di matrimonio in originale per la relativa trascrizione in Italia.<\/p>\n<p><span style=\"text-decoration: underline;\"><strong>Richiesta di certificato di capacit\u00e0 matrimoniale<\/strong><\/span><\/p>\n<p>Il certificato di capacit\u00e0 matrimoniale viene rilasciato da questa Ambasciata ai cittadini italiani regolarmente residenti in Finlandia, registrati nello schedario consolare e\u00a0 iscritti all&#8217;AIRE (Anagrafe degli Italiani Residenti all\u2019Estero), che intendono celebrare il matrimonio in uno dei Paesi che hanno aderito alla Convenzione di Monaco del 1980: Austria, Germania, Grecia, Lussemburgo, Moldova, Paesi Bassi, Portogallo, Spagna, Svizzera, Turchia.<\/p>\n<p>Per la richiesta del certificato \u00e8 necessario inviare via posta (o via e-mail) la seguente documentazione:<br \/>\n\u2022 <a href=\"https:\/\/ambhelsinki.esteri.it\/wp-content\/uploads\/2024\/12\/Modulo_richiesta_nulla_osta_al_matrimonio_o_capacita_matrimoniale.pdf\">Modulo di richiesta<\/a><br \/>\n\u2022 Copia del documento d\u2019identit\u00e0 in corso di validit\u00e0 del richiedente e dell&#8217;altro nubendo;<br \/>\n\u2022 Certificato di stato civile dell\u2019altro nubendo, se cittadino straniero, opportunamente tradotto e legalizzato nei casi previsti;<br \/>\n\u2022 Ricevuta di pagamento dei diritti consolari pari a 6,00 euro (art. 02D);<br \/>\n\u2022 Busta preaffrancata per il peso di 50 grammi per la spedizione del certificato, se non viene ritirato presso l\u2019Ambasciata.<\/p>\n<p>Il pagamento dei diritti consolari di Euro 6,00 per il rilascio del certificato di capacit\u00e0 matrimoniale deve essere effettuato tramite bonifico bancario:<br \/>\nIntestatario: Italian Embassy Helsinki<br \/>\nCodice IBAN: FI40 1820 3000 0327 14<br \/>\nCodice SWIFT\/BIC: NDEAFIHH;<br \/>\nCausale: \u201cCapacit\u00e0 matrimoniale\u201d &#8211; Cognome Nome;<br \/>\nNumero di riferimento: 18610 (facoltativo)<\/p>\n<p>Dopo la celebrazione del matrimonio, sar\u00e0 cura del cittadino italiano far pervenire all\u2019ufficio consolare l\u2019atto di matrimonio in originale per la relativa trascrizione in Italia.<\/p>\n<p>&nbsp;<\/p>\n<p>Per ulteriori informazioni contattare l\u2019Ufficio consolare via e-mail all\u2019indirizzo consolato.helsinki(at)esteri.it.<\/p>\n","protected":false},"excerpt":{"rendered":"1. Matrimonio all&#8217;estero: richiesta di trascrizione dell\u2019atto di matrimonio celebrato all\u2019estero 2. Matrimonio all&#8217;estero: certificato di nulla osta al matrimonio o di capacit\u00e0 matrimoniale per celebrare il matrimonio all&#8217;estero 1. RICHIESTA DI TRASCRIZIONE DELL&#8217;ATTO DI MATRIMONIO CELEBRATO ALL&#8217;ESTERO Per avere valore in Italia, il matrimonio celebrato all&#8217;estero deve essere trascritto presso il Comune competente (Comune [&hellip;]","protected":false},"author":7,"featured_media":0,"parent":68,"menu_order":2,"comment_status":"closed","ping_status":"closed","template":"","meta":{"footnotes":""},"class_list":["post-435","page","type-page","status-publish","hentry"],"_links":{"self":[{"href":"https:\/\/ambhelsinki.esteri.it\/it\/wp-json\/wp\/v2\/pages\/435","targetHints":{"allow":["GET"]}}],"collection":[{"href":"https:\/\/ambhelsinki.esteri.it\/it\/wp-json\/wp\/v2\/pages"}],"about":[{"href":"https:\/\/ambhelsinki.esteri.it\/it\/wp-json\/wp\/v2\/types\/page"}],"author":[{"embeddable":true,"href":"https:\/\/ambhelsinki.esteri.it\/it\/wp-json\/wp\/v2\/users\/7"}],"replies":[{"embeddable":true,"href":"https:\/\/ambhelsinki.esteri.it\/it\/wp-json\/wp\/v2\/comments?post=435"}],"version-history":[{"count":7,"href":"https:\/\/ambhelsinki.esteri.it\/it\/wp-json\/wp\/v2\/pages\/435\/revisions"}],"predecessor-version":[{"id":4063,"href":"https:\/\/ambhelsinki.esteri.it\/it\/wp-json\/wp\/v2\/pages\/435\/revisions\/4063"}],"up":[{"embeddable":true,"href":"https:\/\/ambhelsinki.esteri.it\/it\/wp-json\/wp\/v2\/pages\/68"}],"wp:attachment":[{"href":"https:\/\/ambhelsinki.esteri.it\/it\/wp-json\/wp\/v2\/media?parent=435"}],"curies":[{"name":"wp","href":"https:\/\/api.w.org\/{rel}","templated":true}]}}