{"id":75,"date":"2023-04-11T18:20:20","date_gmt":"2023-04-11T16:20:20","guid":{"rendered":"https:\/\/ambasciatapraga.esteri.it\/?page_id=75"},"modified":"2026-02-12T12:02:49","modified_gmt":"2026-02-12T10:02:49","slug":"codice-fiscale","status":"publish","type":"page","link":"https:\/\/ambhelsinki.esteri.it\/it\/servizi-consolari-e-visti\/servizi-per-il-cittadino-italiano\/codice-fiscale\/","title":{"rendered":"Codice fiscale"},"content":{"rendered":"<p>Il codice fiscale, che costituisce lo strumento di identificazione del cittadino nei rapporti con gli enti e le amministrazioni pubbliche italiane, viene rilasciato dall\u2019Agenzia delle Entrate.<br \/>\nEsso pu\u00f2 essere richiesto all\u2019estero, sia dagli italiani che dagli stranieri, per il tramite dell\u2019Ufficio consolare.<br \/>\nL\u2019attribuzione del codice fiscale \u00e8 immediata ed avviene attraverso un apposito collegamento telematico con il servizio Fisconline dell\u2019Agenzia delle Entrate. Il tesserino verr\u00e0 successivamente spedito da quest\u2019ultima. I tempi di produzione del tesserino sono al momento di 2-3 mesi.<\/p>\n<p><strong>RICHIESTA PER I CITTADINI ITALIANI:<\/strong><\/p>\n<p>In via sperimentale, gli italiani iscritti all\u2019AIRE in Finlandia possono scaricare direttamente il certificato di attribuzione del codice fiscale tramite il\u00a0<a href=\"https:\/\/serviziconsolari.esteri.it\/ScoFE\/services\/service-info.sco?serviceId=95&amp;sCode=GCF#_blank\">Portale Fast It<\/a>.<\/p>\n<p><strong><em>Come?<\/em><\/strong><\/p>\n<ol>\n<li>Accedi al Portale Fast It;<\/li>\n<li>Clicca su \u201cAnagrafe Consolare e AIRE\u201d e poi su\u00a0<strong>\u201cAttribuzione Codice Fiscale\u201d;<\/strong><\/li>\n<li>Conferma i dati e avvia la richiesta;<\/li>\n<li>Scarica in autonomia (download) il certificato di attribuzione del Codice Fiscale.<\/li>\n<\/ol>\n<p><strong>Se non riesci a scaricare<\/strong>\u00a0il certificato di attribuzione del Codice Fiscale:<\/p>\n<ol>\n<li>Registrati sul\u00a0<a href=\"https:\/\/serviziconsolari.esteri.it\/#_blank\">portale FAST IT<\/a>, oppure accedi se hai gi\u00e0 un account attivo;<\/li>\n<li>Richiedi la \u201dAssociazione Online\u201d cliccando su \u201cAnagrafe Consolare e AIRE\u201d e poi su \u201cVisualizzare la propria scheda anagrafica\u201d;<\/li>\n<li>Entro 2 giorni lavorativi dalla richiesta, riceverai sulla tua casella di posta il messaggio di avvenuta associazione.<\/li>\n<li>Accedi nuovamente al portale e scarica il certificato.<\/li>\n<\/ol>\n<p>&nbsp;<\/p>\n<p><strong>RICHIESTA PER I CITTADINI STRANIERI:<\/strong><\/p>\n<p>Gli\u00a0<strong>STUDENTI<\/strong>\u00a0che necessitino il codice fiscale per la pre-iscrizione presso una Universit\u00e0 italiana possono richiederlo direttamente in Italia presso gli\u00a0<a href=\"https:\/\/www.agenziaentrate.gov.it\/portale\/siti-web-regionali\">Uffici dell\u2019Agenzia delle Entrate<\/a>\u00a0(<strong>studenti UE<\/strong>), oppure presso la Questura competente al momento della richiesta di Permesso di Soggiorno (<strong>studenti extra-UE<\/strong>). Per maggiori informazioni si rimanda a:\u00a0<a href=\"https:\/\/www.agenziaentrate.gov.it\/portale\/documents\/20143\/233505\/Folder_CodiceFiscaleStranieri_08+03+23.pdf\/218dc638-ced1-3b2d-f5f2-912686b1f7fe?t=1682082253716\">Agenzia delle Entrate<\/a>,\u00a0<a href=\"https:\/\/www.esteri.it\/it\/servizi-consolari-e-visti\/italiani-all-estero\/codice_fiscale\/\">Codice Fiscale \u2013 Ministero degli Affari Esteri e della Cooperazione Internazionale<\/a><\/p>\n<p>I cittadini stranieri che necessitino del codice fiscale per\u00a0<strong>ACQUISTO di immobili o per ALTRE ATTIVIT\u00e0 COMMERICALI\/FINANZIARIE<\/strong>\u00a0in Italia possono delegare un loro rappresentante a richiedere il codice fiscale all\u2019Agenzia delle Entrate per proprio conto.<\/p>\n<p>I\u00a0<strong>cittadini di Paesi UE che intendono SOGGIORNARE in Italia<\/strong>\u00a0possono chiedere il Codice fiscale presentando il modello AA4\/8 a un\u00a0<a href=\"https:\/\/www.agenziaentrate.gov.it\/portale\/siti-web-regionali\">Ufficio territoriale dell\u2019Agenzia delle Entrate<\/a>. La richiesta deve essere\u00a0motivata\u00a0e accompagnata da un\u00a0documento\u00a0in corso di validit\u00e0 (passaporto o carta d\u2019identit\u00e0 valida per l\u2019espatrio).<\/p>\n<p>Ai\u00a0<strong>cittadini di Paesi extra-UE che intendono SOGGIORNARE in Italia<\/strong>\u00a0il codice fiscale \u00e8 attribuito:<\/p>\n<p>\u2013 dallo Sportello unico per l\u2019Immigrazione, presente in ogni Prefettura e competente per il rilascio del nulla osta all\u2019ingresso ai cittadini stranieri che richiedono il permesso di soggiorno per lavoro dipendente o ricongiungimento familiare;<\/p>\n<p>\u2013 dalla Questura, ufficio della Polizia di Stato, per i cittadini stranieri che richiedono altre tipologie di permessi di soggiorno.<\/p>\n<p>Il cittadino straniero che necessiti il codice fiscale per\u00a0<strong>l\u2019avvio di un procedimento giudiziario in Italia<\/strong>\u00a0potr\u00e0 pu\u00f2 includere tra le deleghe attribuite all\u2019avvocato cui affida l\u2019incarico quella di richiedere il CF presso un qualunque\u00a0<a href=\"https:\/\/www.agenziaentrate.gov.it\/portale\/siti-web-regionali\">Ufficio territoriale dell\u2019Agenzia delle Entrate<\/a>.<\/p>\n<p><strong>Nei casi che non rientrano tra quelli suindicati<\/strong>, il codice fiscale pu\u00f2 essere richiesto all\u2019Ufficio consolare del Paese di residenza. A tal fine \u00e8 necessario presentare il\u00a0<strong><a href=\"https:\/\/www.agenziaentrate.gov.it\/portale\/documents\/20143\/278893\/modello+editabile+AA4_8_AA4-8+eng.pdf\/e614eda6-701e-c62f-76e5-bdfcd731060a\">modulo di richiesta<\/a><\/strong>\u00a0(<a href=\"https:\/\/ambhelsinki.esteri.it\/wp-content\/uploads\/2024\/07\/ITA-istruzioni-cf-AA48_istruzioni-modello-AA4-8.pdf\"><strong>istruzioni per la compilazione<\/strong><\/a>) compilato e sottoscritto, unitamente alla\u00a0copia di un documento d\u2019identit\u00e0.<br \/>\nLa documentazione va inviata alla sezione consolare dell\u2019Ambasciata\u00a0via e-mail\u00a0(consolato.helsinki(at)esteri.it), oppure\u00a0spedita via posta\u00a0a Italian Suurl\u00e4hetyst\u00f6, It\u00e4inen Puistotie 4 C, 00140 Helsinki. In quest\u2019ultimo caso \u00e8 necessario trascrivere l\u2018indirizzo email\u00a0al quale si desidera ricevere il certificato di attribuzione del codice fiscale.<\/p>\n<p>All\u2019interno del modulo si prega di indicare, nel quadro A, il \u201ccodice tipologia richiedente\u201d, selezionando il numero da 1 a 4 corrispondente alle seguenti motivazioni:<\/p>\n<p><em>Richiesta diretta (tipo \u201cD\u201d)<\/em><br \/>\n<em>01. Studente non residente per iscrizione scuola\/universit\u00e0<\/em><br \/>\n<em>02. Lavoratore non residente<\/em><br \/>\n<em>03. Soggetto temporaneamente presente sul territorio dello Stato<\/em><br \/>\n<em>04. Altre tipologie di richiesta diretta<\/em><\/p>\n<p>Al termine del procedimento, l\u2019Ufficio consolare invier\u00e0 via e-mail al richiedente una scansione del certificato di attribuzione del codice fiscale.<\/p>\n<p>Qualora il richiedente desiderasse il tesserino fisico, dovr\u00e0 far pervenire all\u2019Ufficio consolare una busta preaffrancata per la spedizione.<\/p>\n<p>&nbsp;<\/p>\n<ul>\n<li><a href=\"https:\/\/ambhelsinki.esteri.it\/wp-content\/uploads\/2023\/08\/FORM_A1.pdf\"><strong>Modulo di richiesta in lingua inglese<\/strong><\/a>;\u00a0<a href=\"https:\/\/ambhelsinki.esteri.it\/wp-content\/uploads\/2024\/07\/ITA-istruzioni-cf-AA48_istruzioni-modello-AA4-8.pdf\"><strong>istruzioni per la compilazione in lingua inglese<\/strong><\/a>.<\/li>\n<\/ul>\n","protected":false},"excerpt":{"rendered":"Il codice fiscale, che costituisce lo strumento di identificazione del cittadino nei rapporti con gli enti e le amministrazioni pubbliche italiane, viene rilasciato dall\u2019Agenzia delle Entrate. Esso pu\u00f2 essere richiesto all\u2019estero, sia dagli italiani che dagli stranieri, per il tramite dell\u2019Ufficio consolare. L\u2019attribuzione del codice fiscale \u00e8 immediata ed avviene attraverso un apposito collegamento telematico [&hellip;]","protected":false},"author":1,"featured_media":0,"parent":47,"menu_order":9,"comment_status":"closed","ping_status":"closed","template":"","meta":{"footnotes":""},"class_list":["post-75","page","type-page","status-publish","hentry"],"_links":{"self":[{"href":"https:\/\/ambhelsinki.esteri.it\/it\/wp-json\/wp\/v2\/pages\/75","targetHints":{"allow":["GET"]}}],"collection":[{"href":"https:\/\/ambhelsinki.esteri.it\/it\/wp-json\/wp\/v2\/pages"}],"about":[{"href":"https:\/\/ambhelsinki.esteri.it\/it\/wp-json\/wp\/v2\/types\/page"}],"author":[{"embeddable":true,"href":"https:\/\/ambhelsinki.esteri.it\/it\/wp-json\/wp\/v2\/users\/1"}],"replies":[{"embeddable":true,"href":"https:\/\/ambhelsinki.esteri.it\/it\/wp-json\/wp\/v2\/comments?post=75"}],"version-history":[{"count":7,"href":"https:\/\/ambhelsinki.esteri.it\/it\/wp-json\/wp\/v2\/pages\/75\/revisions"}],"predecessor-version":[{"id":4039,"href":"https:\/\/ambhelsinki.esteri.it\/it\/wp-json\/wp\/v2\/pages\/75\/revisions\/4039"}],"up":[{"embeddable":true,"href":"https:\/\/ambhelsinki.esteri.it\/it\/wp-json\/wp\/v2\/pages\/47"}],"wp:attachment":[{"href":"https:\/\/ambhelsinki.esteri.it\/it\/wp-json\/wp\/v2\/media?parent=75"}],"curies":[{"name":"wp","href":"https:\/\/api.w.org\/{rel}","templated":true}]}}